{"id":116,"date":"2015-11-11T11:41:31","date_gmt":"2015-11-11T11:41:31","guid":{"rendered":"http:\/\/prvimaj.hr\/?page_id=116"},"modified":"2024-12-05T08:01:59","modified_gmt":"2024-12-05T07:01:59","slug":"program-rada","status":"publish","type":"page","link":"https:\/\/prvimaj.hr\/?page_id=116","title":{"rendered":"Program rada 2024.-2027."},"content":{"rendered":"<p><a href=\"https:\/\/prvimaj.hr\/?page_id=45\" target=\"_blank\" rel=\"noopener\">Skup\u0161tina<\/a> trgova\u010dkog dru\u0161tva 1.MAJ d.o.o. izabire upravu na temelju predlo\u017eenih programa rada i razvoja. Ovdje je prilo\u017een va\u017ee\u0107i program rada i razvoja za teku\u0107e mandatno razdoblje <a href=\"https:\/\/www.zakon.hr\/z\/546\/Zakon-o-trgova%C4%8Dkim-dru%C5%A1tvima\" target=\"_blank\" rel=\"noopener\">uprave<\/a>:<\/p>\n<p><img src=\"https:\/\/prvimaj.hr\/wp-content\/uploads\/2015\/11\/pdfAttach2.png\" alt=\"pdfAttach\" \/> <a href=\"https:\/\/prvimaj.hr\/wp-content\/uploads\/2024\/01\/Program-rada-i-razvoja-2024-2028.pdf\" target=\"_blank\" rel=\"noopener\"><strong>Program rada za razdoblje od 2024. do 2027.<\/strong><\/a><\/p>\n","protected":false},"excerpt":{"rendered":"<p>Skup\u0161tina trgova\u010dkog dru\u0161tva 1.MAJ d.o.o. izabire upravu na temelju predlo\u017eenih programa rada i razvoja. Ovdje je prilo\u017een va\u017ee\u0107i program rada i razvoja za teku\u0107e mandatno razdoblje uprave: Program rada za razdoblje od 2024. do 2027.<\/p>\n","protected":false},"author":1,"featured_media":14767,"parent":20,"menu_order":9,"comment_status":"closed","ping_status":"closed","template":"","meta":[],"_links":{"self":[{"href":"https:\/\/prvimaj.hr\/index.php?rest_route=\/wp\/v2\/pages\/116"}],"collection":[{"href":"https:\/\/prvimaj.hr\/index.php?rest_route=\/wp\/v2\/pages"}],"about":[{"href":"https:\/\/prvimaj.hr\/index.php?rest_route=\/wp\/v2\/types\/page"}],"author":[{"embeddable":true,"href":"https:\/\/prvimaj.hr\/index.php?rest_route=\/wp\/v2\/users\/1"}],"replies":[{"embeddable":true,"href":"https:\/\/prvimaj.hr\/index.php?rest_route=%2Fwp%2Fv2%2Fcomments&post=116"}],"version-history":[{"count":11,"href":"https:\/\/prvimaj.hr\/index.php?rest_route=\/wp\/v2\/pages\/116\/revisions"}],"predecessor-version":[{"id":22825,"href":"https:\/\/prvimaj.hr\/index.php?rest_route=\/wp\/v2\/pages\/116\/revisions\/22825"}],"up":[{"embeddable":true,"href":"https:\/\/prvimaj.hr\/index.php?rest_route=\/wp\/v2\/pages\/20"}],"wp:featuredmedia":[{"embeddable":true,"href":"https:\/\/prvimaj.hr\/index.php?rest_route=\/wp\/v2\/media\/14767"}],"wp:attachment":[{"href":"https:\/\/prvimaj.hr\/index.php?rest_route=%2Fwp%2Fv2%2Fmedia&parent=116"}],"curies":[{"name":"wp","href":"https:\/\/api.w.org\/{rel}","templated":true}]}}