{"id":121,"date":"2015-11-11T11:42:34","date_gmt":"2015-11-11T11:42:34","guid":{"rendered":"http:\/\/prvimaj.hr\/?page_id=121"},"modified":"2026-02-24T13:00:16","modified_gmt":"2026-02-24T12:00:16","slug":"izvjestaj-o-poslovanju","status":"publish","type":"page","link":"https:\/\/prvimaj.hr\/?page_id=121","title":{"rendered":"Izvje\u0161\u0107a o poslovanju i Planovi poslovanja"},"content":{"rendered":"<p>Trgova\u010dko dru\u0161tvo 1.MAJ d.o.o. svake godine u posljednjem kvartalu priprema Plan poslovanja za idu\u0107u godinu, a tijekom godine priprema Izvje\u0161\u0107e o poslovanju za prethodnu godinu. Na ovoj stranici mo\u017eete prona\u0107i <span style=\"color: #ff0000;\"><strong>Planove poslovanja od 2016. do 2026.<\/strong><\/span> godine, te <strong><span style=\"color: #ff0000;\">Izvje\u0161\u0107a o poslovanju od 2011. do 2024.<\/span><\/strong> godine. Izvje\u0161\u0107e o poslovanju za 2025. godinu biti \u0107e objavljeno u prvom kvartalu 2026. godine. Svi dokumenti od 2017. godine na dalje dostupni su i u strojno \u010ditljivom obliku (OpenDocument).<\/p>\n<hr \/>\n<h3>2026.<\/h3>\n<p><img src=\"https:\/\/prvimaj.hr\/wp-content\/uploads\/2015\/11\/pdfAttach2.png\" alt=\"pdfAttach\" \/> <a href=\"https:\/\/prvimaj.hr\/wp-content\/uploads\/2026\/02\/Plan-poslovanja-za-2026..pdf\" target=\"_blank\" rel=\"noopener\">Plan poslovanja za 2026. godinu<\/a><\/p>\n<p><img loading=\"lazy\" class=\"\" src=\"https:\/\/m.media-amazon.com\/images\/I\/31fx64G3SZL.png\" alt=\"Open Document Pro ODF - Open Document Reader - ODT - OpenDocument  Reader:Amazon.com:Appstore for Android\" width=\"50\" height=\"50\" \/> <a href=\"https:\/\/prvimaj.hr\/wp-content\/uploads\/2026\/02\/Plan-poslovanja-za-2026.-open.odt\">Plan poslovanja za 2026. godinu u strojno \u010ditljivom obliku (OpenDocument)<\/a><\/p>\n<hr \/>\n<h3>2025.<\/h3>\n<p><img src=\"https:\/\/prvimaj.hr\/wp-content\/uploads\/2015\/11\/pdfAttach2.png\" alt=\"pdfAttach\" \/> <a href=\"https:\/\/prvimaj.hr\/wp-content\/uploads\/2024\/12\/Plan-poslovanja-za-2025._2.12.2024..pdf\" target=\"_blank\" rel=\"noopener\">Plan poslovanja za 2025. godinu<\/a><\/p>\n<p><img loading=\"lazy\" class=\"\" src=\"https:\/\/m.media-amazon.com\/images\/I\/31fx64G3SZL.png\" alt=\"Open Document Pro ODF - Open Document Reader - ODT - OpenDocument  Reader:Amazon.com:Appstore for Android\" width=\"50\" height=\"50\" \/> <a href=\"https:\/\/prvimaj.hr\/wp-content\/uploads\/2024\/12\/Plan-poslovanja-za-2025._2.12.2024..odt\" target=\"_blank\" rel=\"noopener\">Plan poslovanja za 2025. godinu u strojno \u010ditljivom obliku (OpenDocument)<\/a><\/p>\n<hr \/>\n<h3>2024.<\/h3>\n<p><img src=\"https:\/\/prvimaj.hr\/wp-content\/uploads\/2015\/11\/pdfAttach2.png\" alt=\"pdfAttach\" \/> <a href=\"https:\/\/prvimaj.hr\/wp-content\/uploads\/2025\/07\/IZVJESCE-O-POSLOVANJU-2024._16.4.2025..pdf\" target=\"_blank\" rel=\"noopener\">Izvje\u0161\u0107e o poslovanju za 2024. godinu<\/a><\/p>\n<p><img loading=\"lazy\" class=\"\" src=\"https:\/\/m.media-amazon.com\/images\/I\/31fx64G3SZL.png\" alt=\"Open Document Pro ODF - Open Document Reader - ODT - OpenDocument  Reader:Amazon.com:Appstore for Android\" width=\"43\" height=\"43\" \/> <a href=\"https:\/\/prvimaj.hr\/wp-content\/uploads\/2025\/07\/IZVJESCE-O-POSLOVANJU-2024._16.4.2025..odt\">Izvje\u0161\u0107e o poslovanju za 2024. godinu u strojno \u010ditljivom obliku (OpenDocument)<\/a><\/p>\n<p><img src=\"https:\/\/prvimaj.hr\/wp-content\/uploads\/2015\/11\/pdfAttach2.png\" alt=\"pdfAttach\" \/> <a href=\"https:\/\/prvimaj.hr\/wp-content\/uploads\/2023\/12\/Plan-poslovanja-za-2024._12.12.2023..pdf\" target=\"_blank\" rel=\"noopener\">Plan poslovanja za 2024. godinu<\/a><\/p>\n<p><img loading=\"lazy\" class=\"\" src=\"https:\/\/m.media-amazon.com\/images\/I\/31fx64G3SZL.png\" alt=\"Open Document Pro ODF - Open Document Reader - ODT - OpenDocument  Reader:Amazon.com:Appstore for Android\" width=\"50\" height=\"50\" \/> <a href=\"https:\/\/prvimaj.hr\/wp-content\/uploads\/2023\/12\/Plan-poslovanja-za-2024._12.12.2023.odt\" target=\"_blank\" rel=\"noopener\">Plan poslovanja za 2024. godinu u strojno \u010ditljivom obliku (OpenDocument)<\/a><\/p>\n<hr \/>\n<h3>2023.<\/h3>\n<p><img src=\"https:\/\/prvimaj.hr\/wp-content\/uploads\/2015\/11\/pdfAttach2.png\" alt=\"pdfAttach\" \/> <a href=\"https:\/\/prvimaj.hr\/wp-content\/uploads\/2024\/06\/Izvjesce-o-poslovanju-2023-i-odluke.pdf\" target=\"_blank\" rel=\"noopener\">Izvje\u0161\u0107e o poslovanju za 2023. godinu<\/a><\/p>\n<p><img loading=\"lazy\" class=\"\" src=\"https:\/\/m.media-amazon.com\/images\/I\/31fx64G3SZL.png\" alt=\"Open Document Pro ODF - Open Document Reader - ODT - OpenDocument  Reader:Amazon.com:Appstore for Android\" width=\"50\" height=\"50\" \/>\u00a0<a href=\"https:\/\/prvimaj.hr\/wp-content\/uploads\/2024\/06\/IZVJESCE-O-POSLOVANJU-2023..odt\">Izvje\u0161\u0107e o poslovanju za 2023. godinu u strojno \u010ditljivom obliku (OpenDocument)<\/a><\/p>\n<p><img src=\"https:\/\/prvimaj.hr\/wp-content\/uploads\/2015\/11\/pdfAttach2.png\" alt=\"pdfAttach\" \/>\u00a0<a href=\"https:\/\/prvimaj.hr\/wp-content\/uploads\/2023\/01\/Plan-poslovanja-za-2023.-EUR_13.12.2022..pdf\" target=\"_blank\" rel=\"noopener\">Plan poslovanja za 2023. godinu<\/a><\/p>\n<p><img loading=\"lazy\" class=\"\" src=\"https:\/\/m.media-amazon.com\/images\/I\/31fx64G3SZL.png\" alt=\"Open Document Pro ODF - Open Document Reader - ODT - OpenDocument  Reader:Amazon.com:Appstore for Android\" width=\"50\" height=\"50\" \/>\u00a0<a href=\"https:\/\/prvimaj.hr\/wp-content\/uploads\/2023\/01\/Plan-poslovanja-za-2023.-EUR_13.12.2022.odt\" target=\"_blank\" rel=\"noopener\">Plan poslovanja za 2023. godinu u strojno \u010ditljivom obliku (OpenDocument)<\/a><\/p>\n<hr \/>\n<h3>2022.<\/h3>\n<p><img src=\"https:\/\/prvimaj.hr\/wp-content\/uploads\/2015\/11\/pdfAttach2.png\" alt=\"pdfAttach\" \/> <a href=\"https:\/\/prvimaj.hr\/wp-content\/uploads\/2023\/08\/1.MAJ-d.o.o._Izvjesce-o-poslovanju-2002.-finalno.pdf\" target=\"_blank\" rel=\"noopener\">Izvje\u0161\u0107e o poslovanju za 2022. godinu<\/a><\/p>\n<p><img loading=\"lazy\" class=\"\" src=\"https:\/\/m.media-amazon.com\/images\/I\/31fx64G3SZL.png\" alt=\"Open Document Pro ODF - Open Document Reader - ODT - OpenDocument  Reader:Amazon.com:Appstore for Android\" width=\"50\" height=\"50\" \/>\u00a0<a href=\"https:\/\/prvimaj.hr\/wp-content\/uploads\/2023\/06\/Izvjesce-o-poslovanju-2022.g.-open.odt\" target=\"_blank\" rel=\"noopener\">Izvje\u0161\u0107e o poslovanju za 2022. godinu u strojno \u010ditljivom obliku (OpenDocument)<\/a><\/p>\n<p><img src=\"https:\/\/prvimaj.hr\/wp-content\/uploads\/2015\/11\/pdfAttach2.png\" alt=\"pdfAttach\" \/>\u00a0<a href=\"https:\/\/prvimaj.hr\/wp-content\/uploads\/2021\/12\/Plan-poslovanja-za-2022.-godinu.pdf\" target=\"_blank\" rel=\"noopener\">Plan poslovanja za 2022. godinu<\/a><\/p>\n<p><img loading=\"lazy\" class=\"\" src=\"https:\/\/m.media-amazon.com\/images\/I\/31fx64G3SZL.png\" alt=\"Open Document Pro ODF - Open Document Reader - ODT - OpenDocument  Reader:Amazon.com:Appstore for Android\" width=\"50\" height=\"50\" \/>\u00a0<a href=\"https:\/\/prvimaj.hr\/wp-content\/uploads\/2021\/12\/Plan-poslovanja-za-2022..odt\" target=\"_blank\" rel=\"noopener\">Plan poslovanja za 2022. godinu u strojno \u010ditljivom obliku (OpenDocument)<\/a><\/p>\n<hr \/>\n<h3>2021.<\/h3>\n<p><img src=\"https:\/\/prvimaj.hr\/wp-content\/uploads\/2015\/11\/pdfAttach2.png\" alt=\"pdfAttach\" \/> <a href=\"https:\/\/prvimaj.hr\/wp-content\/uploads\/2022\/06\/Izvjesce-o-poslovanju-za-2021.-godinu.pdf\" target=\"_blank\" rel=\"noopener\">Izvje\u0161\u0107e o poslovanju za 2021. godinu<\/a><\/p>\n<p><img loading=\"lazy\" class=\"\" src=\"https:\/\/m.media-amazon.com\/images\/I\/31fx64G3SZL.png\" alt=\"Open Document Pro ODF - Open Document Reader - ODT - OpenDocument  Reader:Amazon.com:Appstore for Android\" width=\"50\" height=\"50\" \/>\u00a0<a href=\"https:\/\/prvimaj.hr\/wp-content\/uploads\/2022\/06\/Izvjesce-o-poslovanju-za-2021.-godinu.odt\" target=\"_blank\" rel=\"noopener\">Izvje\u0161\u0107e o poslovanju za 2021. godinu u strojno \u010ditljivom obliku (OpenDocument)<\/a><\/p>\n<p><img src=\"https:\/\/prvimaj.hr\/wp-content\/uploads\/2015\/11\/pdfAttach2.png\" alt=\"pdfAttach\" \/>\u00a0<a href=\"https:\/\/prvimaj.hr\/wp-content\/uploads\/2020\/12\/Plan-poslovanja-za-2021..pdf\" target=\"_blank\" rel=\"noopener\">Plan poslovanja za 2021. godinu<\/a><\/p>\n<p><img loading=\"lazy\" class=\"\" src=\"https:\/\/m.media-amazon.com\/images\/I\/31fx64G3SZL.png\" alt=\"Open Document Pro ODF - Open Document Reader - ODT - OpenDocument  Reader:Amazon.com:Appstore for Android\" width=\"50\" height=\"50\" \/>\u00a0<a href=\"https:\/\/prvimaj.hr\/wp-content\/uploads\/2020\/12\/Plan-poslovanja-za-2021.odt\" target=\"_blank\" rel=\"noopener\">Plan poslovanja za 2021. godinu u strojno \u010ditljivom obliku (OpenDocument)<\/a><\/p>\n<hr \/>\n<h3>2020.<\/h3>\n<p><img src=\"https:\/\/prvimaj.hr\/wp-content\/uploads\/2015\/11\/pdfAttach2.png\" alt=\"pdfAttach\" \/> <a href=\"https:\/\/prvimaj.hr\/wp-content\/uploads\/2021\/05\/Izvjesce-o-poslovanju-za-2020.-godinu.pdf\" target=\"_blank\" rel=\"noopener\">Izvje\u0161\u0107e o poslovanju za 2020. godinu<\/a><\/p>\n<p><img loading=\"lazy\" class=\"\" src=\"https:\/\/m.media-amazon.com\/images\/I\/31fx64G3SZL.png\" alt=\"Open Document Pro ODF - Open Document Reader - ODT - OpenDocument  Reader:Amazon.com:Appstore for Android\" width=\"50\" height=\"50\" \/>\u00a0<a href=\"https:\/\/prvimaj.hr\/wp-content\/uploads\/2021\/05\/IZVJESCE-O-POSLOVANJU-2020.odt\" target=\"_blank\" rel=\"noopener\">Izvje\u0161\u0107e o poslovanju za 2020. godinu u strojno \u010ditljivom obliku (OpenDocument)<\/a><\/p>\n<p><img src=\"https:\/\/prvimaj.hr\/wp-content\/uploads\/2015\/11\/pdfAttach2.png\" alt=\"pdfAttach\" \/>\u00a0<a href=\"https:\/\/prvimaj.hr\/wp-content\/uploads\/2019\/11\/Plan-poslovanja-za-2020.-godinu.pdf\" target=\"_blank\" rel=\"noopener\">Plan poslovanja za 2020. godinu<\/a><\/p>\n<p><img loading=\"lazy\" class=\"\" src=\"https:\/\/m.media-amazon.com\/images\/I\/31fx64G3SZL.png\" alt=\"Open Document Pro ODF - Open Document Reader - ODT - OpenDocument  Reader:Amazon.com:Appstore for Android\" width=\"50\" height=\"50\" \/>\u00a0<a href=\"https:\/\/prvimaj.hr\/wp-content\/uploads\/2020\/09\/PLAN-POSLOVANJA-ZA-2020.odt\" target=\"_blank\" rel=\"noopener\">Plan poslovanja za 2020. godinu u strojno \u010ditljivom obliku (OpenDocument)<\/a><\/p>\n<hr \/>\n<h3>2019.<\/h3>\n<p><img src=\"https:\/\/prvimaj.hr\/wp-content\/uploads\/2015\/11\/pdfAttach2.png\" alt=\"pdfAttach\" \/>\u00a0 <a href=\"https:\/\/prvimaj.hr\/wp-content\/uploads\/2020\/05\/Izvje\u0161\u0107e-o-poslovanju-za-2019.-godinu-sa-odlukama.pdf\" target=\"_blank\" rel=\"noopener\">Izvje\u0161\u0107e o poslovanju za 2019. godinu<\/a><\/p>\n<p><img loading=\"lazy\" class=\"\" src=\"https:\/\/m.media-amazon.com\/images\/I\/31fx64G3SZL.png\" alt=\"Open Document Pro ODF - Open Document Reader - ODT - OpenDocument  Reader:Amazon.com:Appstore for Android\" width=\"50\" height=\"50\" \/>\u00a0<a href=\"https:\/\/prvimaj.hr\/wp-content\/uploads\/2020\/09\/Izvje\u0161\u0107e-2019.-strojno-\u010ditljivo.odt\" target=\"_blank\" rel=\"noopener\">Izvje\u0161\u0107e o poslovanju za 2019. godinu u strojno \u010ditljivom obliku (OpenDocument)<\/a><\/p>\n<p><img src=\"https:\/\/prvimaj.hr\/wp-content\/uploads\/2015\/11\/pdfAttach2.png\" alt=\"pdfAttach\" \/>\u00a0<a href=\"https:\/\/prvimaj.hr\/wp-content\/uploads\/2018\/12\/PLAN-POSLOVANJA-ZA-2019..pdf\" target=\"_blank\" rel=\"noopener\">Plan poslovanja za 2019. godinu<\/a><\/p>\n<p><img loading=\"lazy\" class=\"\" src=\"https:\/\/m.media-amazon.com\/images\/I\/31fx64G3SZL.png\" alt=\"Open Document Pro ODF - Open Document Reader - ODT - OpenDocument  Reader:Amazon.com:Appstore for Android\" width=\"50\" height=\"50\" \/>\u00a0<a href=\"https:\/\/prvimaj.hr\/wp-content\/uploads\/2020\/09\/PLAN-POSLOVANJA-2019.odt\" target=\"_blank\" rel=\"noopener\">Plan za 2019. godinu u strojno \u010ditljivom obliku (OpenDocument)<\/a><\/p>\n<hr \/>\n<h3>2018.<\/h3>\n<p><img src=\"https:\/\/prvimaj.hr\/wp-content\/uploads\/2015\/11\/pdfAttach2.png\" alt=\"pdfAttach\" \/>\u00a0<a href=\"https:\/\/prvimaj.hr\/wp-content\/uploads\/2019\/05\/Izvje\u0161\u0107e-o-poslovanju-za-2018.-godinu.pdf\" target=\"_blank\" rel=\"noopener\">Izvje\u0161\u0107e o poslovanju za 2018. godinu<\/a><\/p>\n<p><img loading=\"lazy\" class=\"\" src=\"https:\/\/m.media-amazon.com\/images\/I\/31fx64G3SZL.png\" alt=\"Open Document Pro ODF - Open Document Reader - ODT - OpenDocument  Reader:Amazon.com:Appstore for Android\" width=\"50\" height=\"50\" \/>\u00a0<a href=\"https:\/\/prvimaj.hr\/wp-content\/uploads\/2020\/09\/Izvje\u0161\u0107e-2018.odt\" target=\"_blank\" rel=\"noopener\">Izvje\u0161\u0107e o poslovanju za 2018. godinu u strojno \u010ditljivom obliku (OpenDocument)<\/a><\/p>\n<p><img src=\"https:\/\/prvimaj.hr\/wp-content\/uploads\/2015\/11\/pdfAttach2.png\" alt=\"pdfAttach\" \/>\u00a0<a href=\"https:\/\/prvimaj.hr\/wp-content\/uploads\/2015\/11\/Plan-poslovanja-za-2018.-godinu.pdf\" target=\"_blank\" rel=\"noopener\">Plan poslovanja za 2018. godinu<\/a><\/p>\n<p><img loading=\"lazy\" class=\"\" src=\"https:\/\/m.media-amazon.com\/images\/I\/31fx64G3SZL.png\" alt=\"Open Document Pro ODF - Open Document Reader - ODT - OpenDocument  Reader:Amazon.com:Appstore for Android\" width=\"50\" height=\"50\" \/>\u00a0<a href=\"https:\/\/prvimaj.hr\/wp-content\/uploads\/2020\/09\/Plan-poslovanja-2018-.odt\" target=\"_blank\" rel=\"noopener\">Plan poslovanja za 2018. godinu u strojno \u010ditljivom obliku (OpenDocument)<\/a><\/p>\n<hr \/>\n<h3>2017.<\/h3>\n<p><img src=\"https:\/\/prvimaj.hr\/wp-content\/uploads\/2015\/11\/pdfAttach2.png\" alt=\"pdfAttach\" \/>\u00a0 <a href=\"https:\/\/prvimaj.hr\/wp-content\/uploads\/2015\/11\/Izvje\u0161taj-o-poslovanju-2017.-1.MAJ-d.o.o..pdf\" target=\"_blank\" rel=\"noopener\">Izvje\u0161\u0107e o poslovanju za 2017. godinu<\/a><\/p>\n<p><img loading=\"lazy\" class=\"\" src=\"https:\/\/m.media-amazon.com\/images\/I\/31fx64G3SZL.png\" alt=\"Open Document Pro ODF - Open Document Reader - ODT - OpenDocument  Reader:Amazon.com:Appstore for Android\" width=\"50\" height=\"50\" \/>\u00a0<a href=\"https:\/\/prvimaj.hr\/wp-content\/uploads\/2020\/09\/Izvje\u0161taj-2017.odt\" target=\"_blank\" rel=\"noopener\">Izvje\u0161\u0107e o poslovanju za 2017. godinu u strojno \u010ditljivom obliku (OpenDocument)<\/a><\/p>\n<p><img src=\"https:\/\/prvimaj.hr\/wp-content\/uploads\/2015\/11\/pdfAttach2.png\" alt=\"pdfAttach\" \/>\u00a0\u00a0<a href=\"https:\/\/prvimaj.hr\/wp-content\/uploads\/2015\/11\/Plan-poslovanja-za-2017_FINAL.pdf\" target=\"_blank\" rel=\"noopener\">Plan poslovanja za 2017. godinu<\/a><\/p>\n<p><img loading=\"lazy\" class=\"\" src=\"https:\/\/m.media-amazon.com\/images\/I\/31fx64G3SZL.png\" alt=\"Open Document Pro ODF - Open Document Reader - ODT - OpenDocument  Reader:Amazon.com:Appstore for Android\" width=\"50\" height=\"50\" \/>\u00a0<a href=\"https:\/\/prvimaj.hr\/wp-content\/uploads\/2020\/09\/Plan-poslovanja-2017.odt\" target=\"_blank\" rel=\"noopener\">Plan poslovanja za 2017. godinu u strojno \u010ditljivom obliku (OpenDocument)<\/a><\/p>\n<hr \/>\n<h3>2016.<\/h3>\n<p><img src=\"https:\/\/prvimaj.hr\/wp-content\/uploads\/2015\/11\/pdfAttach2.png\" alt=\"pdfAttach\" \/>\u00a0<a href=\"https:\/\/prvimaj.hr\/wp-content\/uploads\/2015\/11\/Izvje\u0161taj-o-poslovanju_2016.pdf\" target=\"_blank\" rel=\"noopener\">Izvje\u0161\u0107e o poslovanju za 2016. godinu<\/a><\/p>\n<p><a href=\"https:\/\/prvimaj.hr\/wp-content\/uploads\/2015\/11\/pdfAttach2.png\"><img loading=\"lazy\" class=\"alignnone wp-image-103\" src=\"https:\/\/prvimaj.hr\/wp-content\/uploads\/2015\/11\/pdfAttach2.png\" alt=\"pdfAttach\" width=\"44\" height=\"60\" \/><\/a>\u00a0<a href=\"https:\/\/prvimaj.hr\/wp-content\/uploads\/2015\/11\/Plan-poslovanja-za-2016..pdf\">Plan poslovanja za 2016. godinu<\/a><\/p>\n<p><img src=\"https:\/\/prvimaj.hr\/wp-content\/uploads\/2015\/11\/pdfAttach2.png\" alt=\"pdfAttach\" \/>\u00a0<a href=\"https:\/\/prvimaj.hr\/wp-content\/uploads\/2015\/11\/Izvje\u0161\u0107e-o-radu-31.1.2017-final..pdf\" target=\"_blank\" rel=\"noopener\">Izvje\u0161\u0107e o radu davatelja usluge za 2016. godinu<\/a><\/p>\n<hr \/>\n<h3>2015.<\/h3>\n<p><a href=\"https:\/\/prvimaj.hr\/wp-content\/uploads\/2015\/11\/pdfAttach2.png\"><img loading=\"lazy\" class=\"alignnone wp-image-103\" src=\"https:\/\/prvimaj.hr\/wp-content\/uploads\/2015\/11\/pdfAttach2.png\" alt=\"pdfAttach\" width=\"44\" height=\"60\" \/>\u00a0 <\/a><a href=\"https:\/\/prvimaj.hr\/?attachment_id=2171\" rel=\"attachment wp-att-2171\">Izvje\u0161\u0107e o poslovanju za 2015. godinu<\/a><\/p>\n<p><a href=\"https:\/\/prvimaj.hr\/wp-content\/uploads\/2015\/11\/pdfAttach2.png\"><img loading=\"lazy\" class=\"alignnone wp-image-103\" src=\"https:\/\/prvimaj.hr\/wp-content\/uploads\/2015\/11\/pdfAttach2.png\" alt=\"pdfAttach\" width=\"44\" height=\"60\" \/><\/a>\u00a0<a href=\"https:\/\/prvimaj.hr\/wp-content\/uploads\/2015\/11\/Izvje\u0161\u0107e-o-radu-davatelja-usluge_31.01.2016..pdf\">Izvje\u0161\u0107e o radu davatelja usluge za 2015. godinu<\/a><\/p>\n<hr \/>\n<h3>2014.<\/h3>\n<p><a href=\"https:\/\/prvimaj.hr\/wp-content\/uploads\/2015\/11\/1_10_izvjestaj2014.pdf\" target=\"_blank\" rel=\"noopener\"><img loading=\"lazy\" class=\"alignnone size-full wp-image-103\" style=\"margin-right: 10px;\" src=\"https:\/\/prvimaj.hr\/wp-content\/uploads\/2015\/11\/pdfAttach2.png\" alt=\"pdfAttach\" width=\"44\" height=\"60\" \/> Izvje\u0161\u0107e o poslovanju za 2014. godinu<\/a><\/p>\n<hr \/>\n<h3>2013.<\/h3>\n<p><a href=\"https:\/\/prvimaj.hr\/wp-content\/uploads\/2015\/11\/1_10_izvjestaj2013.pdf\" target=\"_blank\" rel=\"noopener\"> <img loading=\"lazy\" class=\"alignnone size-full wp-image-103\" style=\"margin-right: 10px;\" src=\"https:\/\/prvimaj.hr\/wp-content\/uploads\/2015\/11\/pdfAttach2.png\" alt=\"pdfAttach\" width=\"44\" height=\"60\" \/> Izvje\u0161\u0107e o poslovanju za 2013. godinu<\/a><\/p>\n<hr \/>\n<h3>2012.<\/h3>\n<p><a href=\"https:\/\/prvimaj.hr\/wp-content\/uploads\/2015\/11\/1_10_izvjestaj2012.pdf\" target=\"_blank\" rel=\"noopener\"> <img loading=\"lazy\" class=\"alignnone size-full wp-image-103\" style=\"margin-right: 10px;\" src=\"https:\/\/prvimaj.hr\/wp-content\/uploads\/2015\/11\/pdfAttach2.png\" alt=\"pdfAttach\" width=\"44\" height=\"60\" \/> Izvje\u0161\u0107e o poslovanju za 2012. godinu<\/a><\/p>\n<hr \/>\n<h3>2011.<\/h3>\n<p><a href=\"https:\/\/prvimaj.hr\/wp-content\/uploads\/2015\/11\/1_10_izvjestaj2011.pdf\" target=\"_blank\" rel=\"noopener\"> <img loading=\"lazy\" class=\"alignnone size-full wp-image-103\" style=\"margin-right: 10px;\" src=\"https:\/\/prvimaj.hr\/wp-content\/uploads\/2015\/11\/pdfAttach2.png\" alt=\"pdfAttach\" width=\"44\" height=\"60\" \/> Izvje\u0161\u0107e o poslovanju za 2011. godinu<\/a><\/p>\n","protected":false},"excerpt":{"rendered":"<p>Trgova\u010dko dru\u0161tvo 1.MAJ d.o.o. svake godine u posljednjem kvartalu priprema Plan poslovanja za idu\u0107u godinu, a tijekom godine priprema Izvje\u0161\u0107e o poslovanju za prethodnu godinu. Na ovoj stranici mo\u017eete prona\u0107i Planove poslovanja od 2016. do 2026. godine, te Izvje\u0161\u0107a o poslovanju od 2011. do 2024. godine. Izvje\u0161\u0107e o poslovanju za 2025. godinu biti \u0107e objavljeno [&hellip;]<\/p>\n","protected":false},"author":1,"featured_media":14770,"parent":20,"menu_order":10,"comment_status":"closed","ping_status":"closed","template":"","meta":[],"_links":{"self":[{"href":"https:\/\/prvimaj.hr\/index.php?rest_route=\/wp\/v2\/pages\/121"}],"collection":[{"href":"https:\/\/prvimaj.hr\/index.php?rest_route=\/wp\/v2\/pages"}],"about":[{"href":"https:\/\/prvimaj.hr\/index.php?rest_route=\/wp\/v2\/types\/page"}],"author":[{"embeddable":true,"href":"https:\/\/prvimaj.hr\/index.php?rest_route=\/wp\/v2\/users\/1"}],"replies":[{"embeddable":true,"href":"https:\/\/prvimaj.hr\/index.php?rest_route=%2Fwp%2Fv2%2Fcomments&post=121"}],"version-history":[{"count":57,"href":"https:\/\/prvimaj.hr\/index.php?rest_route=\/wp\/v2\/pages\/121\/revisions"}],"predecessor-version":[{"id":25197,"href":"https:\/\/prvimaj.hr\/index.php?rest_route=\/wp\/v2\/pages\/121\/revisions\/25197"}],"up":[{"embeddable":true,"href":"https:\/\/prvimaj.hr\/index.php?rest_route=\/wp\/v2\/pages\/20"}],"wp:featuredmedia":[{"embeddable":true,"href":"https:\/\/prvimaj.hr\/index.php?rest_route=\/wp\/v2\/media\/14770"}],"wp:attachment":[{"href":"https:\/\/prvimaj.hr\/index.php?rest_route=%2Fwp%2Fv2%2Fmedia&parent=121"}],"curies":[{"name":"wp","href":"https:\/\/api.w.org\/{rel}","templated":true}]}}