{"id":17,"date":"2015-11-06T12:12:01","date_gmt":"2015-11-06T12:12:01","guid":{"rendered":"http:\/\/prvimaj.hr\/?page_id=17"},"modified":"2026-04-29T10:27:52","modified_gmt":"2026-04-29T09:27:52","slug":"kontakt","status":"publish","type":"page","link":"https:\/\/prvimaj.hr\/?page_id=17","title":{"rendered":"Kontakt"},"content":{"rendered":"<div style=\"float: left;\">\n\n<!-- Fast Secure Contact Form plugin 4.0.52 - begin - FastSecureContactForm.com -->\r\n<div style=\"clear:both;\"><\/div>\n<p>Komentari i pitanja su dobro do\u0161li.<\/p>\r\n<div id=\"FSContact1\" style=\"width:99%; max-width:555px;\">\r\n<form action=\"https:\/\/prvimaj.hr\/index.php?rest_route=%2Fwp%2Fv2%2Fpages%2F17#FSContact1\" id=\"fscf_form1\" method=\"post\">\r\n\n<div id=\"fscf_required1\">\n  <span style=\"text-align:left;\">*<\/span> <span style=\"text-align:left;\">obavezno polje<\/span>\n<\/div>\n\n\n<div id=\"fscf_div_clear1_0\" style=\"clear:both;\">\n  <div id=\"fscf_div_field1_0\" style=\"clear:left; float:left; width:99%; max-width:550px; margin-right:10px;\">\r\n    <div style=\"text-align:left; padding-top:5px;\">\n      <label style=\"text-align:left;\" for=\"fscf_name1\">Ime i prezime:<span style=\"text-align:left;\">*<\/span><\/label>\n    <\/div>\r\n    <div style=\"text-align:left;\">\r\n      <input style=\"text-align:left; margin:0; width:99%; max-width:250px;\" type=\"text\" id=\"fscf_name1\" name=\"full_name\" value=\"\"  \/>\r\n    <\/div>\r\n  <\/div>\n<\/div>\n\n<div id=\"fscf_div_clear1_1\" style=\"clear:both;\">\n  <div id=\"fscf_div_field1_1\" style=\"clear:left; float:left; width:99%; max-width:550px; margin-right:10px;\">\n    <div style=\"text-align:left; padding-top:5px;\">\n      <label style=\"text-align:left;\" for=\"fscf_email1\">Email:<span style=\"text-align:left;\">*<\/span><\/label>\n    <\/div>\n    <div style=\"text-align:left;\">\n      <input style=\"text-align:left; margin:0; width:99%; max-width:250px;\" type=\"text\" id=\"fscf_email1\" name=\"email\" value=\"\"  \/>\n    <\/div>\n  <\/div>\n<\/div>\n\n<div id=\"fscf_div_clear1_2\" style=\"clear:both;\">\n  <div id=\"fscf_div_field1_2\" style=\"clear:left; float:left; width:99%; max-width:550px; margin-right:10px;\">\n    <div style=\"text-align:left; padding-top:5px;\">\n      <label style=\"text-align:left;\" for=\"fscf_field1_2\">Predmet:<span style=\"text-align:left;\">*<\/span><\/label>\n    <\/div>\n    <div style=\"text-align:left;\">\n      <input style=\"text-align:left; margin:0; width:99%; max-width:250px;\" type=\"text\" id=\"fscf_field1_2\" name=\"subject\" value=\"\"  \/>\n    <\/div>\n  <\/div>\n<\/div>\n\n<div id=\"fscf_div_clear1_3\" style=\"clear:both;\">\n  <div id=\"fscf_div_field1_3\" style=\"clear:left; float:left; width:99%; max-width:550px; margin-right:10px;\">\n    <div style=\"text-align:left; padding-top:5px;\">\n      <label style=\"text-align:left;\" for=\"fscf_field1_3\">Poruka:<span style=\"text-align:left;\">*<\/span><\/label>\n    <\/div>\n    <div style=\"text-align:left;\">\n      <textarea style=\"text-align:left; margin:0; width:99%; max-width:250px; height:120px;\" id=\"fscf_field1_3\" name=\"message\" cols=\"30\" rows=\"10\" ><\/textarea>\n    <\/div>\n  <\/div>\n<\/div>\r\n<div style=\"clear:both;\"><\/div>\n\n<div style=\"text-align:left; padding-top:5px;\">\n<\/div>\n<div id=\"fscf_captcha_image_div1\" style=\"width:250px; height:65px; padding-top:2px;\">\n      <img id=\"fscf_captcha_image1\" style=\"border-style:none; margin:0; padding:0px; padding-right:5px; float:left;\" src=\"https:\/\/prvimaj.hr\/wp-content\/plugins\/si-contact-form\/captcha\/securimage_show.php?prefix=p26THoAraV1oywzB\" width=\"175\" height=\"60\" alt=\"CAPTCHA slika\" title=\"CAPTCHA slika\" \/>\n      <input id=\"fscf_captcha_prefix1\" type=\"hidden\" name=\"fscf_captcha_prefix1\" value=\"p26THoAraV1oywzB\" \/>\n     <div id=\"fscf_captcha_refresh1\">\n        <a href=\"#\" rel=\"nofollow\" title=\"Osvje\u017ei sliku\" onclick=\"fscf_captcha_refresh('1','\/wp-content\/plugins\/si-contact-form\/captcha','https:\/\/prvimaj.hr\/wp-content\/plugins\/si-contact-form\/captcha\/securimage_show.php?prefix='); return false;\">\n        <img src=\"https:\/\/prvimaj.hr\/wp-content\/plugins\/si-contact-form\/captcha\/images\/refresh.png\" width=\"22\" height=\"20\" alt=\"Osvje\u017ei sliku\" style=\"border-style:none; margin:0; padding:0px; vertical-align:bottom;\" onclick=\"this.blur();\" \/><\/a>\r\n     <\/div>\r\n<\/div>\r\n\r\n<div id=\"fscf_captcha_field1\" style=\"text-align:left; padding-top:5px;\">\r\n     <label style=\"text-align:left;\" for=\"fscf_captcha_code1\">CAPTCHA kod:<span style=\"text-align:left;\">*<\/span><\/label>\r\n<\/div>\r\n<div style=\"text-align:left;\">\n     <input style=\"text-align:left; margin:0; width:50px;\" type=\"text\" value=\"\" autocomplete=\"off\" id=\"fscf_captcha_code1\" name=\"captcha_code\"  \/>\n<\/div>\n\n<div id=\"fscf_submit_div1\" style=\"text-align:left; clear:both; padding-top:15px;\">\r\n\t\t<input type=\"submit\" id=\"fscf_submit1\" style=\"cursor:pointer; margin:0;\" value=\"Po\u0161alji\"  onclick=\"this.disabled=true; this.value='\u0160alje se...'; this.form.submit();\" \/> \n<\/div>\n\n<input type=\"hidden\" name=\"fscf_submitted\" value=\"0\" \/>\n<input type=\"hidden\" name=\"fs_postonce_1\" value=\"ae4ba02a89b5bf9590b5704cb9676af9,1778147509\" \/>\n<input type=\"hidden\" name=\"si_contact_action\" value=\"send\" \/>\n<input type=\"hidden\" name=\"form_id\" value=\"1\" \/>\n<input type=\"hidden\" name=\"mailto_id\" value=\"1\" \/>\n\n<\/form>\n<\/div>\r\n<div style=\"clear:both;\"><\/div>\n\n<!-- Fast Secure Contact Form plugin 4.0.52 - end - FastSecureContactForm.com -->\n<\/div>\n<div id=\"1maj_maps\" style=\"height: 550px;\"><\/div>\n<div class=\"kontakti\" style=\"margin-top: 150px;\">\n<h1>Ostali kontakti<\/h1>\n<p><strong>CENTRALA<\/strong><br \/>\ntel:\u00a0052\/855-375<br \/>\ne-mail: <span id=\"cloak59083\"><a href=\"mailto:info@prvimaj.hr\">info@prvimaj.hr<\/a><\/span><\/p>\n<p><strong>DIREKTOR<\/strong><br \/>\nDorijano Ba\u017eon, stru\u010d.spec.oec.<br \/>\nE mail: <span id=\"cloak22207\"><a href=\"mailto:dorijano.bazon@prvimaj.hr\">dorijano.bazon@prvimaj.hr<\/a><\/span><br \/>\nMob. : 091\/4802-962<\/p>\n<\/div>\n<p><b>Rukovoditeljica Sektora ureda uprave i pravnih poslova<\/b><br \/>\nIvana Paliska, mag.iur.<br \/>\nE mail: <a href=\"mailto:ivana.paliska@prvimaj.hr\">ivana.paliska@prvimaj.hr<\/a><br \/>\nTel. : 052\/855-375 (preko centrale)<\/p>\n<p><strong>Rukovoditeljica Sektora zajedni\u010dkih slu\u017ebi<\/strong><br \/>\nSandra Vi\u0161kovi\u0107 Markovi\u0107, dipl.san.ing.<br \/>\nE mail: <span id=\"cloak98307\"><a href=\"mailto:sandra.viskovic@prvimaj.hr\">sandra.viskovic@prvimaj.hr<\/a><\/span><br \/>\nMob.: 098\/679-719<\/p>\n<p><strong>Rukovoditeljica Sektora financija<\/strong><br \/>\nLarisa Brnjac Jel\u010di\u0107, dipl.oec.<br \/>\nE mail: <a href=\"mailto:larisa.brnjac@prvimaj.hr\">larisa.brnjac@prvimaj.hr<\/a><br \/>\nMob. : 099\/4392-546<\/p>\n<p><strong>Rukovoditeljica Kontrolinga<\/strong><br \/>\nPetra Kvali\u0107 Ostovi\u0107, dipl.oec.<br \/>\nE mail: <a href=\"petra.kvalic@prvimaj.hr\">petra.kvalic@prvimaj.hr<\/a><br \/>\nMob. : 099\/3125-997<\/p>\n<p><strong>Koordinator operativnih poslova<\/strong><br \/>\nMarijan Ben\u010di\u0107, dipl.ing.<br \/>\nE mail: <a href=\"mailto:marijan.bencic@prvimaj.hr\">marijan.bencic@prvimaj.hr<\/a><br \/>\nMob. : 099\/3049-545<\/p>\n<p><strong>Rukovoditelj PC Odr\u017eavanje javnih povr\u0161ina<\/strong><br \/>\nNino Knapi\u0107, mag.ing.agr.<br \/>\ntel: 091\/2233-516<br \/>\nE mail: <span id=\"cloak56778\"><a href=\"mailto:nino.knapic@prvimaj.hr\">nino.knapic@prvimaj.hr<\/a><\/span><\/p>\n<p><strong>Rukovoditeljica PC Zelene povr\u0161ine i cvje\u0107arne<\/strong><br \/>\nLori Luketa Dagostin, dipl.ing.pejz.arh.<br \/>\nE mail: <a href=\"mailto:lori.luketa@prvimaj.hr\">lori.luketa@prvimaj.hr<\/a><br \/>\nMob. : 091\/3333-721<\/p>\n<p><strong>Rukovoditelj PC \u010cisto\u0107a<\/strong><br \/>\nToni Verbanac, bacc.ing.traff.<br \/>\nE mail: <a href=\"mailto:toni.verbanac@prvimaj.hr\">toni.verbanac<span id=\"cloak57297\">@prvimaj.hr<\/span><\/a><br \/>\nMob. : 091\/2233-521<\/p>\n<p><strong>Voditelj organizacije odvoza<\/strong><br \/>\nAndrea Kos<br \/>\nE mail: <a href=\"mailto:andrea.kos@prvimaj.hr\">andrea.kos<span id=\"cloak57297\">@prvimaj.hr<\/span><\/a><br \/>\nMob. : 095\/5288-411<\/p>\n<p><strong>Rukovoditelj PC Nabava<\/strong><br \/>\nToni Roce, mag.oec.<br \/>\nE mail: <a href=\"mailto:toni.roce@prvimaj.hr\">toni.roce@prvimaj.hr<\/a><br \/>\nMob. : 098\/9565-158<\/p>\n<p><b>Voditelj pogrebnih usluga i groblja<\/b><br \/>\nFernando Rajkovi\u0107<br \/>\nE mail: <span id=\"cloak57297\"><a href=\"mailto:fernando.rajkovic@prvimaj.hr\">fernando.rajkovic@prvimaj.hr<\/a><\/span><br \/>\nMob. : 091\/5760-400<\/p>\n<p><b>Administratorica pogrebnih usluga<\/b><br \/>\nElide Dundara, oec.<br \/>\nE mail:\u00a0 <a href=\"mailto:elide.dundara@prvimaj.hr\">elide.dundara@prvimaj.hr<\/a><br \/>\nTel. : 052\/495-577<\/p>\n<p><strong>Voditelj tr\u017enice i marketinga, Slu\u017ebenik za <a href=\"https:\/\/europa.eu\/youreurope\/business\/dealing-with-customers\/data-protection\/data-protection-gdpr\/index_hr.htm\" target=\"_blank\" rel=\"noopener\">za\u0161titu podataka<\/a><\/strong><br \/>\nLari Zahtila, mag.oec.<br \/>\nE mail: <a href=\"mailto:lari.zahtila@prvimaj.hr\">lari.zahtila<span id=\"cloak57297\">@prvimaj.hr <\/span><\/a><br \/>\nTel.: 052\/855-375 (preko centrale)<\/p>\n<p><strong>PC Tr\u017enica (Referent naplate)<\/strong><br \/>\nRoberto Verbanac<br \/>\nE mail: <span id=\"cloak22207\"><a href=\"mailto:markat@prvimaj.hr\">markat@prvimaj.hr<\/a><\/span><br \/>\nMob. : 099\/265-4443<\/p>\n<p><strong>Pogrebne usluge (Stari grad):<\/strong> 052\/852-015<strong><br \/>\nCvjetni studio La Fior (Stari grad):<\/strong> 052\/852-288<\/p>\n<p><strong>Cvjetni studio La Fior (mobitel):<\/strong> 099\/485-6815<br \/>\n<strong>Tr\u017enica:<\/strong> 052\/854-949<br \/>\n<strong>Radiona (Pijacal)<\/strong><strong>: <\/strong>052\/856-481<\/p>\n<hr \/>\n<p>Radno vrijeme mo\u017eete pogledati <a href=\"https:\/\/prvimaj.hr\/?page_id=141\" target=\"_blank\" rel=\"noopener\"><strong>OVDJE<\/strong><\/a>.<\/p>\n<p>Naj\u010de\u0161\u0107a pitanja i odgovore mo\u017eete pogledati <a href=\"https:\/\/prvimaj.hr\/?p=14199\" target=\"_blank\" rel=\"noopener\"><strong>OVDJE<\/strong><\/a>.<\/p>\n","protected":false},"excerpt":{"rendered":"<p>Ostali kontakti CENTRALA tel:\u00a0052\/855-375 e-mail: info@prvimaj.hr DIREKTOR Dorijano Ba\u017eon, stru\u010d.spec.oec. E mail: dorijano.bazon@prvimaj.hr Mob. : 091\/4802-962 Rukovoditeljica Sektora ureda uprave i pravnih poslova Ivana Paliska, mag.iur. E mail: ivana.paliska@prvimaj.hr Tel. : 052\/855-375 (preko centrale) Rukovoditeljica Sektora zajedni\u010dkih slu\u017ebi Sandra Vi\u0161kovi\u0107 Markovi\u0107, dipl.san.ing. E mail: sandra.viskovic@prvimaj.hr Mob.: 098\/679-719 Rukovoditeljica Sektora financija Larisa Brnjac Jel\u010di\u0107, dipl.oec. E [&hellip;]<\/p>\n","protected":false},"author":1,"featured_media":0,"parent":0,"menu_order":9,"comment_status":"closed","ping_status":"closed","template":"page-fullwidth.php","meta":[],"_links":{"self":[{"href":"https:\/\/prvimaj.hr\/index.php?rest_route=\/wp\/v2\/pages\/17"}],"collection":[{"href":"https:\/\/prvimaj.hr\/index.php?rest_route=\/wp\/v2\/pages"}],"about":[{"href":"https:\/\/prvimaj.hr\/index.php?rest_route=\/wp\/v2\/types\/page"}],"author":[{"embeddable":true,"href":"https:\/\/prvimaj.hr\/index.php?rest_route=\/wp\/v2\/users\/1"}],"replies":[{"embeddable":true,"href":"https:\/\/prvimaj.hr\/index.php?rest_route=%2Fwp%2Fv2%2Fcomments&post=17"}],"version-history":[{"count":68,"href":"https:\/\/prvimaj.hr\/index.php?rest_route=\/wp\/v2\/pages\/17\/revisions"}],"predecessor-version":[{"id":25682,"href":"https:\/\/prvimaj.hr\/index.php?rest_route=\/wp\/v2\/pages\/17\/revisions\/25682"}],"wp:attachment":[{"href":"https:\/\/prvimaj.hr\/index.php?rest_route=%2Fwp%2Fv2%2Fmedia&parent=17"}],"curies":[{"name":"wp","href":"https:\/\/api.w.org\/{rel}","templated":true}]}}