{"id":172,"date":"2015-11-12T11:02:42","date_gmt":"2015-11-12T11:02:42","guid":{"rendered":"http:\/\/prvimaj.hr\/?page_id=172"},"modified":"2026-04-13T12:45:47","modified_gmt":"2026-04-13T11:45:47","slug":"cjenik-usluga","status":"publish","type":"page","link":"https:\/\/prvimaj.hr\/?page_id=172","title":{"rendered":"Cjenici usluga"},"content":{"rendered":"<p><strong><span style=\"color: #ff0000;\">Cjenici usluga 1.MAJ-a d.o.o.<\/span><\/strong>\u00a0Saznajte sve na jednome mjestu.<\/p>\n<p>Ovi cjenici (<strong><span style=\"color: #ff0000;\">linkovi su na dnu ove stranice<\/span><\/strong>) sadr\u017eavaju sve cijene usluga koje prema javnosti pru\u017ea trgova\u010dko dru\u0161tvo <strong>1.MAJ d.o.o.<\/strong>, osim cijena proizvoda koji se prodaju u <a href=\"https:\/\/prvimaj.hr\/?page_id=299\" target=\"_blank\" rel=\"noopener\">cvje\u0107arni<\/a> 1.MAJ-a u sklopu Komemorativnog centra Labin, cijena pogrebne opreme, kao i cijena zakupa poslovnih prostora i stolova na <a href=\"https:\/\/prvimaj.hr\/?page_id=2434\" target=\"_blank\" rel=\"noopener\">gradskoj tr\u017enici<\/a>.<\/p>\n<p>Cjenici <strong>prikazuju<\/strong> cijene pru\u017eanja<a href=\"https:\/\/narodne-novine.nn.hr\/clanci\/sluzbeni\/2021_07_84_1554.html\" target=\"_blank\" rel=\"noopener\"> javne usluge prikupljanja mije\u0161anog komunalnog otpada<\/a>, pogrebnih usluga, grobnica, ni\u0161a, grobnih mjesta, upotrebe strojeva i radnika 1.MAJ-a, kao i zbrinjavanja glomaznog otpada. Svugdje su cijene iskazane u <strong>eurima<\/strong> te u kunama<span style=\"color: #ff0000;\"><span style=\"color: #000000;\">. <\/span><\/span>Cijene u kunama iskazane su u zagradama uz cijene u eurima.<\/p>\n<p>U Cjeniku usluge prikupljanja mije\u0161anog komunalnog otpada mo\u017eete pro\u010ditati i kompletno <strong>obja\u0161njenje obra\u010duna<\/strong> cijena pru\u017eanja javne usluge prikupljanja mije\u0161anog i biorazgradivog komunalnog otpada, zbog \u010dega dio obra\u010duna nazivamo \u201efiksnim\u201c, a dio \u201evarijabilnim\u201c. Tu treba napomenuti jo\u0161 jednu \u010dinjenicu: odvoz i zbrinjavanje <strong>odvojeno<\/strong> prikupljenog otpada putem &#8220;zelenih otoka&#8221;, spremnika za odvajanje na ku\u0107nom pragu i putem recikla\u017enih dvori\u0161ta &#8211;\u00a0<strong>ne napla\u0107uje se\u00a0<\/strong>(npr. plasti\u010dna i metalna ambala\u017ea, papir i karton, staklo i vrste otpada koji se zaprimaju u recikla\u017enim dvori\u0161tu).<\/p>\n<p>Va\u017ean dio na\u0161e djelatnosti, kojemu pristupamo s posebnom pa\u017enjom, odnosi se na <strong>pogrebne usluge<\/strong>. U ovim cjenicima mo\u017eete saznati sve cijene pogrebnih usluga, osim cijena pogrebne opreme koje mo\u017eete saznati u sklopu <strong>Komemorativnog centra<\/strong> u Labinu.<\/p>\n<hr \/>\n<h3>Informativni mjese\u010dni izra\u010dun<\/h3>\n<p>Informativni mjese\u010dni izra\u010dun javne usluge za ku\u0107anstva mo\u017eete dobiti kori\u0161tenjem na\u0161eg kalkulatora. Potrebno je upisati tra\u017eene podatke te je tada vidljiv informativni mjese\u010dni izra\u010dun. Kalkulator mo\u017eete preuzeti klikom: <a href=\"https:\/\/prvimaj.hr\/wp-content\/uploads\/2026\/03\/Kalkulator-cijena-1.MAJ-E_1.3.2026..xlsx\"><span style=\"color: #ff0000;\"><strong>OVDJE<\/strong><\/span><\/a>.<\/p>\n<hr \/>\n<h3>Cjenici prikupljanja i zbrinjavanja otpada<\/h3>\n<p>Cjenici se otvaraju klikom na natuknice):<\/p>\n<ul>\n<li><img loading=\"lazy\" class=\"\" src=\"https:\/\/prvimaj.hr\/wp-content\/uploads\/2015\/11\/pdfAttach2.png\" alt=\"pdfAttach\" width=\"30\" height=\"41\" \/> <a href=\"https:\/\/prvimaj.hr\/wp-content\/uploads\/2026\/04\/1.-Cjenik-prikupljanja-MKO_1.3.2026.-k.pdf\" target=\"_blank\" rel=\"noopener\"><strong>CJENIK USLUGE PRIKUPLJANJA MIJE\u0160ANOG KOMUNALNOG OTPADA (od 1.3.2026.)<\/strong><\/a><\/li>\n<li><img loading=\"lazy\" class=\"\" src=\"https:\/\/prvimaj.hr\/wp-content\/uploads\/2015\/11\/pdfAttach2.png\" alt=\"pdfAttach\" width=\"30\" height=\"41\" \/><del> <a href=\"https:\/\/prvimaj.hr\/wp-content\/uploads\/2023\/05\/1.-Cjenik-prikupljanja-MKO_1.6.2023.pdf\" target=\"_blank\" rel=\"noopener\"><strong>CJENIK USLUGE PRIKUPLJANJA MIJE\u0160ANOG KOMUNALNOG OTPADA (do 28.2.2026.)<\/strong><\/a><\/del><\/li>\n<li><img loading=\"lazy\" class=\"\" src=\"https:\/\/prvimaj.hr\/wp-content\/uploads\/2015\/11\/pdfAttach2.png\" alt=\"pdfAttach\" width=\"30\" height=\"41\" \/>\u00a0<strong> <a href=\"https:\/\/prvimaj.hr\/wp-content\/uploads\/2024\/09\/Izmjena-cijene-izdavanja-kartice.pdf\" target=\"_blank\" rel=\"noopener\">IZMJENA CIJENE IZDAVANJA KARTICE ZA KORI\u0160TENJE POLUPODZEMNOG SPREMNIKA (od 1.9.2024.)<\/a><\/strong><\/li>\n<li><img loading=\"lazy\" class=\"\" src=\"https:\/\/prvimaj.hr\/wp-content\/uploads\/2015\/11\/pdfAttach2.png\" alt=\"pdfAttach\" width=\"30\" height=\"41\" \/>\u00a0<a href=\"https:\/\/prvimaj.hr\/wp-content\/uploads\/2025\/12\/Cjenik-dodatnih-usluga-u-gospodarenju-otpadom-16.07.2025..pdf\" target=\"_blank\" rel=\"noopener\"><strong> CJENIK DODATNIH USLUGA U GOSPODARENJU OTPADOM (od 16.7.2025.)<\/strong><\/a><\/li>\n<li><img loading=\"lazy\" class=\"\" src=\"https:\/\/prvimaj.hr\/wp-content\/uploads\/2015\/11\/pdfAttach2.png\" alt=\"pdfAttach\" width=\"30\" height=\"41\" \/>\u00a0 <a href=\"https:\/\/prvimaj.hr\/wp-content\/uploads\/2024\/07\/Cjenik-odvoza-reciklabilnog-otpada_1.7.2024._2-3.pdf\" target=\"_blank\" rel=\"noopener\"><strong>CJENIK USLUGA PRIKUPLJANJA I ZBRINJAVANJA RECIKLABILNOG OTPADA ZA KATEGORIJU KORISNIKA KOJI NIJE KU\u0106ANSTVO (od 1.7.2024.)<\/strong><\/a><\/li>\n<\/ul>\n<hr \/>\n<h3>Cjenici pogrebnih usluga i mjesta na grobljima<\/h3>\n<ul>\n<li><img loading=\"lazy\" class=\"\" src=\"https:\/\/prvimaj.hr\/wp-content\/uploads\/2015\/11\/pdfAttach2.png\" alt=\"pdfAttach\" width=\"30\" height=\"41\" \/>\u00a0 <a href=\"https:\/\/prvimaj.hr\/wp-content\/uploads\/2025\/07\/Cjenik-pogrebnih-usluga-2025.pdf\" target=\"_blank\" rel=\"noopener\"><strong>CJENIK POGREBNIH USLUGA<\/strong><\/a><\/li>\n<li><img loading=\"lazy\" class=\"\" src=\"https:\/\/prvimaj.hr\/wp-content\/uploads\/2015\/11\/pdfAttach2.png\" alt=\"pdfAttach\" width=\"30\" height=\"41\" \/> <a href=\"https:\/\/prvimaj.hr\/wp-content\/uploads\/2025\/07\/Cjenik-za-grobnice-nise-i-grobna-mjesta-10.07.2025..pdf\" target=\"_blank\" rel=\"noopener\"><strong>CJENIK ZA GROBNICE, NI\u0160E I GROBNA<\/strong><\/a><br \/>\n<a href=\"https:\/\/prvimaj.hr\/wp-content\/uploads\/2025\/07\/Cjenik-za-grobnice-nise-i-grobna-mjesta-10.07.2025..pdf\" target=\"_blank\" rel=\"noopener\"><strong>MJESTA (NA NEODRE\u0110ENO VRIJEME) NA GROBLJIMA<\/strong><\/a><\/li>\n<li><img loading=\"lazy\" class=\"\" src=\"https:\/\/prvimaj.hr\/wp-content\/uploads\/2015\/11\/pdfAttach2.png\" alt=\"pdfAttach\" width=\"30\" height=\"41\" \/> <a href=\"https:\/\/prvimaj.hr\/wp-content\/uploads\/2025\/07\/Odluka-o-iznosu-godisnje-grobne-naknade-2025.pdf\" target=\"_blank\" rel=\"noopener\"><strong>ODLUKA O IZNOSU GODI\u0160NJE GROBNE NAKNADE<\/strong><\/a><\/li>\n<\/ul>\n<hr \/>\n<h3>Cjenik prijevoza, kori\u0161tenja strojeva i sl.<\/h3>\n<ul>\n<li><img loading=\"lazy\" class=\"\" src=\"https:\/\/prvimaj.hr\/wp-content\/uploads\/2015\/11\/pdfAttach2.png\" alt=\"pdfAttach\" width=\"30\" height=\"41\" \/> <a href=\"https:\/\/prvimaj.hr\/wp-content\/uploads\/2025\/07\/5.-Cjenik-usluga-prijevoza-te-koristenja-strojeva-i-alata-1.6.2025.pdf\" target=\"_blank\" rel=\"noopener\"><strong>CJENIK USLUGA PRIJEVOZA SPECIJALNIM TERETNIM I DRUGIM VOZILIMA, KORI\u0160TENJA POJEDINIH STROJEVA I ALATA<\/strong><\/a><\/li>\n<\/ul>\n<hr \/>\n<h3>Cjenik satnice radnika<\/h3>\n<ul>\n<li><img loading=\"lazy\" class=\"\" src=\"https:\/\/prvimaj.hr\/wp-content\/uploads\/2015\/11\/pdfAttach2.png\" alt=\"pdfAttach\" width=\"30\" height=\"41\" \/>\u00a0 <a href=\"https:\/\/prvimaj.hr\/wp-content\/uploads\/2025\/01\/4.-Cjenik-satnice-radnika-1.1.2025..pdf\" target=\"_blank\" rel=\"noopener\"><strong>CJENIK SATNICE RADNIKA<\/strong><\/a><\/li>\n<\/ul>\n<hr \/>\n<h3>Savjetovanja s javno\u0161\u0107u<\/h3>\n<p><span style=\"color: #ff0000;\"><strong>Zatvorena savjetovanja s javno\u0161\u0107u<\/strong>:\u00a0<\/span><\/p>\n<ul>\n<li><a href=\"https:\/\/prvimaj.hr\/?p=16055\" target=\"_blank\" rel=\"noopener\"><strong>Prijedlog Cjenika usluge prikupljanja mije\u0161anog komunalnog otpada<\/strong><\/a><\/li>\n<\/ul>\n<p>Savjetovanje je bilo otvoreno od 28.3.2022. do 27.4.2022.<\/p>\n<ul>\n<li><strong><a href=\"https:\/\/prvimaj.hr\/?p=18662\" target=\"_blank\" rel=\"noopener\">Prijedlog Cjenika usluge prikupljanja mije\u0161anog komunalnog otpada<\/a><\/strong><\/li>\n<\/ul>\n<p>Savjetovanje je bilo otvoreno od 3.3.2023. do 1.4.2023.<\/p>\n","protected":false},"excerpt":{"rendered":"<p>Cjenici usluga 1.MAJ-a d.o.o.\u00a0Saznajte sve na jednome mjestu. Ovi cjenici (linkovi su na dnu ove stranice) sadr\u017eavaju sve cijene usluga koje prema javnosti pru\u017ea trgova\u010dko dru\u0161tvo 1.MAJ d.o.o., osim cijena proizvoda koji se prodaju u cvje\u0107arni 1.MAJ-a u sklopu Komemorativnog centra Labin, cijena pogrebne opreme, kao i cijena zakupa poslovnih prostora i stolova na gradskoj [&hellip;]<\/p>\n","protected":false},"author":1,"featured_media":18232,"parent":20,"menu_order":17,"comment_status":"closed","ping_status":"closed","template":"","meta":[],"_links":{"self":[{"href":"https:\/\/prvimaj.hr\/index.php?rest_route=\/wp\/v2\/pages\/172"}],"collection":[{"href":"https:\/\/prvimaj.hr\/index.php?rest_route=\/wp\/v2\/pages"}],"about":[{"href":"https:\/\/prvimaj.hr\/index.php?rest_route=\/wp\/v2\/types\/page"}],"author":[{"embeddable":true,"href":"https:\/\/prvimaj.hr\/index.php?rest_route=\/wp\/v2\/users\/1"}],"replies":[{"embeddable":true,"href":"https:\/\/prvimaj.hr\/index.php?rest_route=%2Fwp%2Fv2%2Fcomments&post=172"}],"version-history":[{"count":128,"href":"https:\/\/prvimaj.hr\/index.php?rest_route=\/wp\/v2\/pages\/172\/revisions"}],"predecessor-version":[{"id":25581,"href":"https:\/\/prvimaj.hr\/index.php?rest_route=\/wp\/v2\/pages\/172\/revisions\/25581"}],"up":[{"embeddable":true,"href":"https:\/\/prvimaj.hr\/index.php?rest_route=\/wp\/v2\/pages\/20"}],"wp:featuredmedia":[{"embeddable":true,"href":"https:\/\/prvimaj.hr\/index.php?rest_route=\/wp\/v2\/media\/18232"}],"wp:attachment":[{"href":"https:\/\/prvimaj.hr\/index.php?rest_route=%2Fwp%2Fv2%2Fmedia&parent=172"}],"curies":[{"name":"wp","href":"https:\/\/api.w.org\/{rel}","templated":true}]}}