{"id":19076,"date":"2023-04-18T11:53:30","date_gmt":"2023-04-18T10:53:30","guid":{"rendered":"https:\/\/prvimaj.hr\/?page_id=19076"},"modified":"2026-04-30T11:41:08","modified_gmt":"2026-04-30T10:41:08","slug":"otvorena-radna-mjesta","status":"publish","type":"page","link":"https:\/\/prvimaj.hr\/?page_id=19076","title":{"rendered":"Zapo\u0161ljavamo &#8211; Otvorena radna mjesta"},"content":{"rendered":"<p>Op\u0107enito gledaju\u0107i, u <a href=\"https:\/\/prvimaj.hr\/\" target=\"_blank\" rel=\"noopener\">1.MAJ<\/a>-u neki su poslovi \u010desto dostupni, bilo za ugovore na neodre\u0111eno ili pak na odre\u0111eno (sezonski). U takve poslove spadaju poslovi voza\u010da, sabira\u010da otpada, pometa\u010da, vrtlara i grobara. Za takve poslove smo posebno zainteresirani primati otvorene molbe i izvan natje\u010dajnih postupaka. Slobodno se javite na <strong>info@prvimaj.hr<\/strong> ili po\u0161tom na adresu <strong>Vine\u017e 81, 52220 Labin<\/strong>. Nudimo redovita primanja, minimalno \u010detiri tjedna plus dva dana godi\u0161njeg odmora godi\u0161nje, te razne beneficije poput regresa, solidarne pomo\u0107i, darova u naravi, osposobljavanja, naknade za prijevoz i sl.<\/p>\n<p>Na ovoj stranici nalaze se poslovi za koje i kada postoji trenutna potreba. Natje\u010daji su tako\u0111er dostupni na stranicama <a href=\"https:\/\/burzarada.hzz.hr\/\" target=\"_blank\" rel=\"noopener\">HZZ<\/a>-a.<\/p>\n<hr \/>\n<h4 class=\"SectionTitle\">Poslodavac<\/h4>\n<p><label id=\"ctl00_MainContent_lblNazivPoslodavcaText\" for=\"ctl00_MainContent_lblNazivPoslodavca\">Poslodavac:<\/label>\u00a0<span id=\"ctl00_MainContent_lblNazivPoslodavca\">1. MAJ LABIN, dru\u0161tvo s ograni\u010denom odgovorno\u0161\u0107u<\/span><\/p>\n<p><label id=\"ctl00_MainContent_lblKontaktKandidataText\" for=\"ctl00_MainContent_lblKontaktKandidataText\">Kontakt:<\/label><\/p>\n<ul>\n<li>osobni dolazak: VINE\u017d 81, LABIN<\/li>\n<li>najava na telefon: 052 855375<\/li>\n<li>pisana zamolba: 1. MAJ d.o.o., Vine\u017e 81, 52220 Labin<\/li>\n<li>e-mailom: <a href=\"mailto:andrea.kranjac@prvimaj.hr\">andrea.kranjac@prvimaj.hr<\/a><\/li>\n<\/ul>\n<hr \/>\n<h3>RADNIK\/CA NA ODVO\u017dENJU OTPADA<\/h3>\n<h4 class=\"SectionTitle\">Radno mjesto<\/h4>\n<p><label id=\"ctl00_MainContent_lblMjestoRadaText\" for=\"ctl00_MainContent_lblMjestoRada\">Mjesto rada:<\/label>\u00a0<span id=\"ctl00_MainContent_lblMjestoRada\">LABIN, ISTARSKA \u017dUPANIJA<\/span><\/p>\n<p><label id=\"ctl00_MainContent_lblBrojRadnikaText\" for=\"ctl00_MainContent_lblBrojRadnika\">Broj tra\u017eenih radnika:<\/label>\u00a0<span id=\"ctl00_MainContent_lblBrojRadnika\">2<\/span><\/p>\n<p><label id=\"ctl00_MainContent_lblVrstaZaposlenjaText\" for=\"ctl00_MainContent_lblVrstaZaposlenja\">Vrsta zaposlenja:<\/label>\u00a0<span id=\"ctl00_MainContent_lblVrstaZaposlenja\">Na neodre\u0111eno; upra\u017enjeni poslovi<\/span><\/p>\n<p><label id=\"ctl00_MainContent_lblRadnoVrijemeText\" for=\"ctl00_MainContent_lblRadnoVrijeme\">Radno vrijeme:<\/label>\u00a0<span id=\"ctl00_MainContent_lblRadnoVrijeme\">Puno radno vrijeme<\/span><\/p>\n<p><label id=\"ctl00_MainContent_lblSmjestajText\" for=\"ctl00_MainContent_lblSmjestaj\">Smje\u0161taj:<\/label>\u00a0<span id=\"ctl00_MainContent_lblSmjestaj\">Nema smje\u0161taja<\/span><\/p>\n<p><label id=\"ctl00_MainContent_lblNaknadaText\" for=\"ctl00_MainContent_lblNaknada\">Naknada za prijevoz:<\/label>\u00a0<span id=\"ctl00_MainContent_lblNaknada\">U cijelosti<\/span><\/p>\n<p><label id=\"ctl00_MainContent_lblVrijediOdText\" for=\"ctl00_MainContent_lblVrijediOd\">Natje\u010daj vrijedi od:<\/label>\u00a0<strong><span id=\"ctl00_MainContent_lblVrijediOd\">30.4.2026.<\/span><\/strong><\/p>\n<p><label id=\"ctl00_MainContent_lblVrijediDoText\" for=\"ctl00_MainContent_lblVrijediDo\">Natje\u010daj vrijedi do:<\/label>\u00a0<strong><span id=\"ctl00_MainContent_lblVrijediDo\">11.5.2026.<\/span><\/strong><\/p>\n<p><label id=\"ctl00_MainContent_lblUvjetiRadnoMjestoText\" for=\"ctl00_MainContent_lblUvjetiRadnoMjesto\">Uvjeti na radnom mjestu:<\/label>\u00a0<span id=\"ctl00_MainContent_lblUvjetiRadnoMjesto\">Terenski rad<\/span><\/p>\n<h4 class=\"SectionTitle\">Posloprimac<\/h4>\n<p><label id=\"ctl00_MainContent_lblRazinaObrazovanjaText\" for=\"ctl00_MainContent_lblPotrebnaZvanja\">Razina obrazovanja:<\/label>\u00a0<span id=\"ctl00_MainContent_lblRazinaObrazovanja\">Zavr\u0161ena osnovna \u0161kola<\/span><\/p>\n<p><label id=\"ctl00_MainContent_lblRadnoIskustvoText\" for=\"ctl00_MainContent_lblRadnoIskustvo\">Radno iskustvo:<\/label>\u00a0<span id=\"ctl00_MainContent_lblRadnoIskustvo\">Nije va\u017eno<\/span><\/p>\n<p><label id=\"ctl00_MainContent_lblOstaleInformacijeText\" for=\"ctl00_MainContent_lblOstaleInformacije\">Ostale informacije:<\/label>\u00a0Opis poslova:<br \/>\n&#8211; pra\u017enjenje kanti za otpad i utovar na vozilo za sakupljanje otpada<br \/>\n&#8211; ru\u010dno pometanje otpada koji se rasuo prilikom pra\u017enjenja kanti za otpad<br \/>\n&#8211; prema potrebi koristi ru\u010dni \u010dita\u010d<br \/>\n&#8211; vo\u0111enje brige o ispravnosti opreme za identifikaciju ugra\u0111ene na vozilo<br \/>\n&#8211; ostali poslovi po nalogu neposredno nadre\u0111enog<br \/>\n&#8211; u svom radu du\u017ean je po\u0161tovati standarde dru\u0161tva, operativne procedure, radne upute, smjernice i sl. koji se odnose na one radne procese koji spadaju u njegov djelokrug odgovornosti i radnih zadataka<br \/>\n&#8211; za svoj rad odgovoran je voza\u010du teretnog motornog vozila<\/p>\n","protected":false},"excerpt":{"rendered":"<p>Op\u0107enito gledaju\u0107i, u 1.MAJ-u neki su poslovi \u010desto dostupni, bilo za ugovore na neodre\u0111eno ili pak na odre\u0111eno (sezonski). U takve poslove spadaju poslovi voza\u010da, sabira\u010da otpada, pometa\u010da, vrtlara i grobara. Za takve poslove smo posebno zainteresirani primati otvorene molbe i izvan natje\u010dajnih postupaka. Slobodno se javite na info@prvimaj.hr ili po\u0161tom na adresu Vine\u017e 81, [&hellip;]<\/p>\n","protected":false},"author":1,"featured_media":14786,"parent":0,"menu_order":0,"comment_status":"closed","ping_status":"closed","template":"","meta":[],"_links":{"self":[{"href":"https:\/\/prvimaj.hr\/index.php?rest_route=\/wp\/v2\/pages\/19076"}],"collection":[{"href":"https:\/\/prvimaj.hr\/index.php?rest_route=\/wp\/v2\/pages"}],"about":[{"href":"https:\/\/prvimaj.hr\/index.php?rest_route=\/wp\/v2\/types\/page"}],"author":[{"embeddable":true,"href":"https:\/\/prvimaj.hr\/index.php?rest_route=\/wp\/v2\/users\/1"}],"replies":[{"embeddable":true,"href":"https:\/\/prvimaj.hr\/index.php?rest_route=%2Fwp%2Fv2%2Fcomments&post=19076"}],"version-history":[{"count":50,"href":"https:\/\/prvimaj.hr\/index.php?rest_route=\/wp\/v2\/pages\/19076\/revisions"}],"predecessor-version":[{"id":25704,"href":"https:\/\/prvimaj.hr\/index.php?rest_route=\/wp\/v2\/pages\/19076\/revisions\/25704"}],"wp:featuredmedia":[{"embeddable":true,"href":"https:\/\/prvimaj.hr\/index.php?rest_route=\/wp\/v2\/media\/14786"}],"wp:attachment":[{"href":"https:\/\/prvimaj.hr\/index.php?rest_route=%2Fwp%2Fv2%2Fmedia&parent=19076"}],"curies":[{"name":"wp","href":"https:\/\/api.w.org\/{rel}","templated":true}]}}