{"id":199,"date":"2015-11-12T11:55:54","date_gmt":"2015-11-12T10:55:54","guid":{"rendered":"http:\/\/prvimaj.hr\/?page_id=199"},"modified":"2024-12-05T07:32:19","modified_gmt":"2024-12-05T06:32:19","slug":"obrazac-za-prigovor","status":"publish","type":"page","link":"https:\/\/prvimaj.hr\/?page_id=199","title":{"rendered":"Obrazac za prigovor"},"content":{"rendered":"<p>OBAVIJEST O NA\u010cINU PODNO\u0160ENJA PISANOG PRIGOVORA KORISNIKA JAVNE USLUGE (POTRO\u0160A\u010cA)<\/p>\n<p>Sukladno \u010dlanku 10. <a href=\"https:\/\/narodne-novine.nn.hr\/clanci\/sluzbeni\/2022_02_19_203.html\" target=\"_blank\" rel=\"noopener\">Zakona o za\u0161titi potro\u0161a\u010da<\/a> (NN br. 19\/22, 59\/23), <span style=\"color: #ff0000;\"><strong>potro\u0161a\u010d mo\u017ee podnijeti prigovor<\/strong><\/span> kojim iznosi svoje nezadovoljstvo na isporu\u010denu javnu uslugu i to u pisanom obliku u poslovnim prostorijama 1.MAJ-a d.o.o., Vine\u017e 81, 52220 Labin, putem po\u0161te, telefaksa na broj: 00385 52 856 072 ili na e-mail: reklamacije@prvimaj.hr.<\/p>\n<p>U slu\u010daju nezadovoljstva pisanim odgovorom 1.MAJ-a d.o.o., potro\u0161a\u010d mo\u017ee podnijeti Reklamaciju Povjerenstvu za reklamacije potro\u0161a\u010da (kao drugostupanjskom tijelu) pisanim putem na adresu: 1.MAJ d.o.o., Vine\u017e 81, 52220 Labin, na e-mail adresu: reklamacije@prvimaj.hr, odnosno na telefaks broj: 00385 52 856 072. 1.MAJ je du\u017ean pisano odgovoriti u roku od 15 dana od dana zaprimljene Reklamacije.<\/p>\n<p>Na ovoj stranici mo\u017eete ispuniti obrazac za prigovor.<\/p>\n\n\n<!-- Fast Secure Contact Form plugin 4.0.52 - begin - FastSecureContactForm.com -->\r\n<div style=\"clear:both;\"><\/div>\n\r\n<div id=\"FSContact2\" style=\"width:99%; max-width:555px;\">\r\n<form action=\"https:\/\/prvimaj.hr\/index.php?rest_route=%2Fwp%2Fv2%2Fpages%2F199#FSContact2\" id=\"fscf_form2\" method=\"post\">\r\n\n<div id=\"fscf_required2\">\n  <span style=\"text-align:left;\">*<\/span> <span style=\"text-align:left;\">obavezno polje<\/span>\n<\/div>\n\n\n<div id=\"fscf_div_clear2_0\" style=\"clear:both;\">\n  <div id=\"fscf_div_field2_0\" style=\"clear:left; float:left; width:99%; max-width:550px; margin-right:10px;\">\r\n    <div style=\"text-align:left; padding-top:5px;\">\n      <label style=\"text-align:left;\" for=\"fscf_name2\">Ime i prezime:<span style=\"text-align:left;\">*<\/span><\/label>\n    <\/div>\r\n    <div style=\"text-align:left;\">\r\n      <input style=\"text-align:left; margin:0; width:99%; max-width:250px;\" type=\"text\" id=\"fscf_name2\" name=\"full_name\" value=\"\"  \/>\r\n    <\/div>\r\n  <\/div>\n<\/div>\n\n<div id=\"fscf_div_clear2_1\" style=\"clear:both;\">\n  <div id=\"fscf_div_field2_1\" style=\"clear:left; float:left; width:99%; max-width:550px; margin-right:10px;\">\n    <div style=\"text-align:left; padding-top:5px;\">\n      <label style=\"text-align:left;\" for=\"fscf_email2\">Email:<span style=\"text-align:left;\">*<\/span><\/label>\n    <\/div>\n    <div style=\"text-align:left;\">\n      <input style=\"text-align:left; margin:0; width:99%; max-width:250px;\" type=\"text\" id=\"fscf_email2\" name=\"email\" value=\"\"  \/>\n    <\/div>\n  <\/div>\n<\/div>\n\n<div id=\"fscf_div_clear2_2\" style=\"clear:both;\">\n  <div id=\"fscf_div_field2_2\" style=\"clear:left; float:left; width:99%; max-width:550px; margin-right:10px;\">\n    <div style=\"text-align:left; padding-top:5px;\">\n      <label style=\"text-align:left;\" for=\"fscf_field2_2\">Predmet:<span style=\"text-align:left;\">*<\/span><\/label>\n    <\/div>\n    <div style=\"text-align:left;\">\n      <input style=\"text-align:left; margin:0; width:99%; max-width:250px;\" type=\"text\" id=\"fscf_field2_2\" name=\"subject\" value=\"\"  \/>\n    <\/div>\n  <\/div>\n<\/div>\n\n<div id=\"fscf_div_clear2_3\" style=\"clear:both;\">\n  <div id=\"fscf_div_field2_3\" style=\"clear:left; float:left; width:99%; max-width:550px; margin-right:10px;\">\n    <div style=\"text-align:left; padding-top:5px;\">\n      <label style=\"text-align:left;\" for=\"fscf_field2_3\">Prigovor:<span style=\"text-align:left;\">*<\/span><\/label>\n    <\/div>\n    <div style=\"text-align:left;\">\n      <textarea style=\"text-align:left; margin:0; width:99%; max-width:250px; height:120px;\" id=\"fscf_field2_3\" name=\"message\" cols=\"30\" rows=\"10\" ><\/textarea>\n    <\/div>\n  <\/div>\n<\/div>\r\n<div style=\"clear:both;\"><\/div>\n\n<div style=\"text-align:left; padding-top:5px;\">\n<\/div>\n<div id=\"fscf_captcha_image_div2\" style=\"width:250px; height:65px; padding-top:2px;\">\n      <img id=\"fscf_captcha_image2\" style=\"border-style:none; margin:0; padding:0px; padding-right:5px; float:left;\" src=\"https:\/\/prvimaj.hr\/wp-content\/plugins\/si-contact-form\/captcha\/securimage_show.php?prefix=3hUJ6nFUpbACIPkC\" width=\"175\" height=\"60\" alt=\"CAPTCHA slika\" title=\"CAPTCHA slika\" \/>\n      <input id=\"fscf_captcha_prefix2\" type=\"hidden\" name=\"fscf_captcha_prefix2\" value=\"3hUJ6nFUpbACIPkC\" \/>\n     <div id=\"fscf_captcha_refresh2\">\n        <a href=\"#\" rel=\"nofollow\" title=\"Osvje\u017ei sliku\" onclick=\"fscf_captcha_refresh('2','\/wp-content\/plugins\/si-contact-form\/captcha','https:\/\/prvimaj.hr\/wp-content\/plugins\/si-contact-form\/captcha\/securimage_show.php?prefix='); return false;\">\n        <img src=\"https:\/\/prvimaj.hr\/wp-content\/plugins\/si-contact-form\/captcha\/images\/refresh.png\" width=\"22\" height=\"20\" alt=\"Osvje\u017ei sliku\" style=\"border-style:none; margin:0; padding:0px; vertical-align:bottom;\" onclick=\"this.blur();\" \/><\/a>\r\n     <\/div>\r\n<\/div>\r\n\r\n<div id=\"fscf_captcha_field2\" style=\"text-align:left; padding-top:5px;\">\r\n     <label style=\"text-align:left;\" for=\"fscf_captcha_code2\">CAPTCHA kod:<span style=\"text-align:left;\">*<\/span><\/label>\r\n<\/div>\r\n<div style=\"text-align:left;\">\n     <input style=\"text-align:left; margin:0; width:50px;\" type=\"text\" value=\"\" autocomplete=\"off\" id=\"fscf_captcha_code2\" name=\"captcha_code\"  \/>\n<\/div>\n\n<div id=\"fscf_submit_div2\" style=\"text-align:left; clear:both; padding-top:15px;\">\r\n\t\t<input type=\"submit\" id=\"fscf_submit2\" style=\"cursor:pointer; margin:0;\" value=\"Po\u0161alji\"  onclick=\"this.disabled=true; this.value='\u0160alje se...'; this.form.submit();\" \/> \n<\/div>\n\n<input type=\"hidden\" name=\"fscf_submitted\" value=\"0\" \/>\n<input type=\"hidden\" name=\"fs_postonce_2\" value=\"94f84e6bdd132a6951af76b4808a049b,1775396246\" \/>\n<input type=\"hidden\" name=\"si_contact_action\" value=\"send\" \/>\n<input type=\"hidden\" name=\"form_id\" value=\"2\" \/>\n<input type=\"hidden\" name=\"mailto_id\" value=\"1\" \/>\n\n<\/form>\n<\/div>\r\n<div style=\"clear:both;\"><\/div>\n\n<!-- Fast Secure Contact Form plugin 4.0.52 - end - FastSecureContactForm.com -->\n\n<p>NAPOMENA: <a href=\"https:\/\/prvimaj.hr\/?page_id=5361\" target=\"_blank\" rel=\"noopener\">Osobni podaci<\/a> koji se tra\u017ee\/dostavljaju od strane podnositelja prigovora slu\u017ee isklju\u010divo za identifikaciju razloga prigovora i osiguravanje nu\u017enih preduvjeta za njihovo otklanjanje. Podaci se zadr\u017eavaju u arhivi uredskog poslovanja te se ne obra\u0111uju osim za potrebe uklanjanja nepravilnosti navedenih u prigovoru.<\/p>\n","protected":false},"excerpt":{"rendered":"<p>OBAVIJEST O NA\u010cINU PODNO\u0160ENJA PISANOG PRIGOVORA KORISNIKA JAVNE USLUGE (POTRO\u0160A\u010cA) Sukladno \u010dlanku 10. Zakona o za\u0161titi potro\u0161a\u010da (NN br. 19\/22, 59\/23), potro\u0161a\u010d mo\u017ee podnijeti prigovor kojim iznosi svoje nezadovoljstvo na isporu\u010denu javnu uslugu i to u pisanom obliku u poslovnim prostorijama 1.MAJ-a d.o.o., Vine\u017e 81, 52220 Labin, putem po\u0161te, telefaksa na broj: 00385 52 856 [&hellip;]<\/p>\n","protected":false},"author":1,"featured_media":14818,"parent":9103,"menu_order":12,"comment_status":"closed","ping_status":"closed","template":"","meta":[],"_links":{"self":[{"href":"https:\/\/prvimaj.hr\/index.php?rest_route=\/wp\/v2\/pages\/199"}],"collection":[{"href":"https:\/\/prvimaj.hr\/index.php?rest_route=\/wp\/v2\/pages"}],"about":[{"href":"https:\/\/prvimaj.hr\/index.php?rest_route=\/wp\/v2\/types\/page"}],"author":[{"embeddable":true,"href":"https:\/\/prvimaj.hr\/index.php?rest_route=\/wp\/v2\/users\/1"}],"replies":[{"embeddable":true,"href":"https:\/\/prvimaj.hr\/index.php?rest_route=%2Fwp%2Fv2%2Fcomments&post=199"}],"version-history":[{"count":8,"href":"https:\/\/prvimaj.hr\/index.php?rest_route=\/wp\/v2\/pages\/199\/revisions"}],"predecessor-version":[{"id":22815,"href":"https:\/\/prvimaj.hr\/index.php?rest_route=\/wp\/v2\/pages\/199\/revisions\/22815"}],"up":[{"embeddable":true,"href":"https:\/\/prvimaj.hr\/index.php?rest_route=\/wp\/v2\/pages\/9103"}],"wp:featuredmedia":[{"embeddable":true,"href":"https:\/\/prvimaj.hr\/index.php?rest_route=\/wp\/v2\/media\/14818"}],"wp:attachment":[{"href":"https:\/\/prvimaj.hr\/index.php?rest_route=%2Fwp%2Fv2%2Fmedia&parent=199"}],"curies":[{"name":"wp","href":"https:\/\/api.w.org\/{rel}","templated":true}]}}