{"id":201,"date":"2015-11-12T11:56:34","date_gmt":"2015-11-12T11:56:34","guid":{"rendered":"http:\/\/prvimaj.hr\/?page_id=201"},"modified":"2025-02-03T07:27:30","modified_gmt":"2025-02-03T06:27:30","slug":"sponzorstva-i-donacije","status":"publish","type":"page","link":"https:\/\/prvimaj.hr\/?page_id=201","title":{"rendered":"Sponzorstva i donacije"},"content":{"rendered":"<p>1.MAJ d.o.o. u obvezi je primjene Uredbe o kriterijima, mjerilima i postupcima financiranja i ugovaranja programa i projekata od interesa za op\u0107e dobro koje provode udruge (NN 26\/15).<\/p>\n<hr \/>\n<h3>Godi\u0161nja izvje\u0161\u0107a<\/h3>\n<p>Stoga je ovo trgova\u010dko dru\u0161tvo du\u017eno Uredu za udruge dostaviti godi\u0161nji <em>Izvje\u0161taj o provedenim postupcima i dodijeljenim financijskim sredstvima iz javnih izvora za projekte i<\/em><em> programe od interesa za op\u0107e dobro koje provode udruge i druge organizacije <\/em><em>civilnoga\u00a0<\/em><em>dru\u0161tva.<\/em><\/p>\n<p>Podaci se dostavljaju putem informacijskog sustava Uredu za udruge, a u skladu s rokovima posljednje dostavljeno izvje\u0161\u0107e odnosi se na 2021. godinu.<\/p>\n<ul>\n<li><a href=\"https:\/\/prvimaj.hr\/wp-content\/uploads\/2025\/02\/Donacije-2024.xlsx\">Lista donacija za 2024. godinu<\/a><\/li>\n<li><a href=\"https:\/\/prvimaj.hr\/wp-content\/uploads\/2025\/02\/Donacije-2023.xlsx\">Lista donacija za 2023. godinu<\/a><\/li>\n<li><a href=\"https:\/\/prvimaj.hr\/wp-content\/uploads\/2025\/02\/Donacija-2022.xlsx\">Lista donacija za 2022. godinu<\/a><\/li>\n<li><a href=\"https:\/\/prvimaj.hr\/wp-content\/uploads\/2024\/02\/Detaljno-izvjesce2021.xlsx\">Lista donacija za 2021. godinu<\/a><\/li>\n<li><a href=\"https:\/\/prvimaj.hr\/wp-content\/uploads\/2021\/07\/LIsta-donacija.xlsx\" target=\"_blank\" rel=\"noopener\">Lista donacija za 2020. godinu<\/a><\/li>\n<li><a href=\"https:\/\/prvimaj.hr\/wp-content\/uploads\/2020\/08\/Lista-donacija-2019..xlsx\" target=\"_blank\" rel=\"noopener\">Lista donacija za 2019. godinu<\/a><\/li>\n<\/ul>\n<hr \/>\n<h3>Pravilnik<\/h3>\n<p>Na ovoj stranici objavljujemo <strong>va\u017ee\u0107i pravilnik<\/strong> kojim se regulira pitanje sponzorstva i donacija od strane trgova\u010dkog dru\u0161tva 1.MAJ d.o.o.:<\/p>\n<p><a href=\"https:\/\/prvimaj.hr\/wp-content\/uploads\/2015\/11\/pdfAttach2.png\"><img loading=\"lazy\" class=\"alignnone wp-image-103\" src=\"https:\/\/prvimaj.hr\/wp-content\/uploads\/2015\/11\/pdfAttach2.png\" alt=\"pdfAttach\" width=\"34\" height=\"46\" \/><\/a><a href=\"https:\/\/prvimaj.hr\/wp-content\/uploads\/2015\/11\/Pravilnik-sponzorstva-i-donacije.pdf\"> Pravilnik o sponzoriranju i doniranju trgova\u010dkog dru\u0161tva 1.MAJ d.o.o.<\/a><\/p>\n","protected":false},"excerpt":{"rendered":"<p>1.MAJ d.o.o. u obvezi je primjene Uredbe o kriterijima, mjerilima i postupcima financiranja i ugovaranja programa i projekata od interesa za op\u0107e dobro koje provode udruge (NN 26\/15). Godi\u0161nja izvje\u0161\u0107a Stoga je ovo trgova\u010dko dru\u0161tvo du\u017eno Uredu za udruge dostaviti godi\u0161nji Izvje\u0161taj o provedenim postupcima i dodijeljenim financijskim sredstvima iz javnih izvora za projekte i [&hellip;]<\/p>\n","protected":false},"author":1,"featured_media":14774,"parent":20,"menu_order":13,"comment_status":"closed","ping_status":"closed","template":"","meta":[],"_links":{"self":[{"href":"https:\/\/prvimaj.hr\/index.php?rest_route=\/wp\/v2\/pages\/201"}],"collection":[{"href":"https:\/\/prvimaj.hr\/index.php?rest_route=\/wp\/v2\/pages"}],"about":[{"href":"https:\/\/prvimaj.hr\/index.php?rest_route=\/wp\/v2\/types\/page"}],"author":[{"embeddable":true,"href":"https:\/\/prvimaj.hr\/index.php?rest_route=\/wp\/v2\/users\/1"}],"replies":[{"embeddable":true,"href":"https:\/\/prvimaj.hr\/index.php?rest_route=%2Fwp%2Fv2%2Fcomments&post=201"}],"version-history":[{"count":15,"href":"https:\/\/prvimaj.hr\/index.php?rest_route=\/wp\/v2\/pages\/201\/revisions"}],"predecessor-version":[{"id":23208,"href":"https:\/\/prvimaj.hr\/index.php?rest_route=\/wp\/v2\/pages\/201\/revisions\/23208"}],"up":[{"embeddable":true,"href":"https:\/\/prvimaj.hr\/index.php?rest_route=\/wp\/v2\/pages\/20"}],"wp:featuredmedia":[{"embeddable":true,"href":"https:\/\/prvimaj.hr\/index.php?rest_route=\/wp\/v2\/media\/14774"}],"wp:attachment":[{"href":"https:\/\/prvimaj.hr\/index.php?rest_route=%2Fwp%2Fv2%2Fmedia&parent=201"}],"curies":[{"name":"wp","href":"https:\/\/api.w.org\/{rel}","templated":true}]}}