{"id":2195,"date":"2016-05-31T12:04:02","date_gmt":"2016-05-31T11:04:02","guid":{"rendered":"http:\/\/prvimaj.hr\/?page_id=2195"},"modified":"2026-03-19T11:52:32","modified_gmt":"2026-03-19T10:52:32","slug":"podaci-o-kolicinama-prikupljenog-otpada","status":"publish","type":"page","link":"https:\/\/prvimaj.hr\/?page_id=2195","title":{"rendered":"Podaci o koli\u010dinama prikupljenog otpada"},"content":{"rendered":"<h3>Upute za pravilno odvajanje otpada<\/h3>\n<p>Vi\u0161e informacija o pravilnom odvajanju otpada mo\u017eete prona\u0107i na mre\u017enoj stranici\u00a0<strong><span style=\"color: #ff0000;\"><a style=\"color: #ff0000;\" href=\"https:\/\/zelene-navike.hr\/recikliranje-otpada\" target=\"_blank\" rel=\"noopener\">www.zelene-navike.hr<\/a><\/span>\u00a0<\/strong>ili u bro\u0161uri koju mo\u017eete pogledati klikom<strong>\u00a0<span style=\"color: #ff0000;\"><a style=\"color: #ff0000;\" href=\"https:\/\/admin.zelene-navike.hr\/wp-content\/uploads\/2019\/05\/Zelene-navike.pdf\" target=\"_blank\" rel=\"noopener\">OVDJE<\/a><\/span>.<\/strong><\/p>\n<p>You can find in our guide what to do with different types of waste: <a role=\"link\" href=\"https:\/\/admin.zelene-navike.hr\/wp-content\/uploads\/2019\/06\/Letak-ENG.pdf\" target=\"_blank\" rel=\"noopener\"><b>GUIDE<\/b><\/a><\/p>\n<hr \/>\n<h3>Koli\u010dine prikupljenog otpada<\/h3>\n<p>Prikazani su podaci o <span style=\"color: #ff0000;\"><strong>koli\u010dinama prikupljenog otpada od 2022. do 2025. godine<\/strong><\/span>, prema vlastitim evidencijama 1.MAJ-a d.o.o. Navedene su koli\u010dine po vrstama odvojeno prikupljenog otpada, ukupne koli\u010dine odvojeno prikupljenog otpada, koli\u010dine mije\u0161anog komunalnog otpada i biorazgradivog otpada, ukupne koli\u010dine otpada te udio odvojeno prikupljenog otpada u ukupno prikupljenom komunalnom otpadu. Treba napomenuti da zbog zakonskih izmjena od 2021. godine vrijedi nova metodologija te su u skladu s time i udjeli odvojeno prikupljenog otpada ve\u0107i nego 2020. godine. Ispod tablice mo\u017eete klikom na &#8220;<strong>OVDJE<\/strong>&#8221; vidjeti podatke za du\u017ee vremensko razdoblje (2013.-2025.).<\/p>\n<hr \/>\n<p><a href=\"https:\/\/prvimaj.hr\/?attachment_id=25377\" rel=\"attachment wp-att-25377\"><img loading=\"lazy\" class=\"size-full wp-image-25377 aligncenter\" src=\"https:\/\/prvimaj.hr\/wp-content\/uploads\/2026\/03\/Kolicine-2023-2025.png\" alt=\"\" width=\"496\" height=\"303\" srcset=\"https:\/\/prvimaj.hr\/wp-content\/uploads\/2026\/03\/Kolicine-2023-2025.png 496w, https:\/\/prvimaj.hr\/wp-content\/uploads\/2026\/03\/Kolicine-2023-2025-300x183.png 300w, https:\/\/prvimaj.hr\/wp-content\/uploads\/2026\/03\/Kolicine-2023-2025-150x92.png 150w\" sizes=\"(max-width: 496px) 100vw, 496px\" \/><\/a><\/p>\n<hr \/>\n<p>Koli\u010dine prikupljenog selektivnog otpada za razdoblje 2013.-2025. na pregledan na\u010din mo\u017eete pogledati: <a href=\"https:\/\/prvimaj.hr\/wp-content\/uploads\/2026\/03\/Kolicine-2013-2025.png\" target=\"_blank\" rel=\"noopener\"><span style=\"color: #ff0000;\"><strong>OVDJE<\/strong><\/span><\/a><\/p>\n<hr \/>\n<p><a href=\"https:\/\/prvimaj.hr\/?attachment_id=25375\" rel=\"attachment wp-att-25375\"><img loading=\"lazy\" class=\"size-full wp-image-25375 aligncenter\" src=\"https:\/\/prvimaj.hr\/wp-content\/uploads\/2026\/03\/Graf-2013-2025.png\" alt=\"\" width=\"484\" height=\"292\" srcset=\"https:\/\/prvimaj.hr\/wp-content\/uploads\/2026\/03\/Graf-2013-2025.png 484w, https:\/\/prvimaj.hr\/wp-content\/uploads\/2026\/03\/Graf-2013-2025-300x181.png 300w, https:\/\/prvimaj.hr\/wp-content\/uploads\/2026\/03\/Graf-2013-2025-150x90.png 150w\" sizes=\"(max-width: 484px) 100vw, 484px\" \/><\/a><\/p>\n","protected":false},"excerpt":{"rendered":"<p>Upute za pravilno odvajanje otpada Vi\u0161e informacija o pravilnom odvajanju otpada mo\u017eete prona\u0107i na mre\u017enoj stranici\u00a0www.zelene-navike.hr\u00a0ili u bro\u0161uri koju mo\u017eete pogledati klikom\u00a0OVDJE. You can find in our guide what to do with different types of waste: GUIDE Koli\u010dine prikupljenog otpada Prikazani su podaci o koli\u010dinama prikupljenog otpada od 2022. do 2025. godine, prema vlastitim evidencijama [&hellip;]<\/p>\n","protected":false},"author":2,"featured_media":11125,"parent":60,"menu_order":6,"comment_status":"closed","ping_status":"closed","template":"","meta":[],"_links":{"self":[{"href":"https:\/\/prvimaj.hr\/index.php?rest_route=\/wp\/v2\/pages\/2195"}],"collection":[{"href":"https:\/\/prvimaj.hr\/index.php?rest_route=\/wp\/v2\/pages"}],"about":[{"href":"https:\/\/prvimaj.hr\/index.php?rest_route=\/wp\/v2\/types\/page"}],"author":[{"embeddable":true,"href":"https:\/\/prvimaj.hr\/index.php?rest_route=\/wp\/v2\/users\/2"}],"replies":[{"embeddable":true,"href":"https:\/\/prvimaj.hr\/index.php?rest_route=%2Fwp%2Fv2%2Fcomments&post=2195"}],"version-history":[{"count":24,"href":"https:\/\/prvimaj.hr\/index.php?rest_route=\/wp\/v2\/pages\/2195\/revisions"}],"predecessor-version":[{"id":25379,"href":"https:\/\/prvimaj.hr\/index.php?rest_route=\/wp\/v2\/pages\/2195\/revisions\/25379"}],"up":[{"embeddable":true,"href":"https:\/\/prvimaj.hr\/index.php?rest_route=\/wp\/v2\/pages\/60"}],"wp:featuredmedia":[{"embeddable":true,"href":"https:\/\/prvimaj.hr\/index.php?rest_route=\/wp\/v2\/media\/11125"}],"wp:attachment":[{"href":"https:\/\/prvimaj.hr\/index.php?rest_route=%2Fwp%2Fv2%2Fmedia&parent=2195"}],"curies":[{"name":"wp","href":"https:\/\/api.w.org\/{rel}","templated":true}]}}