{"id":27,"date":"2015-11-06T12:32:07","date_gmt":"2015-11-06T12:32:07","guid":{"rendered":"http:\/\/prvimaj.hr\/?page_id=27"},"modified":"2024-12-05T07:46:11","modified_gmt":"2024-12-05T06:46:11","slug":"misija-i-vizija","status":"publish","type":"page","link":"https:\/\/prvimaj.hr\/?page_id=27","title":{"rendered":"Misija i vizija"},"content":{"rendered":"<h3>Misija<\/h3>\n<p>Misija je osnovna funkcija odnosno zadatak poduze\u0107a te bilo kojeg njegovog dijela. Upravo zbog toga svaka vrsta organiziranog djelovanja mora imati misiju da bi imala smisla. U tom kontekstu, misija trgova\u010dkog dru\u0161tva <a href=\"https:\/\/prvimaj.hr\/?page_id=366\" target=\"_blank\" rel=\"noopener\">1.MAJ<\/a> d.o.o. jest:<\/p>\n<ul>\n<li>osigurati trajno i kvalitetno obavljanje djelatnosti kori\u0161tenjem vlastitih tehni\u010dkih i ljudskih potencijala na principima odr\u017eivog razvoja i stalnog pra\u0107enja europskih trendova kvalitete na podru\u010dju <a href=\"https:\/\/mpgi.gov.hr\/o-ministarstvu\/djelokrug\/komunalno-gospodarstvo-8131\/komunalne-djelatnosti\/8538\" target=\"_blank\" rel=\"noopener\">komunalnih djelatnosti<\/a><\/li>\n<li>odr\u017eavati sve komunalne objekte i ure\u0111aje u stanju funkcionalne sposobnosti uz maksimalno po\u0161tivanje za\u0161tite okoli\u0161a, odr\u017eivog razvoja i javnog interesa lokalne zajednice u kojima djeluje<\/li>\n<li>ja\u010danje sustava kontrole poslovanja uz po\u0161tivanje europskih standarda transparentnosti poslovanja<\/li>\n<li>stalna briga o zadovoljstvu svojih radnika kao i svih korisnika usluga<\/li>\n<li>pravilno gospodarenje komunalnim otpadom, odr\u017eavanje i \u010di\u0161\u0107enje parkova, javnih povr\u0161ina i groblja \u0161to \u010dini temelj sada\u0161njeg i budu\u0107eg poslovnog upravljanja Dru\u0161tvom i to u suradnji sa <a href=\"https:\/\/prvimaj.hr\/?page_id=45\" target=\"_blank\" rel=\"noopener\">osniva\u010dima<\/a>.<\/li>\n<\/ul>\n<h3>Vizija<\/h3>\n<p>Vizija predstavlja \u0161iroku sliku kojoj neko poduze\u0107e op\u0107enito te\u017ei. Viziju kao takvu potrebno je razli\u010ditim instrumentima implementirati u poslovanje, integrirati je u svakodnevne procedure i ono \u0161to je najva\u017enije upoznati radnike te korisnike usluga sa istom. Vizija trgova\u010dkog dru\u0161tva 1.MAJ d.o.o. jest:<\/p>\n<ul>\n<li>usmjerenje na kontinuirano pru\u017eanje izvrsne komunalne usluge razvojem i stalnim unapre\u0111ivanjem vlastitih tehni\u010dko-tehnolo\u0161kih i ljudskih resursa<\/li>\n<li>usmjerenje na principe za\u0161tite okoli\u0161a te odr\u017eivog razvoja<\/li>\n<li>osiguranje stalnog obrazovanja svih radnika<\/li>\n<li>aktivno sudjelovanje u promicanju ekologije i odr\u017eivog razvoja prema svim stanovnicima Labin\u0161tine<\/li>\n<li>poseban zna\u010daj promicanju ekologije prema mladima i pove\u0107anje ekolo\u0161ke svijesti od najranije dobi<\/li>\n<li>pobolj\u0161anje kvalitete \u017eivljenja svih stanovnika Labin\u0161tine<\/li>\n<\/ul>\n<p>Implementiranje misije i vizije u poslovanje je proces koji traje nekoliko godina, no ukoliko upravo te odrednice misije i vizije budu\u0107eg djelovanja trgova\u010dkog dru\u0161tva 1.MAJ d.o.o. pretvorimo u operativne aktivnosti i ciljeve, tada to zna\u010di da ono mora po\u010divati na pove\u0107anju zadovoljstva svih korisnika usluga, i to kroz:<\/p>\n<ul>\n<li>unapre\u0111ivanje postupanja komunalnim otpadom<\/li>\n<li>evidentiranje i sanaciju divljih deponija<\/li>\n<li>stalno unapre\u0111ivanje odr\u017eavanja, ure\u0111enja i \u010di\u0161\u0107enja javnih i zelenih povr\u0161ina, parkova, \u0161uma, ulica, cesta, naselja i groblja<\/li>\n<li>podizanje nivoa ukupne ure\u0111enosti svih zelenih povr\u0161ina gradnjom i opremanjem novih povr\u0161ina u skladu sa mediteranskim podnebljem<\/li>\n<li>po\u0161tivanje na\u010dela ekonomi\u010dnosti, racionalnosti i svrsishodnosti<\/li>\n<li>te\u017enju temeljnom cilju da prostor u kojem trgova\u010dko dru\u0161tvo 1.MAJ d.o.o. kao komunalno poduze\u0107e djeluje u\u010dini ugodnijim i po\u017eeljnijim za \u017eivot svih korisnika usluga<\/li>\n<li>upoznavanje korisnika, \u0161ire javnosti i medija sa misijom i vizijom te operativnim aktivnostima i ciljevima u cilju pove\u0107anja transparentnosti poslovanja te pribli\u017eavanja istima u cilju stvaranja kvalitetnog odnosa komunikacije i povjerenja uz stvaranje slike socijalno senzibilnog poduze\u0107a.<\/li>\n<\/ul>\n","protected":false},"excerpt":{"rendered":"<p>Misija Misija je osnovna funkcija odnosno zadatak poduze\u0107a te bilo kojeg njegovog dijela. Upravo zbog toga svaka vrsta organiziranog djelovanja mora imati misiju da bi imala smisla. U tom kontekstu, misija trgova\u010dkog dru\u0161tva 1.MAJ d.o.o. jest: osigurati trajno i kvalitetno obavljanje djelatnosti kori\u0161tenjem vlastitih tehni\u010dkih i ljudskih potencijala na principima odr\u017eivog razvoja i stalnog pra\u0107enja [&hellip;]<\/p>\n","protected":false},"author":1,"featured_media":14743,"parent":20,"menu_order":3,"comment_status":"closed","ping_status":"closed","template":"","meta":[],"_links":{"self":[{"href":"https:\/\/prvimaj.hr\/index.php?rest_route=\/wp\/v2\/pages\/27"}],"collection":[{"href":"https:\/\/prvimaj.hr\/index.php?rest_route=\/wp\/v2\/pages"}],"about":[{"href":"https:\/\/prvimaj.hr\/index.php?rest_route=\/wp\/v2\/types\/page"}],"author":[{"embeddable":true,"href":"https:\/\/prvimaj.hr\/index.php?rest_route=\/wp\/v2\/users\/1"}],"replies":[{"embeddable":true,"href":"https:\/\/prvimaj.hr\/index.php?rest_route=%2Fwp%2Fv2%2Fcomments&post=27"}],"version-history":[{"count":17,"href":"https:\/\/prvimaj.hr\/index.php?rest_route=\/wp\/v2\/pages\/27\/revisions"}],"predecessor-version":[{"id":22819,"href":"https:\/\/prvimaj.hr\/index.php?rest_route=\/wp\/v2\/pages\/27\/revisions\/22819"}],"up":[{"embeddable":true,"href":"https:\/\/prvimaj.hr\/index.php?rest_route=\/wp\/v2\/pages\/20"}],"wp:featuredmedia":[{"embeddable":true,"href":"https:\/\/prvimaj.hr\/index.php?rest_route=\/wp\/v2\/media\/14743"}],"wp:attachment":[{"href":"https:\/\/prvimaj.hr\/index.php?rest_route=%2Fwp%2Fv2%2Fmedia&parent=27"}],"curies":[{"name":"wp","href":"https:\/\/api.w.org\/{rel}","templated":true}]}}