{"id":277,"date":"2015-11-12T12:40:21","date_gmt":"2015-11-12T12:40:21","guid":{"rendered":"http:\/\/prvimaj.hr\/?page_id=277"},"modified":"2026-05-04T09:47:59","modified_gmt":"2026-05-04T08:47:59","slug":"terminski-plan-odvoza-selektivno-prikupljenog-otpada","status":"publish","type":"page","link":"https:\/\/prvimaj.hr\/?page_id=277","title":{"rendered":"Raspored odvoza otpada"},"content":{"rendered":"\n<p>Na ovoj stranici objavljeni su <span style=\"color: #ff0000;\"><strong>va\u017ee\u0107i rasporedi odvoza<\/strong><\/span> mije\u0161anog komunalnog otpada i odvojeno prikupljenog otpada u sustavu &#8220;od vrata do vrata&#8221;. Tako\u0111er, na ovoj stranici objavljeni su i rasporedi postavljanja <span style=\"color: #ff0000;\"><strong>mobilnog recikla\u017enog dvori\u0161ta<\/strong><\/span> ukoliko su u tijeku. Rasporede se otvara klikom na natuknice uz ikone.<\/p>\n\n\n<hr>\n<h3>Informativni mjese\u010dni izra\u010dun<\/h3>\n\n\n<p>Informativni mjese\u010dni izra\u010dun javne usluge za ku\u0107anstva mo\u017eete dobiti kori\u0161tenjem na\u0161eg kalkulatora. Potrebno je upisati tra\u017eene podatke te je tada vidljiv informativni izra\u010dun. Kalkulator mo\u017eete preuzeti klikom: <strong><span class=\"has-inline-color has-vivid-red-color\"><a href=\"https:\/\/prvimaj.hr\/wp-content\/uploads\/2026\/03\/Kalkulator-cijena-1.MAJ-E_1.3.2026..xlsx\" title=\"https:\/\/prvimaj.hr\/wp-content\/uploads\/2026\/03\/Kalkulator-cijena-1.MAJ-E_1.3.2026..xlsx\">OVDJE<\/a><\/span><\/strong>.<\/p>\n\n\n<hr \/>\n<h3>Mije\u0161ani komunalni otpad<\/h3>\n<p><a href=\"https:\/\/prvimaj.hr\/?attachment_id=5114\" rel=\"attachment wp-att-5114\" data-rich-text-format-boundary=\"true\"><img loading=\"lazy\" class=\"alignnone wp-image-5114\" src=\"https:\/\/prvimaj.hr\/wp-content\/uploads\/2015\/11\/4-150x150.jpg\" alt=\"4\" width=\"37\" height=\"37\" srcset=\"https:\/\/prvimaj.hr\/wp-content\/uploads\/2015\/11\/4-150x150.jpg 150w, https:\/\/prvimaj.hr\/wp-content\/uploads\/2015\/11\/4-300x300.jpg 300w, https:\/\/prvimaj.hr\/wp-content\/uploads\/2015\/11\/4-60x60.jpg 60w, https:\/\/prvimaj.hr\/wp-content\/uploads\/2015\/11\/4.jpg 373w\" sizes=\"(max-width: 37px) 100vw, 37px\" \/><\/a>\u00a0 <a href=\"https:\/\/prvimaj.hr\/wp-content\/uploads\/2026\/03\/Terminski-plan-MKO_30.3.2026..pdf\" target=\"_blank\" rel=\"noopener\"><strong>RASPORED ODVOZA MIJE\u0160ANOG KOMUNALNOG OTPADA ZA CIJELU LABIN\u0160TINU (od 30.3.2026.)<\/strong><\/a><\/p>\n<hr \/>\n<h3>Odvojeno prikupljeni otpad\u00a0<\/h3>\n<p><img loading=\"lazy\" src=\"https:\/\/prvimaj.hr\/wp-content\/uploads\/2015\/11\/1-150x150.jpg\" alt=\"1\" width=\"37\" height=\"37\" \/>\u00a0<img loading=\"lazy\" src=\"https:\/\/prvimaj.hr\/wp-content\/uploads\/2015\/11\/2-150x150.jpg\" alt=\"2\" width=\"37\" height=\"37\" \/>\u00a0 <a href=\"https:\/\/prvimaj.hr\/wp-content\/uploads\/2026\/03\/Raspored-selektivno-2026-prva-polovica.pdf\" target=\"_blank\" rel=\"noopener\"><strong>RASPORED PRIKUPLJANJA ODVOJENOG OTPADA OD 29.12.2025. DO 4.7.2026. (PRVI DIO 2026.)<\/strong><\/a><\/p>\n<hr \/>\n<p><strong>BIOOTPAD\u00a0<\/strong>se trenutno prikuplja u ulicama Istarskih narodnjaka, Viktora Cara Emina i Marcilnici <strong>svakoga petka<\/strong>.<\/p>\n<hr \/>\n<p><img loading=\"lazy\" class=\"alignnone  wp-image-14797\" src=\"https:\/\/prvimaj.hr\/wp-content\/uploads\/2021\/11\/3-300x300.jpg\" alt=\"\" width=\"39\" height=\"39\" srcset=\"https:\/\/prvimaj.hr\/wp-content\/uploads\/2021\/11\/3-300x300.jpg 300w, https:\/\/prvimaj.hr\/wp-content\/uploads\/2021\/11\/3-150x150.jpg 150w, https:\/\/prvimaj.hr\/wp-content\/uploads\/2021\/11\/3-60x60.jpg 60w, https:\/\/prvimaj.hr\/wp-content\/uploads\/2021\/11\/3.jpg 373w\" sizes=\"(max-width: 39px) 100vw, 39px\" \/> STAKLENA AMBALA\u017dA se zadnji put &#8220;od vrata do vrata&#8221; prikupljalo <strong>15.3.2022.<\/strong> godine, nakon \u010dega se prikuplja isklju\u010divo putem spremnika na javnim povr\u0161inama.<\/p>\n<p><img loading=\"lazy\" class=\"alignnone  wp-image-5118\" src=\"https:\/\/prvimaj.hr\/wp-content\/uploads\/2015\/11\/Labin_grb.gif\" alt=\"\" width=\"34\" height=\"34\" \/> <strong><a href=\"https:\/\/prvimaj.hr\/wp-content\/uploads\/2022\/12\/Lokacije-spremnika-za-staklo_Labin.pdf\" target=\"_blank\" rel=\"noopener\">LOKACIJE SPREMNIKA ZA STAKLENU AMBALA\u017dU &#8211; GRAD LABIN<\/a><\/strong><\/p>\n<hr \/>\n<h3>Mobilno recikla\u017eno dvori\u0161te<\/h3>\n<p><img loading=\"lazy\" class=\"\" src=\"https:\/\/upload.wikimedia.org\/wikipedia\/hr\/b\/b3\/Ra%C5%A1a_%28grb%29.gif\" alt=\"Datoteka:Ra\u0161a (grb).gif \u2013 Wikipedija\" width=\"27\" height=\"35\" \/> MOBILNO RECIKLA\u017dNO DVORI\u0160TE u naselju <strong>Ra\u0161a<\/strong> dostupno je svaku <strong>tre\u0107u subotu<\/strong> od 9,00 do 17,00 sati ispred biv\u0161e toplane. Sljede\u0107i datumi: <strong>9.5.2026., 30.5.2026. (blagdan &#8211; zatvoreno), 6.6.2026., 27.6.2026., 18.7.2026., 8.8.2026., 29.8.2026., 19.9.2026., 10.10.2026., 31.10.2026., 21.11.2026., 12.12.2026.<\/strong><\/p>\n<p><img loading=\"lazy\" class=\"\" src=\"https:\/\/upload.wikimedia.org\/wikipedia\/hr\/3\/3d\/Sveta_Nedelja%2C_op%C4%87ina_%28grb%29.gif\" alt=\"Datoteka:Sveta Nedelja, op\u0107ina (grb).gif \u2013 Wikipedija\" width=\"31\" height=\"34\" \/>\u00a0 <a href=\"https:\/\/prvimaj.hr\/wp-content\/uploads\/2026\/05\/SvNedelja-MRD-proljece-2026-dodatno.png\" target=\"_blank\" rel=\"noopener\"><strong>RASPORED ZA OP\u0106INU SV.NEDELJA (svibanj 2026.)<\/strong><\/a><\/p>\n<p>Realizirani rasporedi (prolje\u0107e 2026.):<\/p>\n<p><img loading=\"lazy\" class=\"\" src=\"https:\/\/upload.wikimedia.org\/wikipedia\/hr\/8\/86\/Pi%C4%87an_%28grb%29.gif\" alt=\"Datoteka:Pi\u0107an (grb).gif \u2013 Wikipedija\" width=\"30\" height=\"36\" \/>\u00a0 <del><a href=\"https:\/\/prvimaj.hr\/wp-content\/uploads\/2026\/03\/Pican-MRD-proljece-2026.png\" target=\"_blank\" rel=\"noopener\"><strong>RASPORED ZA OP\u0106INU PI\u0106AN (o\u017eujak 2026.)<\/strong><\/a><\/del><\/p>\n<p><img loading=\"lazy\" class=\"\" src=\"https:\/\/upload.wikimedia.org\/wikipedia\/hr\/e\/e4\/Kr%C5%A1an_%28grb%29.gif\" alt=\"Datoteka:Kr\u0161an (grb).gif \u2013 Wikipedija\" width=\"30\" height=\"37\" \/>\u00a0<del> <a href=\"https:\/\/prvimaj.hr\/wp-content\/uploads\/2026\/03\/Krsan-MRD-proljece-2026-izmjena.png\" target=\"_blank\" rel=\"noopener\"><strong>RASPORED ZA OP\u0106INU KR\u0160AN (o\u017eujak 2026.)<\/strong><\/a><\/del><\/p>\n<p><img loading=\"lazy\" class=\"\" src=\"https:\/\/upload.wikimedia.org\/wikipedia\/hr\/3\/3d\/Sveta_Nedelja%2C_op%C4%87ina_%28grb%29.gif\" alt=\"Datoteka:Sveta Nedelja, op\u0107ina (grb).gif \u2013 Wikipedija\" width=\"31\" height=\"34\" \/>\u00a0<del> <a href=\"https:\/\/prvimaj.hr\/wp-content\/uploads\/2026\/04\/SvNedelja-MRD-2026-izmjena.png\" target=\"_blank\" rel=\"noopener\"><strong>RASPORED ZA OP\u0106INU SV.NEDELJA (travanj 2026.)<\/strong><\/a><\/del><\/p>\n<p><img loading=\"lazy\" class=\"\" src=\"https:\/\/upload.wikimedia.org\/wikipedia\/hr\/1\/1b\/Labin_%28grb%29.gif\" alt=\"Datoteka:Labin (grb).gif \u2013 Wikipedija\" width=\"38\" height=\"38\" \/>\u00a0<del><a href=\"https:\/\/prvimaj.hr\/wp-content\/uploads\/2026\/04\/Labin-MRD-proljece-2026-1.png\" target=\"_blank\" rel=\"noopener\"><strong> RASPORED ZA GRAD LABIN (travanj 2026.)<\/strong><\/a><\/del><\/p>\n<p><img loading=\"lazy\" class=\"\" src=\"https:\/\/upload.wikimedia.org\/wikipedia\/hr\/b\/b3\/Ra%C5%A1a_%28grb%29.gif\" alt=\"Datoteka:Ra\u0161a (grb).gif \u2013 Wikipedija\" width=\"32\" height=\"41\" \/>\u00a0 <del>\u00a0<a href=\"https:\/\/prvimaj.hr\/wp-content\/uploads\/2026\/04\/Rasa-MRD-proljece-2026.png\" target=\"_blank\" rel=\"noopener\"><strong>RASPORED ZA OP\u0106INU RA\u0160A (travanj 2026.)<\/strong><\/a><\/del><\/p>\n<hr \/>\n<h3>Upute za pravilno odvajanje otpada<\/h3>\n\n\n<p>Vi\u0161e informacija o pravilnom odvajanju otpada mo\u017eete prona\u0107i na mre\u017enoj stranici&nbsp;<strong><span style=\"color: #ff0000;\"><a style=\"color: #ff0000;\" href=\"https:\/\/zelene-navike.hr\/recikliranje-otpada\" target=\"_blank\" rel=\"noopener\">www.zelene-navike.hr<\/a><\/span>&nbsp;<\/strong>ili u bro\u0161uri koju mo\u017eete pogledati klikom<strong>&nbsp;<span style=\"color: #ff0000;\"><a style=\"color: #ff0000;\" href=\"https:\/\/admin.zelene-navike.hr\/wp-content\/uploads\/2019\/05\/Zelene-navike.pdf\" target=\"_blank\" rel=\"noopener\">OVDJE<\/a><\/span>.<\/strong><\/p>\n\n\n\n<p>Kratke upute o tome \u0161to se odla\u017ee u koji spremnik: <strong><a href=\"https:\/\/prvimaj.hr\/wp-content\/uploads\/2022\/05\/Upute-o-odvajanju-otpada.pdf\" target=\"_blank\" rel=\"noreferrer noopener\" title=\"https:\/\/prvimaj.hr\/wp-content\/uploads\/2022\/05\/Upute-o-odvajanju-otpada.pdf\">UPUTE<\/a><\/strong><\/p>\n\n\n\n<p>\u010cesti primjeri iz prakse: <a href=\"https:\/\/prvimaj.hr\/wp-content\/uploads\/2025\/08\/Primjeri-iz-prakse.pdf\" target=\"_blank\" rel=\"noreferrer noopener\"><strong>UPUTE<\/strong><\/a><\/p>\n\n\n<p>You can find in our guide what to do with different types of waste: <a role=\"link\" href=\"https:\/\/admin.zelene-navike.hr\/wp-content\/uploads\/2019\/06\/Letak-ENG.pdf\" target=\"_blank\" rel=\"noopener\"><b>GUIDE<\/b><\/a><\/p>","protected":false},"excerpt":{"rendered":"<p>Na ovoj stranici objavljeni su va\u017ee\u0107i rasporedi odvoza mije\u0161anog komunalnog otpada i odvojeno prikupljenog otpada u sustavu &#8220;od vrata do vrata&#8221;. Tako\u0111er, na ovoj stranici objavljeni su i rasporedi postavljanja mobilnog recikla\u017enog dvori\u0161ta ukoliko su u tijeku. Rasporede se otvara klikom na natuknice uz ikone. Informativni mjese\u010dni izra\u010dun Informativni mjese\u010dni izra\u010dun javne usluge za ku\u0107anstva [&hellip;]<\/p>\n","protected":false},"author":1,"featured_media":18765,"parent":60,"menu_order":4,"comment_status":"closed","ping_status":"closed","template":"","meta":[],"_links":{"self":[{"href":"https:\/\/prvimaj.hr\/index.php?rest_route=\/wp\/v2\/pages\/277"}],"collection":[{"href":"https:\/\/prvimaj.hr\/index.php?rest_route=\/wp\/v2\/pages"}],"about":[{"href":"https:\/\/prvimaj.hr\/index.php?rest_route=\/wp\/v2\/types\/page"}],"author":[{"embeddable":true,"href":"https:\/\/prvimaj.hr\/index.php?rest_route=\/wp\/v2\/users\/1"}],"replies":[{"embeddable":true,"href":"https:\/\/prvimaj.hr\/index.php?rest_route=%2Fwp%2Fv2%2Fcomments&post=277"}],"version-history":[{"count":327,"href":"https:\/\/prvimaj.hr\/index.php?rest_route=\/wp\/v2\/pages\/277\/revisions"}],"predecessor-version":[{"id":25724,"href":"https:\/\/prvimaj.hr\/index.php?rest_route=\/wp\/v2\/pages\/277\/revisions\/25724"}],"up":[{"embeddable":true,"href":"https:\/\/prvimaj.hr\/index.php?rest_route=\/wp\/v2\/pages\/60"}],"wp:featuredmedia":[{"embeddable":true,"href":"https:\/\/prvimaj.hr\/index.php?rest_route=\/wp\/v2\/media\/18765"}],"wp:attachment":[{"href":"https:\/\/prvimaj.hr\/index.php?rest_route=%2Fwp%2Fv2%2Fmedia&parent=277"}],"curies":[{"name":"wp","href":"https:\/\/api.w.org\/{rel}","templated":true}]}}