{"id":366,"date":"2015-11-16T10:27:26","date_gmt":"2015-11-16T10:27:26","guid":{"rendered":"http:\/\/prvimaj.hr\/?page_id=366"},"modified":"2024-12-05T07:34:57","modified_gmt":"2024-12-05T06:34:57","slug":"temeljni-podaci","status":"publish","type":"page","link":"https:\/\/prvimaj.hr\/?page_id=366","title":{"rendered":"Temeljni podaci"},"content":{"rendered":"<p>SJEDI\u0160TE\/ADRESA: 52220 Labin (Grad Labin), Vine\u017e 81<\/p>\n<p>TVRTKA:<\/p>\n<ul>\n<li>1.MAJ LABIN, dru\u0161tvo s ograni\u010denom odgovorno\u0161\u0107u<\/li>\n<li>1.MAJ d.o.o.<\/li>\n<\/ul>\n<p>OIB: 23557321379<\/p>\n<p>MATI\u010cNI BROJ SUBJEKTA: 040010929<\/p>\n<p>NADLE\u017dNI SUD: <a href=\"https:\/\/sudovi.hr\/hr\/tspa\" target=\"_blank\" rel=\"noopener\">Trgova\u010dki sud u Pazinu<\/a><\/p>\n<p>PRAVNI OBLIK: d.o.o. (dru\u0161tvo s ograni\u010denom odgovorno\u0161\u0107u)<\/p>\n<p>TEMELJNI KAPITAL: 361.160,00 EUR<\/p>\n<p>IBAN: HR3224020061100387143<\/p>\n<p>PREDMET POSLOVANJA:<\/p>\n<ul>\n<li>uklanjanje otpadnih voda, odvoz sme\u0107a i sli\u010dne djelatnosti<\/li>\n<li>pogrebne i prate\u0107e djelatnosti<\/li>\n<li>niskogradnja<\/li>\n<li>opskrba parom i toplom vodom<\/li>\n<li>trgovina na malo cvije\u0107em<\/li>\n<li>prijevoz robe (tereta) cestom<\/li>\n<li>uslu\u017ene djelatnosti u biljnoj proizvodnji<\/li>\n<li>poslovanje nekretninama<\/li>\n<li>ostale poslovne djelatnosti, d. n.<\/li>\n<li>odvodnja i pro\u010di\u0161\u0107avanje otpadnih voda<\/li>\n<li>prijevoz putnika u javnom prometu<\/li>\n<li>odr\u017eavanje \u010disto\u0107e<\/li>\n<li>odlaganje komunalnog otpada<\/li>\n<li>odr\u017eavanje javnih povr\u0161ina<\/li>\n<li>odr\u017eavanje nerazvrstanih cesta<\/li>\n<li>tr\u017enice na malo<\/li>\n<li>odr\u017eavanje groblja i krematorija i prijevoz pokojnika<\/li>\n<li>obavljanje dimnja\u010darskih poslova<\/li>\n<li>upravljanje grobljem<\/li>\n<li>sakupljanja otpada za potrebe drugih<\/li>\n<li>prijevoz otpada za potrebe drugih<\/li>\n<li>posredovanje u organiziranju oporabe i\/ili zbrinjavanja otpada u ime drugih<\/li>\n<li>skupljanje, oporaba i \/ili zbrinjavanja (obrada, odlaganje, spaljivanje i drugi na\u010dini zbrinjavanja otpada), odnosno djelatnost gospodarenja posebnim kategorijama otpada<\/li>\n<li>proizvodnja sadnog materijala<\/li>\n<li>kupnja i prodaja robe<\/li>\n<li>obavljanje trgova\u010dkog posredovanja na doma\u0107em i inozemnom tr\u017ei\u0161tu<\/li>\n<li>obavljanje poslova ogla\u0161avanja i plakatiranja<\/li>\n<\/ul>\n<h3>Dru\u0161tveni ugovor<\/h3>\n<ul>\n<li><a href=\"https:\/\/prvimaj.hr\/wp-content\/uploads\/2019\/09\/Dru\u0161tveni-ugovor_izmjene-2002..pdf\" target=\"_blank\" rel=\"noopener\">Dru\u0161tveni ugovor &#8211; pro\u010di\u0161\u0107eni tekst iz 2002.<\/a><\/li>\n<li><a href=\"https:\/\/prvimaj.hr\/wp-content\/uploads\/2019\/09\/Dru\u0161tveni-ugovor_izmjene-2004..pdf\" target=\"_blank\" rel=\"noopener\">Dru\u0161tveni ugovor &#8211; izmjene iz 2004.<\/a><\/li>\n<li><a href=\"https:\/\/prvimaj.hr\/wp-content\/uploads\/2019\/09\/Dru\u0161tveni-ugovor_izmjene-2013..pdf\" target=\"_blank\" rel=\"noopener\">Dru\u0161tveni ugovor &#8211; izmjene iz 2013.<\/a><\/li>\n<li><a href=\"https:\/\/prvimaj.hr\/wp-content\/uploads\/2019\/09\/Dru\u0161tveni-ugovor-pro\u010di\u0161\u0107eni-tekst-2013..pdf\" target=\"_blank\" rel=\"noopener\"><strong>Dru\u0161tveni ugovor &#8211; pro\u010di\u0161\u0107eni tekst iz 2013.<\/strong><\/a> (aktualni Dru\u0161tveni ugovor)<\/li>\n<\/ul>\n","protected":false},"excerpt":{"rendered":"<p>SJEDI\u0160TE\/ADRESA: 52220 Labin (Grad Labin), Vine\u017e 81 TVRTKA: 1.MAJ LABIN, dru\u0161tvo s ograni\u010denom odgovorno\u0161\u0107u 1.MAJ d.o.o. OIB: 23557321379 MATI\u010cNI BROJ SUBJEKTA: 040010929 NADLE\u017dNI SUD: Trgova\u010dki sud u Pazinu PRAVNI OBLIK: d.o.o. (dru\u0161tvo s ograni\u010denom odgovorno\u0161\u0107u) TEMELJNI KAPITAL: 361.160,00 EUR IBAN: HR3224020061100387143 PREDMET POSLOVANJA: uklanjanje otpadnih voda, odvoz sme\u0107a i sli\u010dne djelatnosti pogrebne i prate\u0107e djelatnosti [&hellip;]<\/p>\n","protected":false},"author":1,"featured_media":14811,"parent":20,"menu_order":1,"comment_status":"closed","ping_status":"closed","template":"","meta":[],"_links":{"self":[{"href":"https:\/\/prvimaj.hr\/index.php?rest_route=\/wp\/v2\/pages\/366"}],"collection":[{"href":"https:\/\/prvimaj.hr\/index.php?rest_route=\/wp\/v2\/pages"}],"about":[{"href":"https:\/\/prvimaj.hr\/index.php?rest_route=\/wp\/v2\/types\/page"}],"author":[{"embeddable":true,"href":"https:\/\/prvimaj.hr\/index.php?rest_route=\/wp\/v2\/users\/1"}],"replies":[{"embeddable":true,"href":"https:\/\/prvimaj.hr\/index.php?rest_route=%2Fwp%2Fv2%2Fcomments&post=366"}],"version-history":[{"count":14,"href":"https:\/\/prvimaj.hr\/index.php?rest_route=\/wp\/v2\/pages\/366\/revisions"}],"predecessor-version":[{"id":22816,"href":"https:\/\/prvimaj.hr\/index.php?rest_route=\/wp\/v2\/pages\/366\/revisions\/22816"}],"up":[{"embeddable":true,"href":"https:\/\/prvimaj.hr\/index.php?rest_route=\/wp\/v2\/pages\/20"}],"wp:featuredmedia":[{"embeddable":true,"href":"https:\/\/prvimaj.hr\/index.php?rest_route=\/wp\/v2\/media\/14811"}],"wp:attachment":[{"href":"https:\/\/prvimaj.hr\/index.php?rest_route=%2Fwp%2Fv2%2Fmedia&parent=366"}],"curies":[{"name":"wp","href":"https:\/\/api.w.org\/{rel}","templated":true}]}}