{"id":45,"date":"2015-11-06T12:43:12","date_gmt":"2015-11-06T12:43:12","guid":{"rendered":"http:\/\/prvimaj.hr\/?page_id=45"},"modified":"2025-12-19T07:48:43","modified_gmt":"2025-12-19T06:48:43","slug":"skupstina-drustva-i-nadzorni-odbor","status":"publish","type":"page","link":"https:\/\/prvimaj.hr\/?page_id=45","title":{"rendered":"Skup\u0161tina dru\u0161tva i Nadzorni odbor"},"content":{"rendered":"<h3>Skup\u0161tina<\/h3>\n<p><strong>Skup\u0161tinu<\/strong> dru\u0161tva \u010dine svi \u010dlanovi dru\u0161tva (<a href=\"https:\/\/labin.hr\/\" target=\"_blank\" rel=\"noopener\">Grad Labin<\/a>, <a href=\"https:\/\/www.rasa.hr\/\" target=\"_blank\" rel=\"noopener\">Op\u0107ina Ra\u0161a<\/a>, <a href=\"https:\/\/krsan.hr\/\" target=\"_blank\" rel=\"noopener\">Op\u0107ina Kr\u0161an<\/a>, <a href=\"https:\/\/www.sv-nedelja.hr\/\" target=\"_blank\" rel=\"noopener\">Op\u0107ina Sveta Nedelja<\/a>, <a href=\"https:\/\/www.pican.hr\/\" target=\"_blank\" rel=\"noopener\">Op\u0107ina Pi\u0107an<\/a>) prema sljede\u0107oj vlasni\u010dkoj strukturi:<\/p>\n<ul>\n<li><strong>Grad Labin\u00a0\u00a0\u00a0\u00a0\u00a0\u00a0\u00a0\u00a0\u00a0\u00a0\u00a0\u00a0\u00a0\u00a0 \u00a0\u00a0\u00a0\u00a0\u00a0\u00a0\u00a0\u00a0 62,10%<\/strong><\/li>\n<li><strong>Op\u0107ina Ra\u0161a\u00a0 \u00a0 \u00a0 \u00a0 \u00a0 \u00a0 \u00a0 \u00a0 \u00a0 \u00a0 \u00a0 14,63%<\/strong><\/li>\n<li><strong>Op\u0107ina Kr\u0161an\u00a0 \u00a0 \u00a0 \u00a0 \u00a0 \u00a0 \u00a0 \u00a0 \u00a0 \u00a0 12,12%<\/strong><\/li>\n<li><strong>Op\u0107ina Sveta Nedelja\u00a0 \u00a0 \u00a0 \u00a09,21%<\/strong><\/li>\n<li><strong>Op\u0107ina Pi\u0107an\u00a0 \u00a0 \u00a0 \u00a0 \u00a0 \u00a0 \u00a0 \u00a0 \u00a0 \u00a0 \u00a0 \u00a01,94%<\/strong><\/li>\n<\/ul>\n<p>Predsjednik Skup\u0161tine je:<\/p>\n<p><strong>Donald Bla\u0161kovi\u0107<\/strong>\u00a0(Grad Labin),<\/p>\n<p>\u010clanovi Skup\u0161tine su:<\/p>\n<ul>\n<li><strong>Leo Knapi\u0107 <\/strong>(Op\u0107ina Ra\u0161a),<\/li>\n<li><strong>Ana Vuksan<\/strong>\u00a0(Op\u0107ina Kr\u0161an),<\/li>\n<li><strong>Irene Frankovi\u0107<\/strong> (Op\u0107ina Sveta Nedelja),<\/li>\n<li><strong>Dean Mo\u010dini\u0107<\/strong>\u00a0(Op\u0107ina Pi\u0107an).<\/li>\n<\/ul>\n<p>Poslovnik o radu skup\u0161tine mo\u017eete vidjeti <a href=\"https:\/\/prvimaj.hr\/wp-content\/uploads\/2023\/04\/5.-POSLOVNIK-O-RADU-SKUPSTINE-2023.pdf\" target=\"_blank\" rel=\"noopener\"><strong>OVDJE<\/strong><\/a>.<\/p>\n<hr \/>\n<h3>Nadzorni odbor<\/h3>\n<p><strong>Nadzorni odbor<\/strong> sastoji se od pet \u010dlanova. \u010cetiri \u010dlana Nadzornog odbora imenuju predstavnici vlasnika, dok je peti \u010dlan, kao predstavnik radnika, imenovan od strane radni\u010dkog vije\u0107a.<\/p>\n<p>Novi saziv Nadzornog odbora potvr\u0111en je <strong>1. prosinca 2025.<\/strong>\u00a0godine na mandat od \u010detiri godine.<\/p>\n<p>Predsjednik Nadzornog odbora je:<br \/><strong>Vladimir Milo\u0161evi\u0107<\/strong><\/p>\n<p>\u010clanovi Nadzornog odbora su:<\/p>\n<ul>\n<li><b>Kristijan Bastijani\u0107,<\/b><\/li>\n<li><strong>Sanja Bi\u010di\u0107<\/strong>,<\/li>\n<li><strong>Ivan Zambon,<\/strong><\/li>\n<li><strong>Danijel \u017du\u017ei\u0107.<\/strong><\/li>\n<\/ul>\n<hr \/>\n<h3>Zapisnici sa sjednica<\/h3>\n\n\n<p>Zapisnike sa sjednica mo\u017eete pro\u010ditati <a href=\"https:\/\/prvimaj.hr\/?page_id=56\" target=\"_blank\" rel=\"noreferrer noopener\" title=\"https:\/\/prvimaj.hr\/?page_id=56\"><strong>OVDJE<\/strong><\/a>.<\/p>\n","protected":false},"excerpt":{"rendered":"<p>Skup\u0161tina Skup\u0161tinu dru\u0161tva \u010dine svi \u010dlanovi dru\u0161tva (Grad Labin, Op\u0107ina Ra\u0161a, Op\u0107ina Kr\u0161an, Op\u0107ina Sveta Nedelja, Op\u0107ina Pi\u0107an) prema sljede\u0107oj vlasni\u010dkoj strukturi: Grad Labin\u00a0\u00a0\u00a0\u00a0\u00a0\u00a0\u00a0\u00a0\u00a0\u00a0\u00a0\u00a0\u00a0\u00a0 \u00a0\u00a0\u00a0\u00a0\u00a0\u00a0\u00a0\u00a0 62,10% Op\u0107ina Ra\u0161a\u00a0 \u00a0 \u00a0 \u00a0 \u00a0 \u00a0 \u00a0 \u00a0 \u00a0 \u00a0 \u00a0 14,63% Op\u0107ina Kr\u0161an\u00a0 \u00a0 \u00a0 \u00a0 \u00a0 \u00a0 \u00a0 \u00a0 \u00a0 \u00a0 12,12% Op\u0107ina Sveta Nedelja\u00a0 \u00a0 [&hellip;]<\/p>\n","protected":false},"author":1,"featured_media":14755,"parent":20,"menu_order":5,"comment_status":"closed","ping_status":"closed","template":"","meta":[],"_links":{"self":[{"href":"https:\/\/prvimaj.hr\/index.php?rest_route=\/wp\/v2\/pages\/45"}],"collection":[{"href":"https:\/\/prvimaj.hr\/index.php?rest_route=\/wp\/v2\/pages"}],"about":[{"href":"https:\/\/prvimaj.hr\/index.php?rest_route=\/wp\/v2\/types\/page"}],"author":[{"embeddable":true,"href":"https:\/\/prvimaj.hr\/index.php?rest_route=\/wp\/v2\/users\/1"}],"replies":[{"embeddable":true,"href":"https:\/\/prvimaj.hr\/index.php?rest_route=%2Fwp%2Fv2%2Fcomments&post=45"}],"version-history":[{"count":34,"href":"https:\/\/prvimaj.hr\/index.php?rest_route=\/wp\/v2\/pages\/45\/revisions"}],"predecessor-version":[{"id":24838,"href":"https:\/\/prvimaj.hr\/index.php?rest_route=\/wp\/v2\/pages\/45\/revisions\/24838"}],"up":[{"embeddable":true,"href":"https:\/\/prvimaj.hr\/index.php?rest_route=\/wp\/v2\/pages\/20"}],"wp:featuredmedia":[{"embeddable":true,"href":"https:\/\/prvimaj.hr\/index.php?rest_route=\/wp\/v2\/media\/14755"}],"wp:attachment":[{"href":"https:\/\/prvimaj.hr\/index.php?rest_route=%2Fwp%2Fv2%2Fmedia&parent=45"}],"curies":[{"name":"wp","href":"https:\/\/api.w.org\/{rel}","templated":true}]}}