{"id":62,"date":"2015-11-11T10:07:57","date_gmt":"2015-11-11T09:07:57","guid":{"rendered":"http:\/\/prvimaj.hr\/?page_id=62"},"modified":"2026-03-30T09:21:33","modified_gmt":"2026-03-30T08:21:33","slug":"pc-pogrebne-usluge","status":"publish","type":"page","link":"https:\/\/prvimaj.hr\/?page_id=62","title":{"rendered":"PC Pogrebne usluge"},"content":{"rendered":"<p><strong>Voditelj PC-a: Fernando Rajkovi\u0107<\/strong><\/p>\n<p>E-mail:\u00a0<a href=\"mailto:fernando.rajkovic@prvimaj.hr\">fernando.rajkovic@prvimaj.hr<\/a><\/p>\n<p>Mob.: 091\/5760-400<\/p>\n<p>Pogrebne usluge (0-24h): 052\/852-015<\/p>\n<p>Cvjetni studio La Fior: 052\/852-288<\/p>\n<hr \/>\n<h3>Tra\u017eilica grobnog mjesta<\/h3>\n<p>Ukoliko niste sigurni gdje po\u010diva pokojnik, tra\u017eilicu grobnog mjesta mo\u017eete prona\u0107i klikom <a href=\"http:\/\/www.axiomgis.com\/labin\" target=\"_blank\" rel=\"noopener\"><strong>OVDJE<\/strong><\/a>.<\/p>\n<p>Mobilna verzija tra\u017eilice dostupna je klikom <a href=\"http:\/\/www.axiomgis.com\/labin\/mobile\" target=\"_blank\" rel=\"noopener\"><strong>OVDJE<\/strong><\/a>.<\/p>\n<hr \/>\n<p>Op\u0107enito gledaju\u0107i, u 1.MAJ-u neki su poslovi \u010desto dostupni, bilo za ugovore na neodre\u0111eno ili pak na odre\u0111eno (sezonski). U takve poslove spadaju poslovi voza\u010da, sabira\u010da otpada, pometa\u010da, vrtlara i grobara. Za takve poslove smo posebno zainteresirani primati otvorene molbe i izvan natje\u010dajnih postupaka. Slobodno se javite na info@prvimaj.hr ili po\u0161tom na adresu Vine\u017e 81, 52220 Labin. Nudimo redovita primanja, minimalno \u010detiri tjedna plus dva dana godi\u0161njeg odmora godi\u0161nje, te razne beneficije poput regresa, solidarne pomo\u0107i, darova u naravi, osposobljavanja, naknade za prijevoz i sl.<\/p>\n<hr \/>\n<p>Od najstarijih vremena ljudskog roda uz nastambe, putove, svete objekte i crkve prostiralo se podru\u010dje grobova pokojnika. Groblje, kao posljednja postaja ljudskoga \u017eivota, od pamtivijeka stoji u neposrednom kontaktu sa naseljima, odnosno gra\u0111anima, a tako je i sa na\u0161im grobljem u Labinu.<\/p>\n<p><img class=\"alignleft\" src=\"https:\/\/prvimaj.hr\/wp-content\/uploads\/2015\/11\/tlocrt-Labina-300x218.jpg\" alt=\"tlocrt Labina\" \/><\/p>\n<p>Na podru\u010dju Labina, kroz povijest, pratimo razli\u010dite tipove pokapanja: od prapovijesnih tumula (obi\u010dno se nalaze u okolici gradinskih naselja), rimskih grobova (podru\u010dje Novih zgrada i Streljane), staroslavenskih nekropola na redove (Rogo\u010dana i Ko\u010dur), pa do pokapanja uz seoske kapele i \u017eupne crkve \u0161to se ustalilo pokr\u0161tavanjem stanovni\u0161tva kroz stolje\u0107a.<\/p>\n<p>Glavno gradsko groblje nalazilo se na podru\u010dju Cr\u0107a, dana\u0161njeg Titovog trga, na mjestu gdje je na prijelazu u 20. stolje\u0107e izgra\u0111ena Gradska pala\u010da. Na tom mjestu nalazile su se crkve Sv. Sergija i Sv. Marinele, a oko tih crkvica se pokapalo stanovni\u0161tvo. Osim u okoli\u0161u navedenih crkvica, pokapalo se pokojnike i uz crkve Sv. Marije Magdalene i uz crkvu Sv. Marije Tje\u0161iteljice. Za vrijeme vladavine Austro-Ugarske Monarhije dolazi do uo\u010dljivog \u0161irenja grada izvan gradskih zidina. To je razdoblje izgradnje glavnoga gradskog trga i zgrada oko trga, te je groblje postepeno preba\u010deno na dana\u0161nju lokaciju na kraju Ulice Sv. Katarine, gdje se od ranije nalazila kapela Sv. Ivana. Na tom mjestu pokapaju se ljudi sve do dana\u0161njega dana.<\/p>\n<p><img class=\"alignleft\" src=\"https:\/\/prvimaj.hr\/wp-content\/uploads\/2015\/11\/groblje-300x171.jpg\" alt=\"Jankovi\u010d: &quot;Raspelo&quot; (1995.)\" \/><\/p>\n<p>Od poznatih osoba koje su pokopane na groblju, isti\u010du se intelektualac i gradona\u010delnik Labina Tomaso Luciani, te poznata revolucionarka Giuseppina Martinuzzi. Osim navedenih osoba, na groblju svoje grobnice imaju gotovo sve poznate labinske plemi\u0107ke obitelji (Battiala \u2013 Lazzarini, Scampicchio, Negri\u2026). Na groblju brojni spomenici poginulim rudarima i \u017ertvama II. svjetskog rata svjedo\u010de o te\u0161koj labinskoj povijesti. Na groblju izgra\u0111eni su i spomenici palim borcima te poginulim braniteljima Domovinskog rata.<\/p>\n<p>Dana\u0161njim komemorativnim centrom koji se nalazi u sklopu gradskog groblja upravlja trgova\u010dko dru\u0161tvo 1. MAJ d.o.o., Labin. Redovitim ulaganjem u obnovu i napredak posti\u017ee se izgled\u00a0suvremenog i potpuno ure\u0111enog komemorativnog centra. Proteklih godina ure\u0111en je parking i kru\u017eni tok kako bi se posjetiteljima olak\u0161alo kretanje pored groblja, a u 2015. godini ure\u0111en je i zapadni ulaz na groblje.<\/p>\n<p><a href=\"https:\/\/prvimaj.hr\/?attachment_id=6625\" rel=\"attachment wp-att-6625\"><img loading=\"lazy\" class=\"wp-image-6625 alignleft\" src=\"https:\/\/prvimaj.hr\/wp-content\/uploads\/2019\/01\/Nova-mrtva\u010dnica-u-Sv.Lovre\u010du.jpg\" alt=\"Mrtva\u010dnica u Sv.Lovre\u010du\" width=\"283\" height=\"212\" srcset=\"https:\/\/prvimaj.hr\/wp-content\/uploads\/2019\/01\/Nova-mrtva\u010dnica-u-Sv.Lovre\u010du.jpg 1280w, https:\/\/prvimaj.hr\/wp-content\/uploads\/2019\/01\/Nova-mrtva\u010dnica-u-Sv.Lovre\u010du-300x225.jpg 300w, https:\/\/prvimaj.hr\/wp-content\/uploads\/2019\/01\/Nova-mrtva\u010dnica-u-Sv.Lovre\u010du-768x576.jpg 768w, https:\/\/prvimaj.hr\/wp-content\/uploads\/2019\/01\/Nova-mrtva\u010dnica-u-Sv.Lovre\u010du-150x113.jpg 150w\" sizes=\"(max-width: 283px) 100vw, 283px\" \/><\/a><\/p>\n<p>Osim groblja u Labinu, 1. MAJ d.o.o brine se i o grobljima Drenje, Skita\u010da, \u0160umber, Nede\u0161\u0107ina, Martinski, Ripenda, Rabac i Sv. Lovre\u010d u koja se tako\u0111er redovito ula\u017ee kako bi po\u010divali\u0161ta na\u0161ih najmilijih bila ure\u0111ena. Recentnim ulaganjima izgra\u0111ena je nova mrtva\u010dnica u Sv. Lovre\u010du (na slici) te su pro\u0161irena groblja u Nede\u0161\u0107ini, Labinu i Skita\u010di. Osim toga provedeni su radovi na ure\u0111enju staza na grobljima u Labinu i Nede\u0161\u0107inu, a u Labinu je postavljen i videonadzor.<\/p>\n<h3>Komemorativni centar Labin<\/h3>\n<div class=\"foogallery foogallery-container foogallery-default foogallery-lightbox-foobox fg-gutter-10 fg-center fg-default fg-light fg-round-small fg-loading-default fg-loaded-fade-in fg-hover-fade fg-hover-plus fg-ready\" id=\"foogallery-gallery-1067\" data-foogallery=\"{&quot;item&quot;:{&quot;showCaptionTitle&quot;:true,&quot;showCaptionDescription&quot;:true},&quot;lazy&quot;:true,&quot;src&quot;:&quot;data-src-fg&quot;,&quot;srcset&quot;:&quot;data-srcset-fg&quot;}\" data-fg-common-fields=\"1\" >\r\n\t<div class=\"fg-item\"><figure class=\"fg-item-inner\"><a href=\"https:\/\/prvimaj.hr\/wp-content\/uploads\/2015\/12\/komemorativni.jpg\" data-caption-desc=\"Pogled na centar\" data-caption-title=\"Komemorativni centar Labin\" data-attachment-id=\"1028\" class=\"fg-thumb\"><span class=\"fg-image-wrap\"><img alt=\"Komemorativni centar Labin\" width=\"200\" height=\"175\" data-src-fg=\"https:\/\/prvimaj.hr\/wp-content\/uploads\/cache\/2015\/12\/komemorativni\/1999938906.jpg\" class=\"fg-image\" \/><\/span><\/a><figcaption class=\"fg-caption\"><div class=\"fg-caption-inner\"><div class=\"fg-caption-title\">Komemorativni centar Labin<\/div><div class=\"fg-caption-desc\">Pogled na centar<\/div><\/div><\/figcaption><\/figure><div class=\"fg-loader\"><\/div><\/div><div class=\"fg-item\"><figure class=\"fg-item-inner\"><a href=\"https:\/\/prvimaj.hr\/wp-content\/uploads\/2015\/12\/komemorativni1.jpg\" data-caption-desc=\"Pogled na simboli\u010dni portal\" data-caption-title=\"Komemorativni centar Labin\" data-attachment-id=\"1026\" class=\"fg-thumb\"><span class=\"fg-image-wrap\"><img alt=\"Komemorativni centar Labin\" width=\"200\" height=\"175\" data-src-fg=\"https:\/\/prvimaj.hr\/wp-content\/uploads\/cache\/2015\/12\/komemorativni1\/739800548.jpg\" class=\"fg-image\" \/><\/span><\/a><figcaption class=\"fg-caption\"><div class=\"fg-caption-inner\"><div class=\"fg-caption-title\">Komemorativni centar Labin<\/div><div class=\"fg-caption-desc\">Pogled na simboli\u010dni portal<\/div><\/div><\/figcaption><\/figure><div class=\"fg-loader\"><\/div><\/div><div class=\"fg-item\"><figure class=\"fg-item-inner\"><a href=\"https:\/\/prvimaj.hr\/wp-content\/uploads\/2015\/12\/komemorativni2.jpg\" data-caption-desc=\"Jozef Jankovi\u010d: &quot;Raspelo&quot; (1995.)\" data-caption-title=\"Komemorativni centar Labin\" data-attachment-id=\"1027\" class=\"fg-thumb\"><span class=\"fg-image-wrap\"><img alt=\"Komemorativni centar Labin\" width=\"200\" height=\"175\" data-src-fg=\"https:\/\/prvimaj.hr\/wp-content\/uploads\/cache\/2015\/12\/komemorativni2\/2097612688.jpg\" class=\"fg-image\" \/><\/span><\/a><figcaption class=\"fg-caption\"><div class=\"fg-caption-inner\"><div class=\"fg-caption-title\">Komemorativni centar Labin<\/div><div class=\"fg-caption-desc\">Jozef Jankovi\u010d: \"Raspelo\" (1995.)<\/div><\/div><\/figcaption><\/figure><div class=\"fg-loader\"><\/div><\/div><div class=\"fg-item\"><figure class=\"fg-item-inner\"><a href=\"https:\/\/prvimaj.hr\/wp-content\/uploads\/2015\/11\/z_portal.jpg\" data-caption-desc=\"Portal sjevernog ulaza na groblje Labin\" data-caption-title=\"Komemorativni centar Labin\" data-attachment-id=\"900\" class=\"fg-thumb\"><span class=\"fg-image-wrap\"><img alt=\"Komemorativni centar Labin\" width=\"200\" height=\"175\" data-src-fg=\"https:\/\/prvimaj.hr\/wp-content\/uploads\/cache\/2015\/11\/z_portal\/2669516512.jpg\" class=\"fg-image\" \/><\/span><\/a><figcaption class=\"fg-caption\"><div class=\"fg-caption-inner\"><div class=\"fg-caption-title\">Komemorativni centar Labin<\/div><div class=\"fg-caption-desc\">Portal sjevernog ulaza na groblje Labin<\/div><\/div><\/figcaption><\/figure><div class=\"fg-loader\"><\/div><\/div><div class=\"fg-item\"><figure class=\"fg-item-inner\"><a href=\"https:\/\/prvimaj.hr\/wp-content\/uploads\/2015\/11\/12202102_10206372117155069_870263663_n.jpg\" data-caption-desc=\"Pogled na Stari grad sa sjeverne strane groblja Labin\" data-caption-title=\"Komemorativni centar Labin\" data-attachment-id=\"897\" class=\"fg-thumb\"><span class=\"fg-image-wrap\"><img alt=\"Komemorativni centar Labin\" width=\"200\" height=\"175\" data-src-fg=\"https:\/\/prvimaj.hr\/wp-content\/uploads\/cache\/2015\/11\/12202102_10206372117155069_870263663_n\/3510013102.jpg\" class=\"fg-image\" \/><\/span><\/a><figcaption class=\"fg-caption\"><div class=\"fg-caption-inner\"><div class=\"fg-caption-title\">Komemorativni centar Labin<\/div><div class=\"fg-caption-desc\">Pogled na Stari grad sa sjeverne strane groblja Labin<\/div><\/div><\/figcaption><\/figure><div class=\"fg-loader\"><\/div><\/div><div class=\"fg-item\"><figure class=\"fg-item-inner\"><a href=\"https:\/\/prvimaj.hr\/wp-content\/uploads\/2015\/11\/12202048_10206372117835086_301026035_n.jpg\" data-caption-desc=\"Simboli\u010dni ulaz na groblje Labin na sjevernoj strani\" data-caption-title=\"Komemorativni centar Labin\" data-attachment-id=\"896\" class=\"fg-thumb\"><span class=\"fg-image-wrap\"><img alt=\"Komemorativni centar Labin\" width=\"200\" height=\"175\" data-src-fg=\"https:\/\/prvimaj.hr\/wp-content\/uploads\/cache\/2015\/11\/12202048_10206372117835086_301026035_n\/2341885234.jpg\" class=\"fg-image\" \/><\/span><\/a><figcaption class=\"fg-caption\"><div class=\"fg-caption-inner\"><div class=\"fg-caption-title\">Komemorativni centar Labin<\/div><div class=\"fg-caption-desc\">Simboli\u010dni ulaz na groblje Labin na sjevernoj strani<\/div><\/div><\/figcaption><\/figure><div class=\"fg-loader\"><\/div><\/div><\/div>\r\n\n<h3>Groblje Labin<\/h3>\n<div class=\"foogallery foogallery-container foogallery-default foogallery-lightbox-foobox fg-gutter-10 fg-center fg-default fg-light fg-round-small fg-loading-default fg-loaded-fade-in fg-hover-fade fg-hover-plus fg-ready\" id=\"foogallery-gallery-1050\" data-foogallery=\"{&quot;item&quot;:{&quot;showCaptionTitle&quot;:true,&quot;showCaptionDescription&quot;:true},&quot;lazy&quot;:true,&quot;src&quot;:&quot;data-src-fg&quot;,&quot;srcset&quot;:&quot;data-srcset-fg&quot;}\" data-fg-common-fields=\"1\" >\r\n\t<div class=\"fg-item\"><figure class=\"fg-item-inner\"><a href=\"https:\/\/prvimaj.hr\/wp-content\/uploads\/2015\/12\/groblje5.jpg\" data-caption-desc=\"Jedan od monumentalnih spomenika na groblju Labin\" data-caption-title=\"Groblje Labin\" data-attachment-id=\"1024\" class=\"fg-thumb\"><span class=\"fg-image-wrap\"><img alt=\"Groblje Labin\" width=\"200\" height=\"175\" data-src-fg=\"https:\/\/prvimaj.hr\/wp-content\/uploads\/cache\/2015\/12\/groblje5\/2772997330.jpg\" class=\"fg-image\" \/><\/span><\/a><figcaption class=\"fg-caption\"><div class=\"fg-caption-inner\"><div class=\"fg-caption-title\">Groblje Labin<\/div><div class=\"fg-caption-desc\">Jedan od monumentalnih spomenika na groblju Labin<\/div><\/div><\/figcaption><\/figure><div class=\"fg-loader\"><\/div><\/div><div class=\"fg-item\"><figure class=\"fg-item-inner\"><a href=\"https:\/\/prvimaj.hr\/wp-content\/uploads\/2015\/12\/groblje4.jpg\" data-caption-desc=\"Ju\u017eni dio labinskog groblja\" data-caption-title=\"Groblje Labin\" data-attachment-id=\"1023\" class=\"fg-thumb\"><span class=\"fg-image-wrap\"><img alt=\"Groblje Labin\" width=\"200\" height=\"175\" data-src-fg=\"https:\/\/prvimaj.hr\/wp-content\/uploads\/cache\/2015\/12\/groblje4\/2404234097.jpg\" class=\"fg-image\" \/><\/span><\/a><figcaption class=\"fg-caption\"><div class=\"fg-caption-inner\"><div class=\"fg-caption-title\">Groblje Labin<\/div><div class=\"fg-caption-desc\">Ju\u017eni dio labinskog groblja<\/div><\/div><\/figcaption><\/figure><div class=\"fg-loader\"><\/div><\/div><div class=\"fg-item\"><figure class=\"fg-item-inner\"><a href=\"https:\/\/prvimaj.hr\/wp-content\/uploads\/2015\/12\/groblje2.jpg\" data-caption-desc=\"Jozef Jankovi\u010d: &quot;Raspelo&quot; (1995.)\" data-caption-title=\"Groblje Labin\" data-attachment-id=\"1022\" class=\"fg-thumb\"><span class=\"fg-image-wrap\"><img alt=\"Groblje Labin\" width=\"200\" height=\"175\" data-src-fg=\"https:\/\/prvimaj.hr\/wp-content\/uploads\/cache\/2015\/12\/groblje2\/761687122.jpg\" class=\"fg-image\" \/><\/span><\/a><figcaption class=\"fg-caption\"><div class=\"fg-caption-inner\"><div class=\"fg-caption-title\">Groblje Labin<\/div><div class=\"fg-caption-desc\">Jozef Jankovi\u010d: \"Raspelo\" (1995.)<\/div><\/div><\/figcaption><\/figure><div class=\"fg-loader\"><\/div><\/div><div class=\"fg-item\"><figure class=\"fg-item-inner\"><a href=\"https:\/\/prvimaj.hr\/wp-content\/uploads\/2015\/12\/groblje1.jpg\" data-caption-desc=\"Grobna mjesta\" data-caption-title=\"Groblje Labin\" data-attachment-id=\"1021\" class=\"fg-thumb\"><span class=\"fg-image-wrap\"><img alt=\"Groblje Labin\" width=\"200\" height=\"175\" data-src-fg=\"https:\/\/prvimaj.hr\/wp-content\/uploads\/cache\/2015\/12\/groblje1\/254021725.jpg\" class=\"fg-image\" \/><\/span><\/a><figcaption class=\"fg-caption\"><div class=\"fg-caption-inner\"><div class=\"fg-caption-title\">Groblje Labin<\/div><div class=\"fg-caption-desc\">Grobna mjesta<\/div><\/div><\/figcaption><\/figure><div class=\"fg-loader\"><\/div><\/div><div class=\"fg-item\"><figure class=\"fg-item-inner\"><a href=\"https:\/\/prvimaj.hr\/wp-content\/uploads\/2015\/12\/groblje.jpg\" data-caption-desc=\"Ni\u0161e\" data-caption-title=\"Groblje Labin\" data-attachment-id=\"1020\" class=\"fg-thumb\"><span class=\"fg-image-wrap\"><img alt=\"Groblje Labin\" width=\"200\" height=\"175\" data-src-fg=\"https:\/\/prvimaj.hr\/wp-content\/uploads\/cache\/2015\/12\/groblje\/3451126702.jpg\" class=\"fg-image\" \/><\/span><\/a><figcaption class=\"fg-caption\"><div class=\"fg-caption-inner\"><div class=\"fg-caption-title\">Groblje Labin<\/div><div class=\"fg-caption-desc\">Ni\u0161e<\/div><\/div><\/figcaption><\/figure><div class=\"fg-loader\"><\/div><\/div><\/div>\r\n\n","protected":false},"excerpt":{"rendered":"<p>Voditelj PC-a: Fernando Rajkovi\u0107 E-mail:\u00a0fernando.rajkovic@prvimaj.hr Mob.: 091\/5760-400 Pogrebne usluge (0-24h): 052\/852-015 Cvjetni studio La Fior: 052\/852-288 Tra\u017eilica grobnog mjesta Ukoliko niste sigurni gdje po\u010diva pokojnik, tra\u017eilicu grobnog mjesta mo\u017eete prona\u0107i klikom OVDJE. Mobilna verzija tra\u017eilice dostupna je klikom OVDJE. Op\u0107enito gledaju\u0107i, u 1.MAJ-u neki su poslovi \u010desto dostupni, bilo za ugovore na neodre\u0111eno ili pak [&hellip;]<\/p>\n","protected":false},"author":1,"featured_media":900,"parent":0,"menu_order":5,"comment_status":"closed","ping_status":"closed","template":"","meta":[],"_links":{"self":[{"href":"https:\/\/prvimaj.hr\/index.php?rest_route=\/wp\/v2\/pages\/62"}],"collection":[{"href":"https:\/\/prvimaj.hr\/index.php?rest_route=\/wp\/v2\/pages"}],"about":[{"href":"https:\/\/prvimaj.hr\/index.php?rest_route=\/wp\/v2\/types\/page"}],"author":[{"embeddable":true,"href":"https:\/\/prvimaj.hr\/index.php?rest_route=\/wp\/v2\/users\/1"}],"replies":[{"embeddable":true,"href":"https:\/\/prvimaj.hr\/index.php?rest_route=%2Fwp%2Fv2%2Fcomments&post=62"}],"version-history":[{"count":45,"href":"https:\/\/prvimaj.hr\/index.php?rest_route=\/wp\/v2\/pages\/62\/revisions"}],"predecessor-version":[{"id":25490,"href":"https:\/\/prvimaj.hr\/index.php?rest_route=\/wp\/v2\/pages\/62\/revisions\/25490"}],"wp:featuredmedia":[{"embeddable":true,"href":"https:\/\/prvimaj.hr\/index.php?rest_route=\/wp\/v2\/media\/900"}],"wp:attachment":[{"href":"https:\/\/prvimaj.hr\/index.php?rest_route=%2Fwp%2Fv2%2Fmedia&parent=62"}],"curies":[{"name":"wp","href":"https:\/\/api.w.org\/{rel}","templated":true}]}}