{"id":876,"date":"2015-12-14T12:53:43","date_gmt":"2015-12-14T11:53:43","guid":{"rendered":"http:\/\/prvimaj.hr\/?page_id=876"},"modified":"2026-05-04T06:47:36","modified_gmt":"2026-05-04T05:47:36","slug":"javne-povrsine","status":"publish","type":"page","link":"https:\/\/prvimaj.hr\/?page_id=876","title":{"rendered":"Cvjetni studio La Fior"},"content":{"rendered":"<p><a href=\"https:\/\/prvimaj.hr\/?attachment_id=12664\" rel=\"attachment wp-att-12664\"><img loading=\"lazy\" class=\"size-full wp-image-12664 aligncenter\" src=\"https:\/\/prvimaj.hr\/wp-content\/uploads\/2021\/04\/lafiorslika.jpg\" alt=\"\" width=\"488\" height=\"488\" srcset=\"https:\/\/prvimaj.hr\/wp-content\/uploads\/2021\/04\/lafiorslika.jpg 488w, https:\/\/prvimaj.hr\/wp-content\/uploads\/2021\/04\/lafiorslika-300x300.jpg 300w, https:\/\/prvimaj.hr\/wp-content\/uploads\/2021\/04\/lafiorslika-150x150.jpg 150w, https:\/\/prvimaj.hr\/wp-content\/uploads\/2021\/04\/lafiorslika-60x60.jpg 60w\" sizes=\"(max-width: 488px) 100vw, 488px\" \/><\/a><\/p>\n<p>Cvjetni studio <strong>La Fior <\/strong>koji posluje u sustavu 1.MAJ-a djeluje na lokaciji:<\/p>\n<ul>\n<li>Stari grad: Komemorativni centar Labin (Sv.Katarine 29)<\/li>\n<\/ul>\n<p>Pored \u0161arolike\u00a0<strong>standardne ponude<\/strong> rezanog cvije\u0107a i lon\u010danica, u cvjetnom studiju <strong>tako\u0111er nudimo<\/strong> i razne dekorativne vaze, figure i lampione za ukra\u0161avanje grobova. Sve vi\u0161e prepoznati smo i kao kvalitetni cvjetni studio za <strong>aran\u017eiranje posebnih doga\u0111aja<\/strong> poput vjen\u010danja, kr\u0161tenja, poslovnih konferencija, domjenaka i sl. Obratite nam se s povjerenjem i izna\u0107i \u0107emo najbolje rje\u0161enje za va\u0161e potrebe.<\/p>\n<p>U ponudi imamo izradu <strong>aran\u017emana<\/strong>: bukete, ikebane i vijence. Cijene u cvje\u0107arni su veoma <strong>povoljne<\/strong>, kvaliteta aran\u017emana je <strong>izuzetna<\/strong>, te je raspon cijena aran\u017emana jako \u0161irok, \u0161to kupcima omogu\u0107ava lak\u0161i odabir.<\/p>\n<hr \/>\n<h3>Kontakti<\/h3>\n<p>Broj telefona cvjetnog studija kraj groblja je <strong>052\/852-288<\/strong>.<\/p>\n<p>Cvjetni studio La Fior (mobitel): <strong>099\/485-6815<\/strong><\/p>\n<p>Cvjetni studio <strong>La Fior<\/strong> mo\u017eete pratiti i putem\u00a0<a href=\"https:\/\/prvimaj.hr\/?attachment_id=3147\" rel=\"attachment wp-att-3147\"><img loading=\"lazy\" class=\"alignnone wp-image-3147\" src=\"https:\/\/prvimaj.hr\/wp-content\/uploads\/2015\/11\/facebooklogo.png\" alt=\"facebooklogo\" width=\"15\" height=\"15\" \/><\/a>\u00a0<strong><a href=\"https:\/\/www.facebook.com\/cvjecarna1maj\/?fref=ts\" target=\"_blank\" rel=\"noopener\">Facebook profila<\/a><\/strong>.<\/p>\n<hr \/>\n<h3>Radno vrijeme<\/h3>\n<p>\u00bb ponedjeljak \u2013 petak: 8,00 \u2013 19,00<br \/>\n\u00bb subotama: 8,00 \u2013 16,00<br \/>\n\u00bb radnim nedjeljama: 8,00 &#8211; 13,00<br \/>\n\u00bb praznicima: zatvoreno<\/p>\n<p>Planirane preostale radne nedjelje u 2026.: 4.10., 11.10., 18.10., 25.10., 1.11., 13.12., 20.12.<\/p>\n<hr \/>\n<div class=\"foogallery foogallery-container foogallery-default foogallery-lightbox-foobox fg-gutter-10 fg-center fg-default fg-light fg-round-small fg-loading-default fg-loaded-fade-in fg-hover-fade fg-hover-plus fg-ready\" id=\"foogallery-gallery-1444\" data-foogallery=\"{&quot;item&quot;:{&quot;showCaptionTitle&quot;:true,&quot;showCaptionDescription&quot;:false},&quot;lazy&quot;:true,&quot;src&quot;:&quot;data-src-fg&quot;,&quot;srcset&quot;:&quot;data-srcset-fg&quot;}\" data-fg-common-fields=\"1\" >\r\n\t<div class=\"fg-item\"><figure class=\"fg-item-inner\"><a href=\"https:\/\/prvimaj.hr\/wp-content\/uploads\/2016\/01\/Slika-14.jpg\" data-caption-desc=\"Pogled na sredi\u0161nji izlo\u017ebeni pult\" data-attachment-id=\"11058\" class=\"fg-thumb\"><span class=\"fg-image-wrap\"><img alt=\"Cvje\u0107arnica\" width=\"200\" height=\"200\" data-src-fg=\"https:\/\/prvimaj.hr\/wp-content\/uploads\/cache\/2016\/01\/Slika-14\/2401233419.jpg\" class=\"fg-image\" \/><\/span><\/a><figcaption class=\"fg-caption\"><div class=\"fg-caption-inner\"><\/div><\/figcaption><\/figure><div class=\"fg-loader\"><\/div><\/div><div class=\"fg-item\"><figure class=\"fg-item-inner\"><a href=\"https:\/\/prvimaj.hr\/wp-content\/uploads\/2016\/01\/Cvjecarna-Groblje-Labin-01.jpg\" data-caption-desc=\"Pogled na izlo\u017ebeni prostor\" data-attachment-id=\"7003\" class=\"fg-thumb\"><span class=\"fg-image-wrap\"><img alt=\"Cvje\u0107arnica\" width=\"200\" height=\"200\" data-src-fg=\"https:\/\/prvimaj.hr\/wp-content\/uploads\/cache\/2016\/01\/Cvjecarna-Groblje-Labin-01\/725733486.jpg\" class=\"fg-image\" \/><\/span><\/a><figcaption class=\"fg-caption\"><div class=\"fg-caption-inner\"><\/div><\/figcaption><\/figure><div class=\"fg-loader\"><\/div><\/div><div class=\"fg-item\"><figure class=\"fg-item-inner\"><a href=\"https:\/\/prvimaj.hr\/wp-content\/uploads\/2016\/01\/Cvjecarna-Groblje-Labin-05.jpg\" data-caption-desc=\"Pogled na pult\" data-attachment-id=\"7004\" class=\"fg-thumb\"><span class=\"fg-image-wrap\"><img alt=\"Cvje\u0107arnica\" width=\"200\" height=\"200\" data-src-fg=\"https:\/\/prvimaj.hr\/wp-content\/uploads\/cache\/2016\/01\/Cvjecarna-Groblje-Labin-05\/3391040511.jpg\" class=\"fg-image\" \/><\/span><\/a><figcaption class=\"fg-caption\"><div class=\"fg-caption-inner\"><\/div><\/figcaption><\/figure><div class=\"fg-loader\"><\/div><\/div><div class=\"fg-item\"><figure class=\"fg-item-inner\"><a href=\"https:\/\/prvimaj.hr\/wp-content\/uploads\/2017\/05\/Cvjecarna_markat.jpg\" data-caption-desc=\"Cvje\u0107arnica 1.MAJ-a na markatu\" data-attachment-id=\"3649\" class=\"fg-thumb\"><span class=\"fg-image-wrap\"><img alt=\"Markat Labin\" width=\"200\" height=\"200\" data-src-fg=\"https:\/\/prvimaj.hr\/wp-content\/uploads\/cache\/2017\/05\/Cvjecarna_markat\/919465103.jpg\" class=\"fg-image\" \/><\/span><\/a><figcaption class=\"fg-caption\"><div class=\"fg-caption-inner\"><\/div><\/figcaption><\/figure><div class=\"fg-loader\"><\/div><\/div><div class=\"fg-item\"><figure class=\"fg-item-inner\"><a href=\"https:\/\/prvimaj.hr\/wp-content\/uploads\/2020\/02\/Cvje\u0107arna.jpg\" data-caption-desc=\"Detalj iz ponude cvje\u0107arnice 1.MAJ-a na markatu\" data-attachment-id=\"9279\" class=\"fg-thumb\"><span class=\"fg-image-wrap\"><img alt=\"Cvije\u0107e\" width=\"200\" height=\"200\" data-src-fg=\"https:\/\/prvimaj.hr\/wp-content\/uploads\/cache\/2020\/02\/Cvje\u0107arna\/365202135.jpg\" class=\"fg-image\" \/><\/span><\/a><figcaption class=\"fg-caption\"><div class=\"fg-caption-inner\"><\/div><\/figcaption><\/figure><div class=\"fg-loader\"><\/div><\/div><div class=\"fg-item\"><figure class=\"fg-item-inner\"><a href=\"https:\/\/prvimaj.hr\/wp-content\/uploads\/2016\/01\/Slika-8.jpg\" data-caption-desc=\"Vjen\u010dani buket\" data-attachment-id=\"11052\" class=\"fg-thumb\"><span class=\"fg-image-wrap\"><img alt=\"Cvje\u0107arnica\" width=\"200\" height=\"200\" data-src-fg=\"https:\/\/prvimaj.hr\/wp-content\/uploads\/cache\/2016\/01\/Slika-8\/257826837.jpg\" class=\"fg-image\" \/><\/span><\/a><figcaption class=\"fg-caption\"><div class=\"fg-caption-inner\"><\/div><\/figcaption><\/figure><div class=\"fg-loader\"><\/div><\/div><div class=\"fg-item\"><figure class=\"fg-item-inner\"><a href=\"https:\/\/prvimaj.hr\/wp-content\/uploads\/2016\/01\/Slika-5.jpg\" data-caption-desc=\"Dekoriranje vjen\u010danja\" data-attachment-id=\"11049\" class=\"fg-thumb\"><span class=\"fg-image-wrap\"><img alt=\"Cvje\u0107arnica\" width=\"200\" height=\"200\" data-src-fg=\"https:\/\/prvimaj.hr\/wp-content\/uploads\/cache\/2016\/01\/Slika-5\/555706818.jpg\" class=\"fg-image\" \/><\/span><\/a><figcaption class=\"fg-caption\"><div class=\"fg-caption-inner\"><\/div><\/figcaption><\/figure><div class=\"fg-loader\"><\/div><\/div><div class=\"fg-item\"><figure class=\"fg-item-inner\"><a href=\"https:\/\/prvimaj.hr\/wp-content\/uploads\/2016\/01\/Slika-12.jpg\" data-caption-desc=\"Dekoriranje vjen\u010danja - dodatak romantiki\" data-attachment-id=\"11056\" class=\"fg-thumb\"><span class=\"fg-image-wrap\"><img alt=\"Cvje\u0107arnica\" width=\"200\" height=\"200\" data-src-fg=\"https:\/\/prvimaj.hr\/wp-content\/uploads\/cache\/2016\/01\/Slika-12\/1600105399.jpg\" class=\"fg-image\" \/><\/span><\/a><figcaption class=\"fg-caption\"><div class=\"fg-caption-inner\"><\/div><\/figcaption><\/figure><div class=\"fg-loader\"><\/div><\/div><div class=\"fg-item\"><figure class=\"fg-item-inner\"><a href=\"https:\/\/prvimaj.hr\/wp-content\/uploads\/2016\/01\/Slika-15.jpg\" data-caption-desc=\"Dekoriranje vozila za svadbenu povorku\" data-attachment-id=\"11059\" class=\"fg-thumb\"><span class=\"fg-image-wrap\"><img alt=\"Cvje\u0107arnica\" width=\"200\" height=\"200\" data-src-fg=\"https:\/\/prvimaj.hr\/wp-content\/uploads\/cache\/2016\/01\/Slika-15\/670121009.jpg\" class=\"fg-image\" \/><\/span><\/a><figcaption class=\"fg-caption\"><div class=\"fg-caption-inner\"><\/div><\/figcaption><\/figure><div class=\"fg-loader\"><\/div><\/div><div class=\"fg-item\"><figure class=\"fg-item-inner\"><a href=\"https:\/\/prvimaj.hr\/wp-content\/uploads\/2016\/01\/Slika-6.jpg\" data-caption-desc=\"Dekoriranje za svadbene ve\u010dere\" data-attachment-id=\"11050\" class=\"fg-thumb\"><span class=\"fg-image-wrap\"><img alt=\"Cvje\u0107arnica\" width=\"200\" height=\"200\" data-src-fg=\"https:\/\/prvimaj.hr\/wp-content\/uploads\/cache\/2016\/01\/Slika-6\/1143536149.jpg\" class=\"fg-image\" \/><\/span><\/a><figcaption class=\"fg-caption\"><div class=\"fg-caption-inner\"><\/div><\/figcaption><\/figure><div class=\"fg-loader\"><\/div><\/div><div class=\"fg-item\"><figure class=\"fg-item-inner\"><a href=\"https:\/\/prvimaj.hr\/wp-content\/uploads\/2016\/01\/Slika-4.jpg\" data-caption-desc=\"Dekoriranje stolova mladenaca na svadbenim ve\u010derama\" data-attachment-id=\"11048\" class=\"fg-thumb\"><span class=\"fg-image-wrap\"><img alt=\"Cvje\u0107arnica\" width=\"200\" height=\"200\" data-src-fg=\"https:\/\/prvimaj.hr\/wp-content\/uploads\/cache\/2016\/01\/Slika-4\/3268087109.jpg\" class=\"fg-image\" \/><\/span><\/a><figcaption class=\"fg-caption\"><div class=\"fg-caption-inner\"><\/div><\/figcaption><\/figure><div class=\"fg-loader\"><\/div><\/div><div class=\"fg-item\"><figure class=\"fg-item-inner\"><a href=\"https:\/\/prvimaj.hr\/wp-content\/uploads\/2016\/01\/Slika-2.jpg\" data-caption-desc=\"Detalj dekoriranja svadbenih ve\u010dera\" data-attachment-id=\"11046\" class=\"fg-thumb\"><span class=\"fg-image-wrap\"><img alt=\"Cvje\u0107arnica\" width=\"200\" height=\"200\" data-src-fg=\"https:\/\/prvimaj.hr\/wp-content\/uploads\/cache\/2016\/01\/Slika-2\/1193507357.jpg\" class=\"fg-image\" \/><\/span><\/a><figcaption class=\"fg-caption\"><div class=\"fg-caption-inner\"><\/div><\/figcaption><\/figure><div class=\"fg-loader\"><\/div><\/div><div class=\"fg-item\"><figure class=\"fg-item-inner\"><a href=\"https:\/\/prvimaj.hr\/wp-content\/uploads\/2016\/01\/Slika-13.jpg\" data-caption-desc=\"Dekoriranje bina za razne sve\u010danosti\" data-attachment-id=\"11057\" class=\"fg-thumb\"><span class=\"fg-image-wrap\"><img alt=\"Cvje\u0107arnica\" width=\"200\" height=\"200\" data-src-fg=\"https:\/\/prvimaj.hr\/wp-content\/uploads\/cache\/2016\/01\/Slika-13\/4155604365.jpg\" class=\"fg-image\" \/><\/span><\/a><figcaption class=\"fg-caption\"><div class=\"fg-caption-inner\"><\/div><\/figcaption><\/figure><div class=\"fg-loader\"><\/div><\/div><div class=\"fg-item\"><figure class=\"fg-item-inner\"><a href=\"https:\/\/prvimaj.hr\/wp-content\/uploads\/2016\/01\/Slika-7.jpg\" data-caption-desc=\"Dekoriranje raznih prigoda\" data-attachment-id=\"11051\" class=\"fg-thumb\"><span class=\"fg-image-wrap\"><img alt=\"Cvje\u0107arnica\" width=\"200\" height=\"200\" data-src-fg=\"https:\/\/prvimaj.hr\/wp-content\/uploads\/cache\/2016\/01\/Slika-7\/2818350738.jpg\" class=\"fg-image\" \/><\/span><\/a><figcaption class=\"fg-caption\"><div class=\"fg-caption-inner\"><\/div><\/figcaption><\/figure><div class=\"fg-loader\"><\/div><\/div><div class=\"fg-item\"><figure class=\"fg-item-inner\"><a href=\"https:\/\/prvimaj.hr\/wp-content\/uploads\/2015\/11\/imagesCAWCN0WK.jpg\" data-caption-desc=\"Razne dekoracije u obliku motiva\" data-attachment-id=\"1346\" class=\"fg-thumb\"><span class=\"fg-image-wrap\"><img alt=\"Cvje\u0107arnica\" width=\"200\" height=\"200\" data-src-fg=\"https:\/\/prvimaj.hr\/wp-content\/uploads\/cache\/2015\/11\/imagesCAWCN0WK\/757562963.jpg\" class=\"fg-image\" \/><\/span><\/a><figcaption class=\"fg-caption\"><div class=\"fg-caption-inner\"><\/div><\/figcaption><\/figure><div class=\"fg-loader\"><\/div><\/div><div class=\"fg-item\"><figure class=\"fg-item-inner\"><a href=\"https:\/\/prvimaj.hr\/wp-content\/uploads\/2015\/11\/c75778_97365d2df0a361fa83c8e5c8c9e0c30b.jpg_srz_p_588_328_75_22_0.50_1.20_01-kopija-kopija-kopija.jpg\" data-caption-desc=\"Kad se spoje srca dva\" data-attachment-id=\"1344\" class=\"fg-thumb\"><span class=\"fg-image-wrap\"><img alt=\"Cvje\u0107arnica\" width=\"200\" height=\"200\" data-src-fg=\"https:\/\/prvimaj.hr\/wp-content\/uploads\/cache\/2015\/11\/c75778_97365d2df0a361fa83c8e5c8c9e0c30b_jpg_srz_p_588_328_75_22_0_50_1_20_01-kopija-kopija-kopija\/2314341201.jpg\" class=\"fg-image\" \/><\/span><\/a><figcaption class=\"fg-caption\"><div class=\"fg-caption-inner\"><\/div><\/figcaption><\/figure><div class=\"fg-loader\"><\/div><\/div><div class=\"fg-item\"><figure class=\"fg-item-inner\"><a href=\"https:\/\/prvimaj.hr\/wp-content\/uploads\/2015\/11\/vjenci-0141.jpg\" data-caption-desc=\"Izrada vijenaca\" data-attachment-id=\"1342\" class=\"fg-thumb\"><span class=\"fg-image-wrap\"><img alt=\"Cvje\u0107arnica\" width=\"200\" height=\"200\" data-src-fg=\"https:\/\/prvimaj.hr\/wp-content\/uploads\/cache\/2015\/11\/vjenci-0141\/824622872.jpg\" class=\"fg-image\" \/><\/span><\/a><figcaption class=\"fg-caption\"><div class=\"fg-caption-inner\"><\/div><\/figcaption><\/figure><div class=\"fg-loader\"><\/div><\/div><div class=\"fg-item\"><figure class=\"fg-item-inner\"><a href=\"https:\/\/prvimaj.hr\/wp-content\/uploads\/2015\/11\/DYS14_L.jpg\" data-caption-desc=\"Dekoriranje postolja za urne\" data-attachment-id=\"1345\" class=\"fg-thumb\"><span class=\"fg-image-wrap\"><img alt=\"Cvje\u0107arnica\" width=\"200\" height=\"200\" data-src-fg=\"https:\/\/prvimaj.hr\/wp-content\/uploads\/cache\/2015\/11\/DYS14_L\/789977780.jpg\" class=\"fg-image\" \/><\/span><\/a><figcaption class=\"fg-caption\"><div class=\"fg-caption-inner\"><\/div><\/figcaption><\/figure><div class=\"fg-loader\"><\/div><\/div><div class=\"fg-item\"><figure class=\"fg-item-inner\"><a href=\"https:\/\/prvimaj.hr\/wp-content\/uploads\/2016\/01\/Slika-11.jpg\" data-caption-desc=\"Razni motivi vijenaca\" data-attachment-id=\"11055\" class=\"fg-thumb\"><span class=\"fg-image-wrap\"><img alt=\"Cvje\u0107arnica\" width=\"200\" height=\"200\" data-src-fg=\"https:\/\/prvimaj.hr\/wp-content\/uploads\/cache\/2016\/01\/Slika-11\/2099107768.jpg\" class=\"fg-image\" \/><\/span><\/a><figcaption class=\"fg-caption\"><div class=\"fg-caption-inner\"><\/div><\/figcaption><\/figure><div class=\"fg-loader\"><\/div><\/div><div class=\"fg-item\"><figure class=\"fg-item-inner\"><a href=\"https:\/\/prvimaj.hr\/wp-content\/uploads\/2015\/11\/01-kopija.jpg\" data-caption-desc=\"Razni aran\u017emani\" data-attachment-id=\"1343\" class=\"fg-thumb\"><span class=\"fg-image-wrap\"><img alt=\"Cvje\u0107arnica\" width=\"200\" height=\"200\" data-src-fg=\"https:\/\/prvimaj.hr\/wp-content\/uploads\/cache\/2015\/11\/01-kopija\/4036110932.jpg\" class=\"fg-image\" \/><\/span><\/a><figcaption class=\"fg-caption\"><div class=\"fg-caption-inner\"><\/div><\/figcaption><\/figure><div class=\"fg-loader\"><\/div><\/div><div class=\"fg-item\"><figure class=\"fg-item-inner\"><a href=\"https:\/\/prvimaj.hr\/wp-content\/uploads\/2016\/01\/18489590_293600937764444_1496295583960666109_o.jpg\" data-caption-desc=\"Buket ru\u017ea\" data-attachment-id=\"3703\" class=\"fg-thumb\"><span class=\"fg-image-wrap\"><img alt=\"Cvje\u0107arnica\" width=\"200\" height=\"200\" data-src-fg=\"https:\/\/prvimaj.hr\/wp-content\/uploads\/cache\/2016\/01\/18489590_293600937764444_1496295583960666109_o\/2062260691.jpg\" class=\"fg-image\" \/><\/span><\/a><figcaption class=\"fg-caption\"><div class=\"fg-caption-inner\"><\/div><\/figcaption><\/figure><div class=\"fg-loader\"><\/div><\/div><div class=\"fg-item\"><figure class=\"fg-item-inner\"><a href=\"https:\/\/prvimaj.hr\/wp-content\/uploads\/2016\/01\/Slika-1.jpg\" data-caption-desc=\"Aran\u017eman ru\u017ea\" data-attachment-id=\"11045\" class=\"fg-thumb\"><span class=\"fg-image-wrap\"><img alt=\"Cvje\u0107arnica\" width=\"200\" height=\"200\" data-src-fg=\"https:\/\/prvimaj.hr\/wp-content\/uploads\/cache\/2016\/01\/Slika-1\/3090076117.jpg\" class=\"fg-image\" \/><\/span><\/a><figcaption class=\"fg-caption\"><div class=\"fg-caption-inner\"><\/div><\/figcaption><\/figure><div class=\"fg-loader\"><\/div><\/div><div class=\"fg-item\"><figure class=\"fg-item-inner\"><a href=\"https:\/\/prvimaj.hr\/wp-content\/uploads\/2016\/01\/Slika-3.jpg\" data-caption-desc=\"Primjer aran\u017emana\" data-attachment-id=\"11047\" class=\"fg-thumb\"><span class=\"fg-image-wrap\"><img alt=\"Cvje\u0107arnica\" width=\"200\" height=\"200\" data-src-fg=\"https:\/\/prvimaj.hr\/wp-content\/uploads\/cache\/2016\/01\/Slika-3\/2767658650.jpg\" class=\"fg-image\" \/><\/span><\/a><figcaption class=\"fg-caption\"><div class=\"fg-caption-inner\"><\/div><\/figcaption><\/figure><div class=\"fg-loader\"><\/div><\/div><div class=\"fg-item\"><figure class=\"fg-item-inner\"><a href=\"https:\/\/prvimaj.hr\/wp-content\/uploads\/2016\/01\/Slika-9.jpg\" data-caption-desc=\"Razni aran\u017emani\" data-attachment-id=\"11053\" class=\"fg-thumb\"><span class=\"fg-image-wrap\"><img alt=\"Cvje\u0107arnica\" width=\"200\" height=\"200\" data-src-fg=\"https:\/\/prvimaj.hr\/wp-content\/uploads\/cache\/2016\/01\/Slika-9\/3968484498.jpg\" class=\"fg-image\" \/><\/span><\/a><figcaption class=\"fg-caption\"><div class=\"fg-caption-inner\"><\/div><\/figcaption><\/figure><div class=\"fg-loader\"><\/div><\/div><div class=\"fg-item\"><figure class=\"fg-item-inner\"><a href=\"https:\/\/prvimaj.hr\/wp-content\/uploads\/2016\/01\/Slika-10.jpg\" data-caption-desc=\"Nudimo razne mogu\u0107nosti aran\u017eiranja\" data-attachment-id=\"11054\" class=\"fg-thumb\"><span class=\"fg-image-wrap\"><img alt=\"Cvje\u0107arnica\" width=\"200\" height=\"200\" data-src-fg=\"https:\/\/prvimaj.hr\/wp-content\/uploads\/cache\/2016\/01\/Slika-10\/3589472642.jpg\" class=\"fg-image\" \/><\/span><\/a><figcaption class=\"fg-caption\"><div class=\"fg-caption-inner\"><\/div><\/figcaption><\/figure><div class=\"fg-loader\"><\/div><\/div><div class=\"fg-item\"><figure class=\"fg-item-inner\"><a href=\"https:\/\/prvimaj.hr\/wp-content\/uploads\/2016\/01\/Slika-16.jpg\" data-caption-desc=\"Detalj iz ponude\" data-attachment-id=\"11060\" class=\"fg-thumb\"><span class=\"fg-image-wrap\"><img alt=\"Cvje\u0107arnica\" width=\"200\" height=\"200\" data-src-fg=\"https:\/\/prvimaj.hr\/wp-content\/uploads\/cache\/2016\/01\/Slika-16\/4042143740.jpg\" class=\"fg-image\" \/><\/span><\/a><figcaption class=\"fg-caption\"><div class=\"fg-caption-inner\"><\/div><\/figcaption><\/figure><div class=\"fg-loader\"><\/div><\/div><\/div>\r\n\n","protected":false},"excerpt":{"rendered":"<p>Cvjetni studio La Fior koji posluje u sustavu 1.MAJ-a djeluje na lokaciji: Stari grad: Komemorativni centar Labin (Sv.Katarine 29) Pored \u0161arolike\u00a0standardne ponude rezanog cvije\u0107a i lon\u010danica, u cvjetnom studiju tako\u0111er nudimo i razne dekorativne vaze, figure i lampione za ukra\u0161avanje grobova. Sve vi\u0161e prepoznati smo i kao kvalitetni cvjetni studio za aran\u017eiranje posebnih doga\u0111aja poput [&hellip;]<\/p>\n","protected":false},"author":1,"featured_media":7003,"parent":58,"menu_order":6,"comment_status":"closed","ping_status":"closed","template":"","meta":[],"_links":{"self":[{"href":"https:\/\/prvimaj.hr\/index.php?rest_route=\/wp\/v2\/pages\/876"}],"collection":[{"href":"https:\/\/prvimaj.hr\/index.php?rest_route=\/wp\/v2\/pages"}],"about":[{"href":"https:\/\/prvimaj.hr\/index.php?rest_route=\/wp\/v2\/types\/page"}],"author":[{"embeddable":true,"href":"https:\/\/prvimaj.hr\/index.php?rest_route=\/wp\/v2\/users\/1"}],"replies":[{"embeddable":true,"href":"https:\/\/prvimaj.hr\/index.php?rest_route=%2Fwp%2Fv2%2Fcomments&post=876"}],"version-history":[{"count":32,"href":"https:\/\/prvimaj.hr\/index.php?rest_route=\/wp\/v2\/pages\/876\/revisions"}],"predecessor-version":[{"id":25713,"href":"https:\/\/prvimaj.hr\/index.php?rest_route=\/wp\/v2\/pages\/876\/revisions\/25713"}],"up":[{"embeddable":true,"href":"https:\/\/prvimaj.hr\/index.php?rest_route=\/wp\/v2\/pages\/58"}],"wp:featuredmedia":[{"embeddable":true,"href":"https:\/\/prvimaj.hr\/index.php?rest_route=\/wp\/v2\/media\/7003"}],"wp:attachment":[{"href":"https:\/\/prvimaj.hr\/index.php?rest_route=%2Fwp%2Fv2%2Fmedia&parent=876"}],"curies":[{"name":"wp","href":"https:\/\/api.w.org\/{rel}","templated":true}]}}