{"id":9105,"date":"2020-01-15T12:26:49","date_gmt":"2020-01-15T11:26:49","guid":{"rendered":"http:\/\/prvimaj.hr\/?page_id=9105"},"modified":"2021-11-10T07:49:03","modified_gmt":"2021-11-10T06:49:03","slug":"zahtjev-za-dostavom-kontejnera-5-m3","status":"publish","type":"page","link":"https:\/\/prvimaj.hr\/?page_id=9105","title":{"rendered":"Zahtjev za dostavom kontejnera \u2013 5 m3"},"content":{"rendered":"<p>Na ovoj stranici mo\u017eete ispuniti obrazac kojim <strong><span style=\"color: #ff0000;\">naru\u010dujete<\/span><\/strong> dostavu kontejnera volumena 5 m3 za <span style=\"color: #ff0000;\"><strong>glomazni otpad <\/strong><\/span>(primjeri glomaznog otpada navedeni su ni\u017ee na stranici). Na temelju pravilno ispunjenog obrasca, 1.MAJ dostavlja kontejner, preuzima ga i zbrinjava glomazni otpad, te isporu\u010duje <span style=\"color: #ff0000;\"><strong>ra\u010dun<\/strong><\/span>. Cjenik dostave ovog kontejnera mo\u017eete provjeriti klikom na sljede\u0107i link: <a href=\"https:\/\/prvimaj.hr\/?page_id=172\" target=\"_blank\" rel=\"noopener\"><strong>Cjenik usluga<\/strong><\/a>.<\/p>\n<p>&nbsp;<\/p>\n\n\n<!-- Fast Secure Contact Form plugin 4.0.52 - begin - FastSecureContactForm.com -->\r\n<div style=\"clear:both;\"><\/div>\n\r\n<div id=\"FSContact4\" style=\"width:99%; max-width:555px;\">\r\n<form action=\"https:\/\/prvimaj.hr\/index.php?rest_route=%2Fwp%2Fv2%2Fpages%2F9105#FSContact4\" id=\"fscf_form4\" method=\"post\">\r\n\n<div id=\"fscf_required4\">\n  <span style=\"text-align:left;\">*<\/span> <span style=\"text-align:left;\">obavezno polje<\/span>\n<\/div>\n\n\n<div id=\"fscf_div_clear4_0\" style=\"clear:both;\">\n  <div id=\"fscf_div_field4_0\" style=\"clear:left; float:left; width:99%; max-width:550px; margin-right:10px;\">\r\n    <div style=\"text-align:left; padding-top:5px;\">\n      <label style=\"text-align:left;\" for=\"fscf_name4\">Ime i prezime:<span style=\"text-align:left;\">*<\/span><\/label>\n    <\/div>\r\n    <div style=\"text-align:left;\">\r\n      <input style=\"text-align:left; margin:0; width:99%; max-width:250px;\" type=\"text\" id=\"fscf_name4\" name=\"full_name\" value=\"\"  \/>\r\n    <\/div>\r\n  <\/div>\n<\/div>\n\n<div id=\"fscf_div_clear4_4\" style=\"clear:both;\">\n  <div id=\"fscf_div_field4_4\" style=\"clear:left; float:left; width:99%; max-width:550px; margin-right:10px;\">\n    <div  id=\"fscf_label4_4\" style=\"text-align:left; padding-top:5px;\">\r\n      <label style=\"text-align:left;\" for=\"fscf_field4_4\">OIB:<span style=\"text-align:left;\">*<\/span><\/label>\n    <\/div>\n    <div style=\"text-align:left;\">\n      <input style=\"text-align:left; margin:0; width:99%; max-width:250px;\" type=\"text\" id=\"fscf_field4_4\" name=\"OIB\" value=\"\"  \/>\n    <\/div>\n  <\/div>\n<\/div>\n\n<div id=\"fscf_div_clear4_5\" style=\"clear:both;\">\n  <div id=\"fscf_div_field4_5\" style=\"clear:left; float:left; width:99%; max-width:550px; margin-right:10px;\">\n    <div  id=\"fscf_label4_5\" style=\"text-align:left; padding-top:5px;\">\r\n      <label style=\"text-align:left;\" for=\"fscf_field4_5\">\u0160ifra korisnika:<span style=\"text-align:left;\">*<\/span><\/label>\n    <\/div>\n    <div style=\"text-align:left;\">\n      <input style=\"text-align:left; margin:0; width:99%; max-width:250px;\" type=\"text\" id=\"fscf_field4_5\" name=\"Sifra-korisnika\" value=\"\"  \/>\n    <\/div>\n  <\/div>\n<\/div>\n\n<div id=\"fscf_div_clear4_6\" style=\"clear:both;\">\n  <div id=\"fscf_div_field4_6\" style=\"clear:left; float:left; width:99%; max-width:550px; margin-right:10px;\">\n    <div  id=\"fscf_label4_6\" style=\"text-align:left; padding-top:5px;\">\r\n      <label style=\"text-align:left;\" for=\"fscf_field4_6\">Adresa dostave kontejnera:<span style=\"text-align:left;\">*<\/span><\/label>\n    <\/div>\n    <div style=\"text-align:left;\">\n      <input style=\"text-align:left; margin:0; width:99%; max-width:250px;\" type=\"text\" id=\"fscf_field4_6\" name=\"Adresa-dostave-kontejenra\" value=\"\"  \/>\n    <\/div>\n  <\/div>\n<\/div>\n\n<div id=\"fscf_div_clear4_8\" style=\"clear:both;\">\n  <div id=\"fscf_div_field4_8\" style=\"clear:left; float:left; width:99%; max-width:550px; margin-right:10px;\">\n    <div  id=\"fscf_label4_8\" style=\"text-align:left; padding-top:5px;\">\r\n      <label style=\"text-align:left;\" for=\"fscf_field4_8\">Adresa dostave ra\u010duna:<span style=\"text-align:left;\">*<\/span><\/label>\n    <\/div>\n    <div style=\"text-align:left;\">\n      <input style=\"text-align:left; margin:0; width:99%; max-width:250px;\" type=\"text\" id=\"fscf_field4_8\" name=\"Adresa-dostave-racuna\" value=\"\"  \/>\n    <\/div>\n  <\/div>\n<\/div>\n\n<div id=\"fscf_div_clear4_7\" style=\"clear:both;\">\n  <div id=\"fscf_div_field4_7\" style=\"clear:left; float:left; width:99%; max-width:550px; margin-right:10px;\">\n    <div  id=\"fscf_label4_7\" style=\"text-align:left; padding-top:5px;\">\r\n      <label style=\"text-align:left;\" for=\"fscf_field4_7\">Broj telefona:<span style=\"text-align:left;\">*<\/span><\/label>\n    <\/div>\n    <div style=\"text-align:left;\">\n      <input style=\"text-align:left; margin:0; width:99%; max-width:250px;\" type=\"text\" id=\"fscf_field4_7\" name=\"Broj-telefona\" value=\"\"  \/>\n    <\/div>\n  <\/div>\n<\/div>\n\n<div id=\"fscf_div_clear4_1\" style=\"clear:both;\">\n  <div id=\"fscf_div_field4_1\" style=\"clear:left; float:left; width:99%; max-width:550px; margin-right:10px;\">\n    <div style=\"text-align:left; padding-top:5px;\">\n      <label style=\"text-align:left;\" for=\"fscf_email4\">E-mail adresa:<\/label>\n    <\/div>\n    <div style=\"text-align:left;\">\n      <input style=\"text-align:left; margin:0; width:99%; max-width:250px;\" type=\"text\" id=\"fscf_email4\" name=\"email\" value=\"\"  \/>\n    <\/div>\n  <\/div>\n<\/div>\n\n<div id=\"fscf_div_clear4_9\" style=\"clear:both;\">\n  <div id=\"fscf_div_field4_9\" style=\"clear:left; float:left; width:99%; max-width:550px; margin-right:10px;\">\n\n    <div style=\"clear:both;\"><\/div>\n<label style=\"text-align:left;\" for=\"fscf_field4_9\">Vrsta otpada za odlaganje \u2013 nazna\u010dite:<span style=\"text-align:left;\">*<\/span><\/label> <br \/>\r\n<span style=\"display:block; margin-bottom:-20px;\"> (opis pojedinih vrsta otpada naveden je u napomeni ispod obrasca) <\/span>\n\n    <div  id=\"fscf_label4_9\" style=\"text-align:left; padding-top:5px;\">\n    <\/div>\n    <div style=\"text-align:left;\">\n      <span><input type=\"radio\" style=\"width:10px; height:auto;\" id=\"fscf_field4_9_1\" name=\"Vrsta-otpada-za-odlaganje-naznacite\" value=\"1\" \/> <label style=\"display:inline;\" for=\"fscf_field4_9_1\">GLOMAZNI OTPAD<\/label><\/span><br \/>\n      <span><input type=\"radio\" style=\"width:10px; height:auto;\" id=\"fscf_field4_9_2\" name=\"Vrsta-otpada-za-odlaganje-naznacite\" value=\"2\" \/> <label style=\"display:inline;\" for=\"fscf_field4_9_2\">GRA\u0110EVINSKI OTPAD IZ KU\u0106ANSTVA<\/label><\/span><br \/>\n      <span><input type=\"radio\" style=\"width:10px; height:auto;\" id=\"fscf_field4_9_3\" name=\"Vrsta-otpada-za-odlaganje-naznacite\" value=\"3\" \/> <label style=\"display:inline;\" for=\"fscf_field4_9_3\">ZELENI OTPAD<\/label><\/span><br \/>\n      <span><input type=\"radio\" style=\"width:10px; height:auto;\" id=\"fscf_field4_9_4\" name=\"Vrsta-otpada-za-odlaganje-naznacite\" value=\"4\" \/> <label style=\"display:inline;\" for=\"fscf_field4_9_4\">NAPOMENA:<\/label><\/span>\n    <\/div>\n  <\/div>\n<\/div>\n\n<div id=\"fscf_div_clear4_10\" style=\"clear:both;\">\n  <div id=\"fscf_div_field4_10\" style=\"clear:left; float:left; width:99%; max-width:550px; margin-right:10px;\">\n    <div  id=\"fscf_label4_10\" style=\"text-align:left; padding-top:5px;\">\n    <\/div>\n    <div style=\"text-align:left;\">\n      <input style=\"text-align:left; margin:0; width:99%; max-width:250px;\" type=\"text\" id=\"fscf_field4_10\" name=\"Prostor-za-upis-napomene\" value=\"\"  placeholder=\"Prostor za upis napomene\" \/>\n    <\/div>\n  <\/div>\n<\/div>\r\n<div style=\"clear:both;\"><\/div>\n\n<div style=\"text-align:left; padding-top:5px;\">\n<\/div>\n<div id=\"fscf_captcha_image_div4\" style=\"width:250px; height:65px; padding-top:2px;\">\n      <img id=\"fscf_captcha_image4\" style=\"border-style:none; margin:0; padding:0px; padding-right:5px; float:left;\" src=\"https:\/\/prvimaj.hr\/wp-content\/plugins\/si-contact-form\/captcha\/securimage_show.php?prefix=zb9AwagmietsiWc5\" width=\"175\" height=\"60\" alt=\"CAPTCHA slika\" title=\"CAPTCHA slika\" \/>\n      <input id=\"fscf_captcha_prefix4\" type=\"hidden\" name=\"fscf_captcha_prefix4\" value=\"zb9AwagmietsiWc5\" \/>\n     <div id=\"fscf_captcha_refresh4\">\n        <a href=\"#\" rel=\"nofollow\" title=\"Osvje\u017ei sliku\" onclick=\"fscf_captcha_refresh('4','\/wp-content\/plugins\/si-contact-form\/captcha','https:\/\/prvimaj.hr\/wp-content\/plugins\/si-contact-form\/captcha\/securimage_show.php?prefix='); return false;\">\n        <img src=\"https:\/\/prvimaj.hr\/wp-content\/plugins\/si-contact-form\/captcha\/images\/refresh.png\" width=\"22\" height=\"20\" alt=\"Osvje\u017ei sliku\" style=\"border-style:none; margin:0; padding:0px; vertical-align:bottom;\" onclick=\"this.blur();\" \/><\/a>\r\n     <\/div>\r\n<\/div>\r\n\r\n<div id=\"fscf_captcha_field4\" style=\"text-align:left; padding-top:5px;\">\r\n     <label style=\"text-align:left;\" for=\"fscf_captcha_code4\">CAPTCHA kod:<span style=\"text-align:left;\">*<\/span><\/label>\r\n<\/div>\r\n<div style=\"text-align:left;\">\n     <input style=\"text-align:left; margin:0; width:50px;\" type=\"text\" value=\"\" autocomplete=\"off\" id=\"fscf_captcha_code4\" name=\"captcha_code\"  \/>\n<\/div>\n\n<div id=\"fscf_submit_div4\" style=\"text-align:left; clear:both; padding-top:15px;\">\r\n\t\t<input type=\"submit\" id=\"fscf_submit4\" style=\"cursor:pointer; margin:0;\" value=\"Po\u0161alji\"  onclick=\"this.disabled=true; this.value='\u0160alje se...'; this.form.submit();\" \/> \n<\/div>\n\n<input type=\"hidden\" name=\"fscf_submitted\" value=\"0\" \/>\n<input type=\"hidden\" name=\"fs_postonce_4\" value=\"94f84e6bdd132a6951af76b4808a049b,1775396246\" \/>\n<input type=\"hidden\" name=\"si_contact_action\" value=\"send\" \/>\n<input type=\"hidden\" name=\"form_id\" value=\"4\" \/>\n<input type=\"hidden\" name=\"mailto_id\" value=\"1\" \/>\n\n<\/form>\n<\/div>\r\n<div style=\"clear:both;\"><\/div>\n\r\n<style type=\"text\/css\">\r\n\r\n\/* Placeholder Style - WebKit browsers - Safari, Chrome *\/\r\n::-webkit-input-placeholder { opacity:0.6; color:#333333; }\r\n\r\n\/* Placeholder Style - Mozilla Firefox 4 - 18 *\/\r\n:-moz-placeholder { opacity:0.6; color:#333333; }\r\n\r\n\/* Placeholder Style - Mozilla Firefox 19+ *\/\r\n::-moz-placeholder { opacity:0.6; color:#333333; }\r\n\r\n\/* Placeholder Style - Internet Explorer 10+ *\/\r\n:-ms-input-placeholder { opacity:0.6; color:#333333; }\r\n\r\n<\/style>\r\n\n<!-- Fast Secure Contact Form plugin 4.0.52 - end - FastSecureContactForm.com -->\n\n<p>&nbsp;<\/p>\n<h3>GLOMAZNI OTPAD:<\/h3>\n<p>Kada\/Tu\u0161 kada\/Sauna; Krevet\/Podnica; Umivaonik; Madrac\/Nadmadrac; Pregrada za tu\u0161\/Nosa\u010d zavjese; \u0160ank\/Radna povr\u0161ina; WC \u0161koljka\/Daska; Prozor\/Grilje\/Prozorski okvir; Auto sjedalice za djecu; Vrata; Igra\u010dke; Okvir za slike\/Zidni sat; Dje\u010dja kolica\/Hodalica; Kuhinjski elementi; Tepih; Sudoper; Laminat\/Parket\/Linoleum; Vrtni alat; Ormar\/Komoda; Vrtni namje\u0161taj; Polica; Ljulja\u010dka\/Suncobran; Stol\/Klupa\/Stolac; Ro\u0161tilj\/Re\u0161etke; Stolica\/Barska stolica; Rolete\/\u017daluzine\/Tende\/Zavjese; Fotelja\/Naslonja\u010d\/Tabure; Ljestve\/Samostoje\u0107e stepenice; Kau\u010d; Invalidska kolica; Oprema za ku\u0107ne ljubimce; Radijator; Sprave za vje\u017ebanje; Daska za gla\u010danje\/Stalak za su\u0161enje<\/p>\n<h3>NAPOMENA<\/h3>\n<p>Uz glomazni otpad ne odla\u017eite:<\/p>\n<ul>\n<li>Opasan otpad (kemikalije, boje i lakove, motorna i jestiva ulja, predmete koji sadr\u017ee azbest),<\/li>\n<li>Otpad kojim se gospodari na drugi na\u010din (gume, vozila, baterije i akumulatori, elektri\u010dni i elektroni\u010dki ure\u0111aji),<\/li>\n<li>Gra\u0111evinski otpad (\u0161uta).<\/li>\n<\/ul>\n<p>&nbsp;<\/p>\n<h3>GRA\u0110EVINSKI OTPAD IZ KU\u0106ANSTVA:<\/h3>\n<p>\u0160uta; Crijep; Beton\/Gips; Cigle; Plo\u010dice\/Keramika; Izolacijski materijal (osim azbesta) i sl.<\/p>\n<p>&nbsp;<\/p>\n<p>1.MAJ d.o.o. sve osobne podatke prikupljene ovim putem koristi isklju\u010divo u svrhu po\u0161tivanja zakonskih propisa te ispunjavanja obaveza prema korisnicima. Vi\u0161e o za\u0161titi osobnih podataka mo\u017eete saznati na na\u0161oj web stranici u sekciji \u201eO nama\/Za\u0161tita osobnih podataka\u201c.<\/p>\n","protected":false},"excerpt":{"rendered":"<p>Na ovoj stranici mo\u017eete ispuniti obrazac kojim naru\u010dujete dostavu kontejnera volumena 5 m3 za glomazni otpad (primjeri glomaznog otpada navedeni su ni\u017ee na stranici). Na temelju pravilno ispunjenog obrasca, 1.MAJ dostavlja kontejner, preuzima ga i zbrinjava glomazni otpad, te isporu\u010duje ra\u010dun. Cjenik dostave ovog kontejnera mo\u017eete provjeriti klikom na sljede\u0107i link: Cjenik usluga. &nbsp; &nbsp; [&hellip;]<\/p>\n","protected":false},"author":1,"featured_media":14818,"parent":9103,"menu_order":0,"comment_status":"closed","ping_status":"closed","template":"","meta":[],"_links":{"self":[{"href":"https:\/\/prvimaj.hr\/index.php?rest_route=\/wp\/v2\/pages\/9105"}],"collection":[{"href":"https:\/\/prvimaj.hr\/index.php?rest_route=\/wp\/v2\/pages"}],"about":[{"href":"https:\/\/prvimaj.hr\/index.php?rest_route=\/wp\/v2\/types\/page"}],"author":[{"embeddable":true,"href":"https:\/\/prvimaj.hr\/index.php?rest_route=\/wp\/v2\/users\/1"}],"replies":[{"embeddable":true,"href":"https:\/\/prvimaj.hr\/index.php?rest_route=%2Fwp%2Fv2%2Fcomments&post=9105"}],"version-history":[{"count":11,"href":"https:\/\/prvimaj.hr\/index.php?rest_route=\/wp\/v2\/pages\/9105\/revisions"}],"predecessor-version":[{"id":11525,"href":"https:\/\/prvimaj.hr\/index.php?rest_route=\/wp\/v2\/pages\/9105\/revisions\/11525"}],"up":[{"embeddable":true,"href":"https:\/\/prvimaj.hr\/index.php?rest_route=\/wp\/v2\/pages\/9103"}],"wp:featuredmedia":[{"embeddable":true,"href":"https:\/\/prvimaj.hr\/index.php?rest_route=\/wp\/v2\/media\/14818"}],"wp:attachment":[{"href":"https:\/\/prvimaj.hr\/index.php?rest_route=%2Fwp%2Fv2%2Fmedia&parent=9105"}],"curies":[{"name":"wp","href":"https:\/\/api.w.org\/{rel}","templated":true}]}}