{"id":9109,"date":"2020-01-15T12:27:32","date_gmt":"2020-01-15T11:27:32","guid":{"rendered":"http:\/\/prvimaj.hr\/?page_id=9109"},"modified":"2026-01-15T09:46:15","modified_gmt":"2026-01-15T08:46:15","slug":"ostali-obrasci","status":"publish","type":"page","link":"https:\/\/prvimaj.hr\/?page_id=9109","title":{"rendered":"Ostali obrasci"},"content":{"rendered":"<p>Na ovoj stranici mo\u017eete prona\u0107i <span style=\"color: #ff0000;\"><strong>razli\u010dite obrasce<\/strong><\/span> 1.MAJ-a d.o.o. Svi podaci koje prikupljamo putem obrazaca slu\u017ee isklju\u010divo za pru\u017eanje \u0161to bolje usluge i ispunjavanju zahtjeva. Obrasci se preuzimaju klikom na podebljani tekst kraj ikona. Trenutno su na ovoj stranici dostupni obrazac zahtjeva za pristup informacijama, obrasci prijave novog korisnika, obrazac zahtjeva za izmjenu spremnika za mije\u0161ani komunalni otpad (promjena volumena) i obrazac prijave kandidata za posao.<\/p>\n<p><img src=\"https:\/\/prvimaj.hr\/wp-content\/uploads\/2015\/11\/pdfAttach2.png\" alt=\"pdfAttach\" \/>\u00a0 <strong><a href=\"https:\/\/prvimaj.hr\/wp-content\/uploads\/2020\/01\/Obrazac-zahtjeva-za-pristup-informacijama.pdf\" target=\"_blank\" rel=\"noopener\">Obrazac zahtjeva za pristup informacijama<\/a><\/strong><\/p>\n<p><img src=\"https:\/\/prvimaj.hr\/wp-content\/uploads\/2015\/11\/pdfAttach2.png\" alt=\"pdfAttach\" \/>\u00a0 <a href=\"https:\/\/prvimaj.hr\/wp-content\/uploads\/2026\/01\/Zahtjev-izmjene-spremnika-MKO-2026.pdf\" target=\"_blank\" rel=\"noopener\"><strong>Obrazac zahtjeva za izmjenu spremnika za mije\u0161ani komunalni otpad (promjena volumena)<\/strong><\/a><\/p>\n<p><img src=\"https:\/\/prvimaj.hr\/wp-content\/uploads\/2015\/11\/pdfAttach2.png\" alt=\"pdfAttach\" \/> <a href=\"https:\/\/prvimaj.hr\/wp-content\/uploads\/2026\/01\/Obrazac-za-fizicke-osobe_2026.pdf\" target=\"_blank\" rel=\"noopener\"><strong>Obrazac prijave novog korisnika (fizi\u010dke osobe)<\/strong><\/a><\/p>\n<p><img src=\"https:\/\/prvimaj.hr\/wp-content\/uploads\/2015\/11\/pdfAttach2.png\" alt=\"pdfAttach\" \/> <a href=\"https:\/\/prvimaj.hr\/wp-content\/uploads\/2026\/01\/Obrazac-za-pravne-osobe_2026.pdf\" target=\"_blank\" rel=\"noopener\"><strong>Obrazac prijave novog korisnika (pravne osobe i obrti)<\/strong><\/a><\/p>\n<p><img src=\"https:\/\/prvimaj.hr\/wp-content\/uploads\/2015\/11\/pdfAttach2.png\" alt=\"pdfAttach\" \/>\u00a0 <a href=\"https:\/\/prvimaj.hr\/wp-content\/uploads\/2021\/01\/Obrazac-prijave-kandidata.docx\" target=\"_blank\" rel=\"noopener\"><strong>Obrazac prijave kandidata za posao<\/strong><\/a>*<\/p>\n<p>* Ovakav obrazac nije obavezan jer zaprimamo bilo koju formu \u017eivotopisa i molbe, ovo je samo mogu\u0107nost na raspolaganju osobama zainteresiranima za slanje prijave za posao 1.MAJ-u d.o.o. Op\u0107enito gledaju\u0107i, u 1.MAJ-u neki su poslovi \u010desto dostupni, bilo za ugovore na neodre\u0111eno ili pak na odre\u0111eno (sezonski). U takve poslove spadaju poslovi voza\u010da, sabira\u010da otpada, pometa\u010da, vrtlara i grobara. Za takve poslove smo posebno zainteresirani primati otvorene molbe i izvan natje\u010dajnih postupaka. Slobodno se javite na info@prvimaj.hr ili po\u0161tom na adresu Vine\u017e 81, 52220 Labin. Nudimo redovita primanja, minimalno \u010detiri tjedna plus dva dana godi\u0161njeg odmora godi\u0161nje, te razne beneficije poput regresa, solidarne pomo\u0107i, darova u naravi, osposobljavanja, naknade za prijevoz i sl. Eventualna aktivna otvorena radna mjesta vidljiva su: <a href=\"https:\/\/prvimaj.hr\/?page_id=19076\" target=\"_blank\" rel=\"noopener\"><strong>OVDJE<\/strong><\/a>.<\/p>\n<hr \/>\n<p><span style=\"color: #ff0000;\"><strong>Dodatna mogu\u0107nost<\/strong><\/span> koju 1.MAJ nudi je i pla\u0107anje putem SEPA izravnog tere\u0107enja. Naime, na taj na\u010din 1.MAJ brine o automatskoj naplati sa va\u0161eg teku\u0107eg ra\u010duna, i to to\u010dnog iznosa koji je potreban. Vi\u0161e o tome pro\u010ditajte klikom\u00a0<strong><span style=\"color: #ff0000;\"><a style=\"color: #ff0000;\" href=\"https:\/\/prvimaj.hr\/?p=11200\" target=\"_blank\" rel=\"noopener\">OVDJE<\/a><\/span><\/strong>.<\/p>\n","protected":false},"excerpt":{"rendered":"<p>Na ovoj stranici mo\u017eete prona\u0107i razli\u010dite obrasce 1.MAJ-a d.o.o. Svi podaci koje prikupljamo putem obrazaca slu\u017ee isklju\u010divo za pru\u017eanje \u0161to bolje usluge i ispunjavanju zahtjeva. Obrasci se preuzimaju klikom na podebljani tekst kraj ikona. Trenutno su na ovoj stranici dostupni obrazac zahtjeva za pristup informacijama, obrasci prijave novog korisnika, obrazac zahtjeva za izmjenu spremnika za [&hellip;]<\/p>\n","protected":false},"author":1,"featured_media":14818,"parent":9103,"menu_order":0,"comment_status":"closed","ping_status":"closed","template":"","meta":[],"_links":{"self":[{"href":"https:\/\/prvimaj.hr\/index.php?rest_route=\/wp\/v2\/pages\/9109"}],"collection":[{"href":"https:\/\/prvimaj.hr\/index.php?rest_route=\/wp\/v2\/pages"}],"about":[{"href":"https:\/\/prvimaj.hr\/index.php?rest_route=\/wp\/v2\/types\/page"}],"author":[{"embeddable":true,"href":"https:\/\/prvimaj.hr\/index.php?rest_route=\/wp\/v2\/users\/1"}],"replies":[{"embeddable":true,"href":"https:\/\/prvimaj.hr\/index.php?rest_route=%2Fwp%2Fv2%2Fcomments&post=9109"}],"version-history":[{"count":23,"href":"https:\/\/prvimaj.hr\/index.php?rest_route=\/wp\/v2\/pages\/9109\/revisions"}],"predecessor-version":[{"id":25005,"href":"https:\/\/prvimaj.hr\/index.php?rest_route=\/wp\/v2\/pages\/9109\/revisions\/25005"}],"up":[{"embeddable":true,"href":"https:\/\/prvimaj.hr\/index.php?rest_route=\/wp\/v2\/pages\/9103"}],"wp:featuredmedia":[{"embeddable":true,"href":"https:\/\/prvimaj.hr\/index.php?rest_route=\/wp\/v2\/media\/14818"}],"wp:attachment":[{"href":"https:\/\/prvimaj.hr\/index.php?rest_route=%2Fwp%2Fv2%2Fmedia&parent=9109"}],"curies":[{"name":"wp","href":"https:\/\/api.w.org\/{rel}","templated":true}]}}